{"id":1215,"date":"2022-03-15T17:26:48","date_gmt":"2022-03-15T16:26:48","guid":{"rendered":"https:\/\/www.mixaco.com\/es\/industrie-schutzzaun\/"},"modified":"2024-10-14T11:09:37","modified_gmt":"2024-10-14T09:09:37","slug":"valla-de-seguridad","status":"publish","type":"page","link":"https:\/\/www.mixaco.com\/es\/accesorios-para-mezcladoras\/valla-de-seguridad\/","title":{"rendered":"Valla de seguridad"},"content":{"rendered":"\n<div class=\"wp-block-mix-blocks-sub-header mix-subheader\"><div class=\"container\"><div class=\"row\"><div class=\"col-12\"><h1>Valla de seguridad MIXACO<\/h1><div class=\"mix-subheader__button\"><a href=\"\/es\/forma-de-contacto\/\" class=\"btn btn--primary \"><span>Pedir accesorios<\/span><\/a><\/div><\/div><\/div><\/div><\/div>\n\n\n\n<div class=\"wp-block-mix-blocks-key-visual-text key-visual key-visual-animate-background\" style=\"background-image:url(https:\/\/www.mixaco.com\/es\/wp-content\/uploads\/sites\/3\/2022\/12\/Mezclador-accesorios-valla-de-seguridad-hero.webp);height:70vh\"><div class=\"container-fluid\"><div class=\"row\"><div class=\"key-visual__content\">\n<h2 class=\"wp-block-heading has-text-align-center\" id=\"h-\"><\/h2>\n\n\n\n<h2 class=\"wp-block-heading has-text-align-center has-gray-color has-text-color\" id=\"h-\"><\/h2>\n<\/div><\/div><\/div><div style=\"background-image:url(https:\/\/www.mixaco.com\/es\/wp-content\/uploads\/sites\/3\/2022\/12\/Mezclador-accesorios-valla-de-seguridad-hero.webp)\" class=\"key-visual__image\"><\/div><\/div>\n\n\n<div class=\"wp-bootstrap-blocks-container container-fluid mb-0 container-section\">\n\t\n<div class=\"wp-bootstrap-blocks-container container mb-2\">\n\t\n<div class=\"wp-bootstrap-blocks-row row d-flex justify-content-center\">\n\t\n\n<div class=\"col-12 col-sm-12 col-md-8 col-lg-7 col-xl-6\">\n\t\t\t\n\n<h2 class=\"wp-block-heading\" id=\"block-c1a5266b-b36d-4f83-bff4-61fa9e58e44f\">M\u00e1xima seguridad en el trabajo para mezcladoras industriales. <span class=\"light\">Vallas de seguridad ajustables seg\u00fan los est\u00e1ndares de seguridad. <\/span><\/h2>\n\n\n<div class=\"wp-bootstrap-blocks-row row\">\n\t\n\n<div class=\"col-12 col-sm-12 col-md-12 col-lg-12 col-xl-6 hide-tablet\">\n\t\t\t\n\n<p>Las vallas de seguridad adecuadas para mezcladoras industriales MIXACO garantizan una seguridad \u00f3ptima. Las vallas de seguridad para m\u00e1quinas cumplen la norma EN ISO 13857 y son f\u00e1ciles de montar. <\/p>\n\n\t<\/div>\n\n\n\n<div class=\"col-12 col-sm-12 col-md-12 col-lg-12 col-xl-6 hide-tablet\">\n\t\t\t\n\n<p>Las puertas y cortinas fotoel\u00e9ctricas adecuadas, de apertura manual, el\u00e9ctrica o neum\u00e1tica, pueden estar equipadas con diferentes cerraduras e interruptores de seguridad. <\/p>\n\n\t<\/div>\n\n<\/div>\n\n\n\n<p class=\"hide-desktop\">Las vallas de seguridad adecuadas para mezcladoras industriales MIXACO garantizan una seguridad \u00f3ptima. Las vallas de seguridad para m\u00e1quinas cumplen la norma EN ISO 13857 y son f\u00e1ciles de montar.<\/p>\n\n\n\n<p class=\"hide-desktop\">Las puertas y cortinas fotoel\u00e9ctricas adecuadas, de apertura manual, el\u00e9ctrica o neum\u00e1tica, pueden estar equipadas con diferentes cerraduras e interruptores de seguridad.<\/p>\n\n\n\n<div class=\"wp-block-mix-blocks-made-in-germany mix-image-made  hide-desktop\" style=\"height:40px;margin:0 0 0 0\"><img decoding=\"async\" src=\"https:\/\/www.mixaco.com\/es\/wp-content\/uploads\/sites\/3\/2022\/12\/Mixaco-fabricado-en-alemania-bandera.svg\" class=\"mix-image-made__image\" style=\"height:40px\"\/><\/div>\n\n\n\n<a href=\"#ausfuehrungen\" class=\"wp-block-mix-blocks-button btn  btnu002du002dround btn--round\" style=\"margin:60px 0 0 0\"><span>Ver funciones y modelos<\/span><\/a>\n\n\t<\/div>\n\n\n\n<div class=\"col-12\">\n\t\t\t\n\n<div class=\"wp-block-mix-blocks-made-in-germany mix-image-made position-absolute hide-tablet\" style=\"height:40px;margin:0 0 0 0\"><img decoding=\"async\" src=\"https:\/\/www.mixaco.com\/es\/wp-content\/uploads\/sites\/3\/2022\/12\/Mixaco-fabricado-en-alemania-bandera.svg\" class=\"mix-image-made__image\" style=\"height:40px\"\/><\/div>\n\n\t<\/div>\n\n<\/div>\n\n<\/div>\n\n<\/div>\n\n\n\n<span id=\"ausfuehrungen\" class=\"hidden-anker\" class=\"wp-block-mix-blocks-anker\"><\/span>\n\n\n<div class=\"wp-bootstrap-blocks-container container-fluid mb-0 container-section light\">\n\t\n<div class=\"wp-bootstrap-blocks-container container mb-2\">\n\t\n<div class=\"wp-bootstrap-blocks-row row justify-content-center\">\n\t\n\n<div class=\"col-12 col-sm-12 col-md-10\">\n\t\t\t\n<div class=\"wp-bootstrap-blocks-row row\">\n\t\n\n<div class=\"col-6 col-sm-6 col-md-6 col-lg-4 mb-md-5\">\n\t\t\t\n\n<div class=\"wp-block-mix-blocks-icon mix-icon\"><div class=\"mix-icon__wrapper\"><div class=\"mix-icon__image\"><img decoding=\"async\" src=\"https:\/\/www.mixaco.com\/es\/wp-content\/uploads\/sites\/3\/2022\/12\/servicio-installacion-in-situ-ico.svg\"\/><\/div><div class=\"mix-icon__content\">Est\u00e1ndar de seguridad conforme a la norma EN ISO 13857<\/div><\/div><\/div>\n\n\t<\/div>\n\n\n\n<div class=\"col-6 col-sm-6 col-md-6 col-lg-4\">\n\t\t\t\n\n<div class=\"wp-block-mix-blocks-icon mix-icon\"><div class=\"mix-icon__wrapper\"><div class=\"mix-icon__image\"><img decoding=\"async\" src=\"https:\/\/www.mixaco.com\/es\/wp-content\/uploads\/sites\/3\/2022\/12\/Mixaco-mezcladores-industriales-control-innovativo-rendimiento-ico.svg\"\/><\/div><div class=\"mix-icon__content\">Inspecci\u00f3n \u00f3ptima de las m\u00e1quinas<\/div><\/div><\/div>\n\n\t<\/div>\n\n\n\n<div class=\"col-6 col-sm-6 col-md-6 col-lg-4\">\n\t\t\t\n\n<div class=\"wp-block-mix-blocks-icon mix-icon\"><div class=\"mix-icon__wrapper\"><div class=\"mix-icon__image\"><img decoding=\"async\" src=\"https:\/\/www.mixaco.com\/es\/wp-content\/uploads\/sites\/3\/2022\/12\/Mixaco-mezcladores-industriales-configuracion-herramientas-ico.svg\"\/><\/div><div class=\"mix-icon__content\">Se adaptan individualmente a todas las mezcladoras MIXACO<\/div><\/div><\/div>\n\n\t<\/div>\n\n\n\n<div class=\"col-6 col-sm-6 col-md-6 col-lg-4\">\n\t\t\t\n\n<div class=\"wp-block-mix-blocks-icon mix-icon\"><div class=\"mix-icon__wrapper\"><div class=\"mix-icon__image\"><img decoding=\"async\" src=\"https:\/\/www.mixaco.com\/es\/wp-content\/uploads\/sites\/3\/2022\/12\/Mixaco-mezcladores-industriales-procesos-automatizados-ico.svg\"\/><\/div><div class=\"mix-icon__content\">Puertas de apertura manual, el\u00e9ctrica o neum\u00e1tica<\/div><\/div><\/div>\n\n\t<\/div>\n\n\n\n<div class=\"col-6 col-sm-6 col-md-6 col-lg-4\">\n\t\t\t\n\n<div class=\"wp-block-mix-blocks-icon mix-icon\"><div class=\"mix-icon__wrapper\"><div class=\"mix-icon__image\"><img decoding=\"async\" src=\"https:\/\/www.mixaco.com\/es\/wp-content\/uploads\/sites\/3\/2022\/12\/Mixaco-mezcladores-industriales-todos-procesos-aplicaciones-ico.svg\"\/><\/div><div class=\"mix-icon__content\">Cerraduras de puerta con sensores, dispositivos antip\u00e1nico, cilindro de bloqueo o pestillos<\/div><\/div><\/div>\n\n\t<\/div>\n\n\n\n<div class=\"col-6 col-sm-6 col-md-6 col-lg-4\">\n\t\t\t\n\n<div class=\"wp-block-mix-blocks-icon mix-icon\"><div class=\"mix-icon__wrapper\"><div class=\"mix-icon__image\"><img decoding=\"async\" src=\"https:\/\/www.mixaco.com\/es\/wp-content\/uploads\/sites\/3\/2022\/12\/Mixaco-mezcladores-industriales-adecuado-ico.svg\"\/><\/div><div class=\"mix-icon__content\">Fabricaci\u00f3n especial de cerramientos de protecci\u00f3n y vallas de seguridad incluso para ubicaciones angostas<\/div><\/div><\/div>\n\n\t<\/div>\n\n<\/div>\n\n\t<\/div>\n\n<\/div>\n\n<\/div>\n\n<\/div>\n\n\n\n<div class=\"wp-block-mix-blocks-section container-fluid mix-section\" style=\"background-image:url(https:\/\/www.mixaco.com\/es\/wp-content\/uploads\/sites\/3\/2025\/01\/mixaco-team.webp);height:100vh;background-color:\"><div class=\"wp-bootstrap-blocks-container container mb-0\">\n\t\n<div class=\"wp-bootstrap-blocks-row row has-white-color has-text-color\">\n\t\n\n<div class=\"col-12 col-sm-12 col-md-6\">\n\t\t\t\n\n<h2 class=\"wp-block-heading has-white-color has-text-color\" id=\"h-conozca-las-mezcladoras-industriales-de-mixaco-pongase-en-contacto-con-nosotros\">Conozca las mezcladoras industriales de MIXACO.<span class=\"light\"> P\u00f3ngase en contacto con nosotros.<\/span><\/h2>\n\n\t<\/div>\n\n\n\n<div class=\"col-12 col-sm-12 col-md-7\">\n\t\t\t\n\n<a href=\"\/es\/forma-de-contacto\/\" class=\"wp-block-mix-blocks-button btn\" style=\"margin:0 0 0 0\"><span>Ir al formulario de contacto<\/span><\/a>\n\n\t<\/div>\n\n<\/div>\n\n<\/div>\n<\/div>\n","protected":false},"excerpt":{"rendered":"","protected":false},"author":4,"featured_media":0,"parent":1217,"menu_order":1,"comment_status":"closed","ping_status":"closed","template":"","meta":{"_searchwp_excluded":"","inline_featured_image":false,"kk_blocks_editor_width":"","_kiokenblocks_attr":"","_kiokenblocks_dimensions":"","_vp_format_video_url":"","_vp_image_focal_point":[],"editor_notices":[],"footnotes":""},"class_list":["post-1215","page","type-page","status-publish","hentry"],"yoast_head":"<!-- This site is optimized with the Yoast SEO Premium plugin v27.4 (Yoast SEO v27.4) - https:\/\/yoast.com\/product\/yoast-seo-premium-wordpress\/ -->\n<title>Vallas de seguridad para mezcladoras industriales | MIXACO Espa\u00f1ol<\/title>\n<meta name=\"description\" content=\"M\u00e1xima seguridad en el trabajo para mezcladoras industriales. Vallas de seguridad ajustables seg\u00fan los est\u00e1ndares de seguridad.\" \/>\n<meta name=\"robots\" content=\"index, follow, max-snippet:-1, max-image-preview:large, max-video-preview:-1\" \/>\n<link rel=\"canonical\" href=\"https:\/\/www.mixaco.com\/es\/accesorios-para-mezcladoras\/valla-de-seguridad\/\" \/>\n<meta property=\"og:locale\" content=\"en_US\" \/>\n<meta property=\"og:type\" content=\"article\" \/>\n<meta property=\"og:title\" content=\"Valla de seguridad\" \/>\n<meta property=\"og:description\" content=\"M\u00e1xima seguridad en el trabajo para mezcladoras industriales. Vallas de seguridad ajustables seg\u00fan los est\u00e1ndares de seguridad.\" \/>\n<meta property=\"og:url\" content=\"https:\/\/www.mixaco.com\/es\/accesorios-para-mezcladoras\/valla-de-seguridad\/\" \/>\n<meta property=\"og:site_name\" content=\"MIXACO Espa\u00f1ol\" \/>\n<meta property=\"article:modified_time\" content=\"2024-10-14T09:09:37+00:00\" \/>\n<meta property=\"og:image\" content=\"https:\/\/www.mixaco.com\/es\/wp-content\/uploads\/sites\/3\/2022\/12\/Mixaco-fabricado-en-alemania-bandera.svg\" \/>\n<meta name=\"twitter:card\" content=\"summary_large_image\" \/>\n<script type=\"application\/ld+json\" class=\"yoast-schema-graph\">{\"@context\":\"https:\\\/\\\/schema.org\",\"@graph\":[{\"@type\":\"WebPage\",\"@id\":\"https:\\\/\\\/www.mixaco.com\\\/es\\\/accesorios-para-mezcladoras\\\/valla-de-seguridad\\\/\",\"url\":\"https:\\\/\\\/www.mixaco.com\\\/es\\\/accesorios-para-mezcladoras\\\/valla-de-seguridad\\\/\",\"name\":\"Vallas de seguridad para mezcladoras industriales | MIXACO Espa\u00f1ol\",\"isPartOf\":{\"@id\":\"https:\\\/\\\/www.mixaco.com\\\/es\\\/#website\"},\"primaryImageOfPage\":{\"@id\":\"https:\\\/\\\/www.mixaco.com\\\/es\\\/accesorios-para-mezcladoras\\\/valla-de-seguridad\\\/#primaryimage\"},\"image\":{\"@id\":\"https:\\\/\\\/www.mixaco.com\\\/es\\\/accesorios-para-mezcladoras\\\/valla-de-seguridad\\\/#primaryimage\"},\"thumbnailUrl\":\"https:\\\/\\\/www.mixaco.com\\\/es\\\/wp-content\\\/uploads\\\/sites\\\/3\\\/2022\\\/12\\\/Mixaco-fabricado-en-alemania-bandera.svg\",\"datePublished\":\"2022-03-15T16:26:48+00:00\",\"dateModified\":\"2024-10-14T09:09:37+00:00\",\"description\":\"M\u00e1xima seguridad en el trabajo para mezcladoras industriales. Vallas de seguridad ajustables seg\u00fan los est\u00e1ndares de seguridad.\",\"breadcrumb\":{\"@id\":\"https:\\\/\\\/www.mixaco.com\\\/es\\\/accesorios-para-mezcladoras\\\/valla-de-seguridad\\\/#breadcrumb\"},\"inLanguage\":\"en-US\",\"potentialAction\":[{\"@type\":\"ReadAction\",\"target\":[\"https:\\\/\\\/www.mixaco.com\\\/es\\\/accesorios-para-mezcladoras\\\/valla-de-seguridad\\\/\"]}]},{\"@type\":\"ImageObject\",\"inLanguage\":\"en-US\",\"@id\":\"https:\\\/\\\/www.mixaco.com\\\/es\\\/accesorios-para-mezcladoras\\\/valla-de-seguridad\\\/#primaryimage\",\"url\":\"https:\\\/\\\/www.mixaco.com\\\/es\\\/wp-content\\\/uploads\\\/sites\\\/3\\\/2022\\\/12\\\/Mixaco-fabricado-en-alemania-bandera.svg\",\"contentUrl\":\"https:\\\/\\\/www.mixaco.com\\\/es\\\/wp-content\\\/uploads\\\/sites\\\/3\\\/2022\\\/12\\\/Mixaco-fabricado-en-alemania-bandera.svg\"},{\"@type\":\"BreadcrumbList\",\"@id\":\"https:\\\/\\\/www.mixaco.com\\\/es\\\/accesorios-para-mezcladoras\\\/valla-de-seguridad\\\/#breadcrumb\",\"itemListElement\":[{\"@type\":\"ListItem\",\"position\":1,\"name\":\"Inicio\",\"item\":\"https:\\\/\\\/www.mixaco.com\\\/es\\\/\"},{\"@type\":\"ListItem\",\"position\":2,\"name\":\"Accesorios para mezcladoras\",\"item\":\"https:\\\/\\\/www.mixaco.com\\\/es\\\/accesorios-para-mezcladoras\\\/\"},{\"@type\":\"ListItem\",\"position\":3,\"name\":\"Valla de seguridad\"}]},{\"@type\":\"WebSite\",\"@id\":\"https:\\\/\\\/www.mixaco.com\\\/es\\\/#website\",\"url\":\"https:\\\/\\\/www.mixaco.com\\\/es\\\/\",\"name\":\"MIXACO Espa\u00f1ol\",\"description\":\"Mezcladoras industriales del l\u00edder en innovaci\u00f3n\",\"publisher\":{\"@id\":\"https:\\\/\\\/www.mixaco.com\\\/es\\\/#organization\"},\"potentialAction\":[{\"@type\":\"SearchAction\",\"target\":{\"@type\":\"EntryPoint\",\"urlTemplate\":\"https:\\\/\\\/www.mixaco.com\\\/es\\\/?s={search_term_string}\"},\"query-input\":{\"@type\":\"PropertyValueSpecification\",\"valueRequired\":true,\"valueName\":\"search_term_string\"}}],\"inLanguage\":\"en-US\"},{\"@type\":\"Organization\",\"@id\":\"https:\\\/\\\/www.mixaco.com\\\/es\\\/#organization\",\"name\":\"MIXACO Maschinenbau Dr. Herfeld GmbH & Co. KG\",\"url\":\"https:\\\/\\\/www.mixaco.com\\\/es\\\/\",\"logo\":{\"@type\":\"ImageObject\",\"inLanguage\":\"en-US\",\"@id\":\"https:\\\/\\\/www.mixaco.com\\\/es\\\/#\\\/schema\\\/logo\\\/image\\\/\",\"url\":\"https:\\\/\\\/www.mixaco.com\\\/es\\\/wp-content\\\/uploads\\\/sites\\\/3\\\/2024\\\/11\\\/mixaco-logo.svg\",\"contentUrl\":\"https:\\\/\\\/www.mixaco.com\\\/es\\\/wp-content\\\/uploads\\\/sites\\\/3\\\/2024\\\/11\\\/mixaco-logo.svg\",\"caption\":\"MIXACO Maschinenbau Dr. Herfeld GmbH & Co. KG\"},\"image\":{\"@id\":\"https:\\\/\\\/www.mixaco.com\\\/es\\\/#\\\/schema\\\/logo\\\/image\\\/\"},\"sameAs\":[\"https:\\\/\\\/www.linkedin.com\\\/company\\\/mixaco-maschinenbau\\\/\",\"https:\\\/\\\/www.youtube.com\\\/@mixaco\\\/videos\"]}]}<\/script>\n<!-- \/ Yoast SEO Premium plugin. -->","yoast_head_json":{"title":"Vallas de seguridad para mezcladoras industriales | MIXACO Espa\u00f1ol","description":"M\u00e1xima seguridad en el trabajo para mezcladoras industriales. Vallas de seguridad ajustables seg\u00fan los est\u00e1ndares de seguridad.","robots":{"index":"index","follow":"follow","max-snippet":"max-snippet:-1","max-image-preview":"max-image-preview:large","max-video-preview":"max-video-preview:-1"},"canonical":"https:\/\/www.mixaco.com\/es\/accesorios-para-mezcladoras\/valla-de-seguridad\/","og_locale":"en_US","og_type":"article","og_title":"Valla de seguridad","og_description":"M\u00e1xima seguridad en el trabajo para mezcladoras industriales. Vallas de seguridad ajustables seg\u00fan los est\u00e1ndares de seguridad.","og_url":"https:\/\/www.mixaco.com\/es\/accesorios-para-mezcladoras\/valla-de-seguridad\/","og_site_name":"MIXACO Espa\u00f1ol","article_modified_time":"2024-10-14T09:09:37+00:00","og_image":[{"url":"https:\/\/www.mixaco.com\/es\/wp-content\/uploads\/sites\/3\/2022\/12\/Mixaco-fabricado-en-alemania-bandera.svg","type":"","width":"","height":""}],"twitter_card":"summary_large_image","schema":{"@context":"https:\/\/schema.org","@graph":[{"@type":"WebPage","@id":"https:\/\/www.mixaco.com\/es\/accesorios-para-mezcladoras\/valla-de-seguridad\/","url":"https:\/\/www.mixaco.com\/es\/accesorios-para-mezcladoras\/valla-de-seguridad\/","name":"Vallas de seguridad para mezcladoras industriales | MIXACO Espa\u00f1ol","isPartOf":{"@id":"https:\/\/www.mixaco.com\/es\/#website"},"primaryImageOfPage":{"@id":"https:\/\/www.mixaco.com\/es\/accesorios-para-mezcladoras\/valla-de-seguridad\/#primaryimage"},"image":{"@id":"https:\/\/www.mixaco.com\/es\/accesorios-para-mezcladoras\/valla-de-seguridad\/#primaryimage"},"thumbnailUrl":"https:\/\/www.mixaco.com\/es\/wp-content\/uploads\/sites\/3\/2022\/12\/Mixaco-fabricado-en-alemania-bandera.svg","datePublished":"2022-03-15T16:26:48+00:00","dateModified":"2024-10-14T09:09:37+00:00","description":"M\u00e1xima seguridad en el trabajo para mezcladoras industriales. Vallas de seguridad ajustables seg\u00fan los est\u00e1ndares de seguridad.","breadcrumb":{"@id":"https:\/\/www.mixaco.com\/es\/accesorios-para-mezcladoras\/valla-de-seguridad\/#breadcrumb"},"inLanguage":"en-US","potentialAction":[{"@type":"ReadAction","target":["https:\/\/www.mixaco.com\/es\/accesorios-para-mezcladoras\/valla-de-seguridad\/"]}]},{"@type":"ImageObject","inLanguage":"en-US","@id":"https:\/\/www.mixaco.com\/es\/accesorios-para-mezcladoras\/valla-de-seguridad\/#primaryimage","url":"https:\/\/www.mixaco.com\/es\/wp-content\/uploads\/sites\/3\/2022\/12\/Mixaco-fabricado-en-alemania-bandera.svg","contentUrl":"https:\/\/www.mixaco.com\/es\/wp-content\/uploads\/sites\/3\/2022\/12\/Mixaco-fabricado-en-alemania-bandera.svg"},{"@type":"BreadcrumbList","@id":"https:\/\/www.mixaco.com\/es\/accesorios-para-mezcladoras\/valla-de-seguridad\/#breadcrumb","itemListElement":[{"@type":"ListItem","position":1,"name":"Inicio","item":"https:\/\/www.mixaco.com\/es\/"},{"@type":"ListItem","position":2,"name":"Accesorios para mezcladoras","item":"https:\/\/www.mixaco.com\/es\/accesorios-para-mezcladoras\/"},{"@type":"ListItem","position":3,"name":"Valla de seguridad"}]},{"@type":"WebSite","@id":"https:\/\/www.mixaco.com\/es\/#website","url":"https:\/\/www.mixaco.com\/es\/","name":"MIXACO Espa\u00f1ol","description":"Mezcladoras industriales del l\u00edder en innovaci\u00f3n","publisher":{"@id":"https:\/\/www.mixaco.com\/es\/#organization"},"potentialAction":[{"@type":"SearchAction","target":{"@type":"EntryPoint","urlTemplate":"https:\/\/www.mixaco.com\/es\/?s={search_term_string}"},"query-input":{"@type":"PropertyValueSpecification","valueRequired":true,"valueName":"search_term_string"}}],"inLanguage":"en-US"},{"@type":"Organization","@id":"https:\/\/www.mixaco.com\/es\/#organization","name":"MIXACO Maschinenbau Dr. Herfeld GmbH & Co. KG","url":"https:\/\/www.mixaco.com\/es\/","logo":{"@type":"ImageObject","inLanguage":"en-US","@id":"https:\/\/www.mixaco.com\/es\/#\/schema\/logo\/image\/","url":"https:\/\/www.mixaco.com\/es\/wp-content\/uploads\/sites\/3\/2024\/11\/mixaco-logo.svg","contentUrl":"https:\/\/www.mixaco.com\/es\/wp-content\/uploads\/sites\/3\/2024\/11\/mixaco-logo.svg","caption":"MIXACO Maschinenbau Dr. Herfeld GmbH & Co. KG"},"image":{"@id":"https:\/\/www.mixaco.com\/es\/#\/schema\/logo\/image\/"},"sameAs":["https:\/\/www.linkedin.com\/company\/mixaco-maschinenbau\/","https:\/\/www.youtube.com\/@mixaco\/videos"]}]}},"_links":{"self":[{"href":"https:\/\/www.mixaco.com\/es\/wp-json\/wp\/v2\/pages\/1215","targetHints":{"allow":["GET"]}}],"collection":[{"href":"https:\/\/www.mixaco.com\/es\/wp-json\/wp\/v2\/pages"}],"about":[{"href":"https:\/\/www.mixaco.com\/es\/wp-json\/wp\/v2\/types\/page"}],"author":[{"embeddable":true,"href":"https:\/\/www.mixaco.com\/es\/wp-json\/wp\/v2\/users\/4"}],"replies":[{"embeddable":true,"href":"https:\/\/www.mixaco.com\/es\/wp-json\/wp\/v2\/comments?post=1215"}],"version-history":[{"count":1,"href":"https:\/\/www.mixaco.com\/es\/wp-json\/wp\/v2\/pages\/1215\/revisions"}],"predecessor-version":[{"id":2655,"href":"https:\/\/www.mixaco.com\/es\/wp-json\/wp\/v2\/pages\/1215\/revisions\/2655"}],"up":[{"embeddable":true,"href":"https:\/\/www.mixaco.com\/es\/wp-json\/wp\/v2\/pages\/1217"}],"wp:attachment":[{"href":"https:\/\/www.mixaco.com\/es\/wp-json\/wp\/v2\/media?parent=1215"}],"curies":[{"name":"wp","href":"https:\/\/api.w.org\/{rel}","templated":true}]}}