{"id":1218,"date":"2022-03-04T09:34:52","date_gmt":"2022-03-04T08:34:52","guid":{"rendered":"https:\/\/www.mixaco.com\/es\/beschickungsstation\/"},"modified":"2024-10-14T11:08:54","modified_gmt":"2024-10-14T09:08:54","slug":"estaciones-de-carga","status":"publish","type":"page","link":"https:\/\/www.mixaco.com\/es\/accesorios-para-mezcladoras\/estaciones-de-carga\/","title":{"rendered":"Estaciones de carga"},"content":{"rendered":"\n<div class=\"wp-block-mix-blocks-sub-header mix-subheader\"><div class=\"container\"><div class=\"row\"><div class=\"col-12\"><h1>Estaciones de carga MIXACO<\/h1><div class=\"mix-subheader__button\"><a href=\"\/es\/forma-de-contacto\/\" class=\"btn btn--primary \"><span>Pedir accesorios<\/span><\/a><\/div><\/div><\/div><\/div><\/div>\n\n\n\n<div class=\"wp-block-mix-blocks-key-visual-text key-visual key-visual-animate-background\" style=\"background-image:url(https:\/\/www.mixaco.com\/es\/wp-content\/uploads\/sites\/3\/2022\/12\/Mezclador-accesorios-estacion-mesa-de-carga-hero.webp);height:70vh\"><div class=\"container-fluid\"><div class=\"row\"><div class=\"key-visual__content\">\n<h2 class=\"wp-block-heading has-text-align-center\" id=\"h-\"><\/h2>\n\n\n\n<h2 class=\"wp-block-heading has-text-align-center has-gray-color has-text-color\" id=\"h-\"><\/h2>\n<\/div><\/div><\/div><div style=\"background-image:url(https:\/\/www.mixaco.com\/es\/wp-content\/uploads\/sites\/3\/2022\/12\/Mezclador-accesorios-estacion-mesa-de-carga-hero.webp)\" class=\"key-visual__image\"><\/div><\/div>\n\n\n<div class=\"wp-bootstrap-blocks-container container-fluid mb-0 container-section\">\n\t\n<div class=\"wp-bootstrap-blocks-container container mb-2\">\n\t\n<div class=\"wp-bootstrap-blocks-row row d-flex justify-content-center\">\n\t\n\n<div class=\"col-12 col-sm-12 col-md-8 col-lg-7 col-xl-6\">\n\t\t\t\n\n<h2 class=\"wp-block-heading\" id=\"block-c1a5266b-b36d-4f83-bff4-61fa9e58e44f\">Llenado sin polvo de contenedores de mezclado.&nbsp;<span class=\"light\">Carga manual, semiautom\u00e1tica o autom\u00e1tica.<\/span><\/h2>\n\n\n<div class=\"wp-bootstrap-blocks-row row\">\n\t\n\n<div class=\"col-12 col-sm-12 col-md-12 col-lg-12 col-xl-6 hide-tablet\">\n\t\t\t\n\n<p>El accesorio de carga sirve para llenar, sin polvo, el contenedor de mezclado MIXACO con materias primas.<\/p>\n\n\t<\/div>\n\n\n\n<div class=\"col-12 col-sm-12 col-md-12 col-lg-12 col-xl-6 hide-tablet\">\n\t\t\t\n\n<p>En combinaci\u00f3n con b\u00e1sculas de suelo o sistemas de dosificaci\u00f3n se puede conseguir una carga autom\u00e1tica, semiautom\u00e1tica o manual.<\/p>\n\n\t<\/div>\n\n<\/div>\n\n\n\n<p class=\"hide-desktop\">El accesorio de carga sirve para llenar, sin polvo, el contenedor de mezclado con materias primas.<\/p>\n\n\n\n<p class=\"hide-desktop\">En combinaci\u00f3n con b\u00e1sculas de suelo o sistemas de dosificaci\u00f3n se puede conseguir una carga autom\u00e1tica, semiautom\u00e1tica o manual.<\/p>\n\n\n\n<div class=\"wp-block-mix-blocks-made-in-germany mix-image-made  hide-desktop\" style=\"height:40px;margin:0 0 0 0\"><img decoding=\"async\" src=\"https:\/\/www.mixaco.com\/es\/wp-content\/uploads\/sites\/3\/2022\/12\/Mixaco-fabricado-en-alemania-bandera.svg\" class=\"mix-image-made__image\" style=\"height:40px\"\/><\/div>\n\n\n\n<a href=\"#ausfuehrungen\" class=\"wp-block-mix-blocks-button btn  btnu002du002dround btn--round\" style=\"margin:60px 0 0 0\"><span>Mostrar detalles<\/span><\/a>\n\n\t<\/div>\n\n\n\n<div class=\"col-12\">\n\t\t\t\n\n<div class=\"wp-block-mix-blocks-made-in-germany mix-image-made position-absolute hide-tablet\" style=\"height:40px;margin:0 0 0 0\"><img decoding=\"async\" src=\"https:\/\/www.mixaco.com\/es\/wp-content\/uploads\/sites\/3\/2022\/12\/Mixaco-fabricado-en-alemania-bandera.svg\" class=\"mix-image-made__image\" style=\"height:40px\"\/><\/div>\n\n\t<\/div>\n\n<\/div>\n\n<\/div>\n\n<\/div>\n\n\n<div class=\"wp-bootstrap-blocks-container container-fluid mb-0 container-section light\">\n\t\n<div class=\"wp-bootstrap-blocks-container container mb-2\">\n\t\n<div class=\"wp-bootstrap-blocks-row row justify-content-center\">\n\t\n\n<div class=\"col-12 col-sm-12 col-md-10\">\n\t\t\t\n<div class=\"wp-bootstrap-blocks-row row\">\n\t\n\n<div class=\"col-6 col-sm-6 col-md-6 col-lg-4 mb-md-5\">\n\t\t\t\n\n<div class=\"wp-block-mix-blocks-icon mix-icon\"><div class=\"mix-icon__wrapper\"><div class=\"mix-icon__image\"><img decoding=\"async\" src=\"https:\/\/www.mixaco.com\/es\/wp-content\/uploads\/sites\/3\/2022\/12\/Mixaco-mezcladores-industriales-todos-procesos-aplicaciones-ico.svg\"\/><\/div><div class=\"mix-icon__content\">Integraci\u00f3n sin complicaciones en sus procesos<\/div><\/div><\/div>\n\n\t<\/div>\n\n\n\n<div class=\"col-6 col-sm-6 col-md-6 col-lg-4\">\n\t\t\t\n\n<div class=\"wp-block-mix-blocks-icon mix-icon\"><div class=\"mix-icon__wrapper\"><div class=\"mix-icon__image\"><img decoding=\"async\" src=\"https:\/\/www.mixaco.com\/es\/wp-content\/uploads\/sites\/3\/2022\/12\/Mixaco-mezcladores-industriales-proteccion-contra-polvo-ico.svg\"\/><\/div><div class=\"mix-icon__content\">Manejo sin polvo<\/div><\/div><\/div>\n\n\t<\/div>\n\n\n\n<div class=\"col-6 col-sm-6 col-md-6 col-lg-4\">\n\t\t\t\n\n<div class=\"wp-block-mix-blocks-icon mix-icon\"><div class=\"mix-icon__wrapper\"><div class=\"mix-icon__image\"><img decoding=\"async\" src=\"https:\/\/www.mixaco.com\/es\/wp-content\/uploads\/sites\/3\/2022\/12\/Mixaco-mezcladores-industriales-adecuado-ico.svg\"\/><\/div><div class=\"mix-icon__content\">Tecnolog\u00eda robusta Made in Germany<\/div><\/div><\/div>\n\n\t<\/div>\n\n\n\n<div class=\"col-6 col-sm-6 col-md-6 col-lg-4\">\n\t\t\t\n\n<div class=\"wp-block-mix-blocks-icon mix-icon\"><div class=\"mix-icon__wrapper\"><div class=\"mix-icon__image\"><img decoding=\"async\" src=\"https:\/\/www.mixaco.com\/es\/wp-content\/uploads\/sites\/3\/2022\/12\/Mixaco-mezcladores-industriales-descarga-100-por-cien-ico.svg\"\/><\/div><div class=\"mix-icon__content\">Combinaci\u00f3n con b\u00e1sculas de suelo o sistemas de dosificaci\u00f3n <\/div><\/div><\/div>\n\n\t<\/div>\n\n\n\n<div class=\"col-6 col-sm-6 col-md-6 col-lg-4\">\n\t\t\t\n\n<div class=\"wp-block-mix-blocks-icon mix-icon\"><div class=\"mix-icon__wrapper\"><div class=\"mix-icon__image\"><img decoding=\"async\" src=\"https:\/\/www.mixaco.com\/es\/wp-content\/uploads\/sites\/3\/2022\/12\/Mixaco-mezcladores-industriales-control-innovativo-rendimiento-ico.svg\"\/><\/div><div class=\"mix-icon__content\">Posibilidad de carga totalmente autom\u00e1tica<\/div><\/div><\/div>\n\n\t<\/div>\n\n\n\n<div class=\"col-6 col-sm-6 col-md-6 col-lg-4\">\n\t\t\t\n\n<div class=\"wp-block-mix-blocks-icon mix-icon\"><div class=\"mix-icon__wrapper\"><div class=\"mix-icon__image\"><img decoding=\"async\" src=\"https:\/\/www.mixaco.com\/es\/wp-content\/uploads\/sites\/3\/2022\/12\/Mixaco-mezcladores-industriales-mezclar-todo-ico.svg\"\/><\/div><div class=\"mix-icon__content\">Compatible con todos los contenedores mezcladores MIXACO<\/div><\/div><\/div>\n\n\t<\/div>\n\n<\/div>\n\n\t<\/div>\n\n<\/div>\n\n<\/div>\n\n<\/div>\n\n\n\n<span id=\"ausfuehrungen\" class=\"hidden-anker\" class=\"wp-block-mix-blocks-anker\"><\/span>\n\n\n<div class=\"wp-bootstrap-blocks-container container-fluid mb-2 container-section\">\n\t\n<div class=\"wp-bootstrap-blocks-container container mb-2\">\n\t\n<div class=\"wp-bootstrap-blocks-row row justify-content-center\">\n\t\n\n<div class=\"col-12 col-sm-12 col-md-8 col-lg-6\">\n\t\t\t\n\n<div class=\"wp-block-cwp-block-slider\"><div id=\"cwp_id-cb1d2bd4-2743-4766-83ff-16b5c6a0a429\" class=\"cwp_block_slider cwp-preview\"><div class=\"cwp-block-slider-main  \" style=\"display:flex;flex-direction:column\" data-slick=\"{&quot;arrows&quot;:false,&quot;autoplay&quot;:false,&quot;autoplaySpeed&quot;:1000,&quot;slidesToShow&quot;:1,&quot;adaptiveHeight&quot;:false,&quot;slidesToScroll&quot;:1,&quot;draggable&quot;:true,&quot;dots&quot;:false,&quot;centerMode&quot;:false,&quot;easing&quot;:&quot;ease-in&quot;,&quot;speed&quot;:500,&quot;centerPadding&quot;:&quot;20px&quot;,&quot;vertical&quot;:false}\" data-custom=\"{&quot;navigation&quot;:true}\">\n<div class=\"wp-block-cwp-block-slide cwp_slider_wrap Slide cwp-slide\" id=\"cwp_slider_wrap2\" style=\"display:flex;flex-direction:column;justify-content:center;border-radius:0px 0px 0px 0px;opacity:1;background-color:rgba(255 , 255 , 255 , 0);padding:0px 0px 0px 0px;min-height:500px;background-image:;background-position-x:0.5px;background-position-y:0.5px\"><div class=\"cwp_inner_content\" style=\"z-index:999;width:100%\"><div class=\"wp-bootstrap-blocks-row row\">\n\t\n\n<div class=\"col-12 col-md-12 px-1\">\n\t\t\t\n<div class=\"wp-bootstrap-blocks-row row\">\n\t\n\n<div class=\"col-12 col-md-12\">\n\t\t\t\n\n<div class=\"wp-block-mix-blocks-bild mix-image\" style=\"background-image:url(https:\/\/www.mixaco.com\/es\/wp-content\/uploads\/sites\/3\/2022\/12\/Mixaco-estacion-de-carga-mezclador-industrial-de-contenedores.webp);height:300px;background-size:cover\"><\/div>\n\n\t<\/div>\n\n\n\n<div class=\"col-12 col-md-12\">\n\t\t\t\n\n<h2 class=\"wp-block-heading mb-4 mb-md-4\">Estaci\u00f3n de <span class=\"light\">carga<\/span><\/h2>\n\n\n\n<p>La estaci\u00f3n de carga sirve para llenar, sin polvo, el contenedor de mezclado con materias primas.<\/p>\n\n\t<\/div>\n\n\n\n<div class=\"col-12 col-md-6\">\n\t\t\t\n\n<ul class=\"wp-block-list\">\n<li>Cierre del contenedor<\/li>\n\n\n\n<li>Dispositivo de sujeci\u00f3n de la tapa<\/li>\n<\/ul>\n\n\t<\/div>\n\n\n\n<div class=\"col-12 col-sm-12 col-md-6\">\n\t\t\t\n\n<ul id=\"block-f49c439a-dc78-4428-8220-8a43e0312bf7\" class=\"wp-block-list\">\n<li>B\u00e1scula de suelo (opcional)<\/li>\n\n\n\n<li>Tolva de alimentaci\u00f3n (opcional)<\/li>\n<\/ul>\n\n\t<\/div>\n\n<\/div>\n\n\t<\/div>\n\n<\/div>\n<\/div><\/div>\n\n\n\n<div class=\"wp-block-cwp-block-slide cwp_slider_wrap Slide cwp-slide\" id=\"cwp_slider_wrap1\" style=\"display:flex;flex-direction:column;justify-content:center;border-radius:0px 0px 0px 0px;opacity:1;background-color:rgba(255 , 255 , 255 , 0);padding:0px 0px 0px 0px;min-height:500px;background-image:;background-position-x:0.5px;background-position-y:0.5px\"><div class=\"cwp_inner_content\" style=\"z-index:999;width:100%\"><div class=\"wp-bootstrap-blocks-row row\">\n\t\n\n<div class=\"col-12 col-md-12 px-1\">\n\t\t\t\n<div class=\"wp-bootstrap-blocks-row row\">\n\t\n\n<div class=\"col-12 col-md-12\">\n\t\t\t\n\n<div class=\"wp-block-mix-blocks-bild mix-image\" style=\"background-image:url(https:\/\/www.mixaco.com\/es\/wp-content\/uploads\/sites\/3\/2022\/12\/Mixaco-mesa-de-carga-mezclador-industrial-de-contenedores-2.webp);height:300px;background-size:cover\"><\/div>\n\n\t<\/div>\n\n\n\n<div class=\"col-12 col-md-12\">\n\t\t\t\n\n<h2 class=\"wp-block-heading mb-4 mb-md-4\">Mesa de <span class=\"light\">carga<\/span><\/h2>\n\n\n\n<p>La mesa de carga est\u00e1 dise\u00f1ada para llenar contenedores manualmente. El llenado puede controlarse a trav\u00e9s de una b\u00e1scula de plataforma o de conteo de piezas (opcional) en combinaci\u00f3n con un terminal de pesaje. Un sistema de aspiraci\u00f3n garantiza un llenado sin polvo del contenedor.<\/p>\n\n\n\n<p>La mesa de carga est\u00e1 equipada con una abertura de llenado del contenedor y una tapa de segmento abatible con conexi\u00f3n al sistema de aspiraci\u00f3n dispuesto por parte del cliente. El volumen de suministro tambi\u00e9n incluye una tapa de llenado con acoplamiento neum\u00e1tico al contenedor para un llenado sin polvo, as\u00ed como una unidad de mando. A la superficie de trabajo se accede mediante un escal\u00f3n.<\/p>\n\n\t<\/div>\n\n<\/div>\n\n\t<\/div>\n\n<\/div>\n<\/div><\/div>\n<\/div><button class=\"cwp-block-prev\"><span class=\"dashicons dashicons-arrow-left-alt2\"><\/span><\/button><button class=\"cwp-block-next\"><span class=\"dashicons dashicons-arrow-right-alt2\"><\/span><\/button><div><style>#cwp_id-cb1d2bd4-2743-4766-83ff-16b5c6a0a429.cwp-preview .cwp-block-next { background-color: #333333;border-all: 0px solid white;border-bottom: 0px solid white;border-left: 0px solid white;border-radius: 7px 7px 7px 7px;border-right: 0px solid white;border-top: 0px solid white;box-shadow:  0px 0px 0px 0px rgba(63 , 42 , 42 , 1);color:#fff;margin:0px 0px 0px 0px;opacity:1;padding:20px 10px 20px 10px;right:0%;top:50%;transform:translateY(-50%); }#cwp_id-cb1d2bd4-2743-4766-83ff-16b5c6a0a429.cwp-preview .slick-slide { margin:; }#cwp_id-cb1d2bd4-2743-4766-83ff-16b5c6a0a429.cwp-preview .cwp-block-prev { background-color: #333333;border-all: 0px solid white;border-bottom: 0px solid white;border-left: 0px solid white;border-radius: 7px 7px 7px 7px;border-right: 0px solid white;border-top: 0px solid white;box-shadow:  0px 0px 0px 0px rgba(63 , 42 , 42 , 1);color:#fff;margin:0px 0px 0px 0px;opacity:1;padding:20px 10px 20px 10px;left:0%;top:50%;transform:translateY(-50%); }#cwp_id-cb1d2bd4-2743-4766-83ff-16b5c6a0a429.cwp-preview .cwp-block-slider-pagin { border-radius: 15px 15px 15px 15px;opacity:1;background-color: #333333;padding:6px 6px 6px 6px;margin:0px 8px 0px 0px;box-shadow:  0px 0px 0px 0px rgba(63 , 42 , 42 , 1);border-all: 0px solid white;border-top: 0px solid white;border-right: 0px solid white;border-bottom: 0px solid white;border-left: 0px solid white; }#cwp_id-cb1d2bd4-2743-4766-83ff-16b5c6a0a429.cwp-preview .cwp-block-slider-pagin:hover { background-color: #5b5858; }#cwp_id-cb1d2bd4-2743-4766-83ff-16b5c6a0a429.cwp-preview .slick-active .cwp-block-slider-pagin { border-radius: 15px 15px 15px 15px;opacity:1;background-color: #5b5858;padding:6px 6px 6px 6px;margin:0px 8px 0px 0px;box-shadow:  0px 0px 0px 0px rgba(63 , 42 , 42 , 1);border-all: 0px solid white;border-top: 0px solid white;border-right: 0px solid white;border-bottom: 0px solid white;border-left: 0px solid white; }#cwp_id-cb1d2bd4-2743-4766-83ff-16b5c6a0a429.cwp-preview .cwp-block-next:hover { background-color: #5b5858; }#cwp_id-cb1d2bd4-2743-4766-83ff-16b5c6a0a429.cwp-preview .cwp-block-prev:hover { background-color: #5b5858; }#cwp_id-cb1d2bd4-2743-4766-83ff-16b5c6a0a429.cwp-preview .cwp-block-prev span.dashicons { width:20px;height:20px;font-size: 20px; }#cwp_id-cb1d2bd4-2743-4766-83ff-16b5c6a0a429.cwp-preview .cwp-block-prev span.cwp_nav_label { font-size: 20px; }#cwp_id-cb1d2bd4-2743-4766-83ff-16b5c6a0a429.cwp-preview .cwp-block-next span.dashicons { width:20px;height:20px;font-size: 20px; }#cwp_id-cb1d2bd4-2743-4766-83ff-16b5c6a0a429.cwp-preview .cwp-block-next span.cwp_nav_label { font-size: 20px; }#cwp_id-cb1d2bd4-2743-4766-83ff-16b5c6a0a429.cwp-preview { border-radius: 0px 0px 0px 0px;opacity:1;background-color: rgba(255 , 255 , 255 , 0);color:grey;padding:0px 0px 0px 0px;margin:0px 0px 0px 0px;box-shadow:  0px 0px 0px 0px rgba(63 , 42 , 42 , 1);border-all: 0px solid white;border-top: 0px solid white;border-right: 0px solid white;border-bottom: 0px solid white;border-left: 0px solid white; }#cwp_id-cb1d2bd4-2743-4766-83ff-16b5c6a0a429.cwp-preview { min-height: 400px !important; }#cwp_id-cb1d2bd4-2743-4766-83ff-16b5c6a0a429.cwp-preview .cwp_slider_wrap { min-height: 400px !important; }#cwp_id-cb1d2bd4-2743-4766-83ff-16b5c6a0a429.cwp-preview .slick-dots { left:50%;bottom:0%;transform:rotate(0deg) translateX(-50%); }<\/style><\/div><style><\/style><script><\/script><\/div><\/div>\n\n\t<\/div>\n\n<\/div>\n\n<\/div>\n\n<\/div>\n\n\n\n<span id=\"produktvorteile\" class=\"hidden-anker\" class=\"wp-block-mix-blocks-anker\"><\/span>\n\n\n\n<div class=\"wp-block-mix-blocks-section container-fluid mix-section\" style=\"background-image:url(https:\/\/www.mixaco.com\/es\/wp-content\/uploads\/sites\/3\/2025\/01\/mixaco-team.webp);height:100vh;background-color:\"><div class=\"wp-bootstrap-blocks-container container mb-0\">\n\t\n<div class=\"wp-bootstrap-blocks-row row has-white-color has-text-color\">\n\t\n\n<div class=\"col-12 col-sm-12 col-md-6\">\n\t\t\t\n\n<h2 class=\"wp-block-heading has-white-color has-text-color\" id=\"h-conozca-las-mezcladoras-industriales-de-mixaco-pongase-en-contacto-con-nosotros\">Conozca las mezcladoras industriales de MIXACO.<span class=\"light\"> P\u00f3ngase en contacto con nosotros.<\/span><\/h2>\n\n\t<\/div>\n\n\n\n<div class=\"col-12 col-sm-12 col-md-7\">\n\t\t\t\n\n<a href=\"\/es\/forma-de-contacto\/\" class=\"wp-block-mix-blocks-button btn\" style=\"margin:0 0 0 0\"><span>Ir al formulario de contacto<\/span><\/a>\n\n\t<\/div>\n\n<\/div>\n\n<\/div>\n<\/div>\n","protected":false},"excerpt":{"rendered":"","protected":false},"author":4,"featured_media":0,"parent":1217,"menu_order":1,"comment_status":"closed","ping_status":"closed","template":"","meta":{"_searchwp_excluded":"","inline_featured_image":false,"kk_blocks_editor_width":"","_kiokenblocks_attr":"","_kiokenblocks_dimensions":"","_vp_format_video_url":"","_vp_image_focal_point":[],"editor_notices":[],"footnotes":""},"class_list":["post-1218","page","type-page","status-publish","hentry"],"yoast_head":"<!-- This site is optimized with the Yoast SEO Premium plugin v27.4 (Yoast SEO v27.4) - https:\/\/yoast.com\/product\/yoast-seo-premium-wordpress\/ -->\n<title>Estaciones de carga para mezcladoras industriales MIXACO | MIXACO Espa\u00f1ol<\/title>\n<meta name=\"description\" content=\"Llenado sin polvo de recipientes de mezclado. Carga manual, semiautom\u00e1tica o autom\u00e1tica.\" \/>\n<meta name=\"robots\" content=\"index, follow, max-snippet:-1, max-image-preview:large, max-video-preview:-1\" \/>\n<link rel=\"canonical\" href=\"https:\/\/www.mixaco.com\/es\/accesorios-para-mezcladoras\/estaciones-de-carga\/\" \/>\n<meta property=\"og:locale\" content=\"en_US\" \/>\n<meta property=\"og:type\" content=\"article\" \/>\n<meta property=\"og:title\" content=\"Estaciones de carga\" \/>\n<meta property=\"og:description\" content=\"Llenado sin polvo de recipientes de mezclado. Carga manual, semiautom\u00e1tica o autom\u00e1tica.\" \/>\n<meta property=\"og:url\" content=\"https:\/\/www.mixaco.com\/es\/accesorios-para-mezcladoras\/estaciones-de-carga\/\" \/>\n<meta property=\"og:site_name\" content=\"MIXACO Espa\u00f1ol\" \/>\n<meta property=\"article:modified_time\" content=\"2024-10-14T09:08:54+00:00\" \/>\n<meta property=\"og:image\" content=\"https:\/\/www.mixaco.com\/es\/wp-content\/uploads\/sites\/3\/2022\/12\/Mixaco-fabricado-en-alemania-bandera.svg\" \/>\n<meta name=\"twitter:card\" content=\"summary_large_image\" \/>\n<script type=\"application\/ld+json\" class=\"yoast-schema-graph\">{\"@context\":\"https:\\\/\\\/schema.org\",\"@graph\":[{\"@type\":\"WebPage\",\"@id\":\"https:\\\/\\\/www.mixaco.com\\\/es\\\/accesorios-para-mezcladoras\\\/estaciones-de-carga\\\/\",\"url\":\"https:\\\/\\\/www.mixaco.com\\\/es\\\/accesorios-para-mezcladoras\\\/estaciones-de-carga\\\/\",\"name\":\"Estaciones de carga para mezcladoras industriales MIXACO | MIXACO Espa\u00f1ol\",\"isPartOf\":{\"@id\":\"https:\\\/\\\/www.mixaco.com\\\/es\\\/#website\"},\"primaryImageOfPage\":{\"@id\":\"https:\\\/\\\/www.mixaco.com\\\/es\\\/accesorios-para-mezcladoras\\\/estaciones-de-carga\\\/#primaryimage\"},\"image\":{\"@id\":\"https:\\\/\\\/www.mixaco.com\\\/es\\\/accesorios-para-mezcladoras\\\/estaciones-de-carga\\\/#primaryimage\"},\"thumbnailUrl\":\"https:\\\/\\\/www.mixaco.com\\\/es\\\/wp-content\\\/uploads\\\/sites\\\/3\\\/2022\\\/12\\\/Mixaco-fabricado-en-alemania-bandera.svg\",\"datePublished\":\"2022-03-04T08:34:52+00:00\",\"dateModified\":\"2024-10-14T09:08:54+00:00\",\"description\":\"Llenado sin polvo de recipientes de mezclado. Carga manual, semiautom\u00e1tica o autom\u00e1tica.\",\"breadcrumb\":{\"@id\":\"https:\\\/\\\/www.mixaco.com\\\/es\\\/accesorios-para-mezcladoras\\\/estaciones-de-carga\\\/#breadcrumb\"},\"inLanguage\":\"en-US\",\"potentialAction\":[{\"@type\":\"ReadAction\",\"target\":[\"https:\\\/\\\/www.mixaco.com\\\/es\\\/accesorios-para-mezcladoras\\\/estaciones-de-carga\\\/\"]}]},{\"@type\":\"ImageObject\",\"inLanguage\":\"en-US\",\"@id\":\"https:\\\/\\\/www.mixaco.com\\\/es\\\/accesorios-para-mezcladoras\\\/estaciones-de-carga\\\/#primaryimage\",\"url\":\"https:\\\/\\\/www.mixaco.com\\\/es\\\/wp-content\\\/uploads\\\/sites\\\/3\\\/2022\\\/12\\\/Mixaco-fabricado-en-alemania-bandera.svg\",\"contentUrl\":\"https:\\\/\\\/www.mixaco.com\\\/es\\\/wp-content\\\/uploads\\\/sites\\\/3\\\/2022\\\/12\\\/Mixaco-fabricado-en-alemania-bandera.svg\"},{\"@type\":\"BreadcrumbList\",\"@id\":\"https:\\\/\\\/www.mixaco.com\\\/es\\\/accesorios-para-mezcladoras\\\/estaciones-de-carga\\\/#breadcrumb\",\"itemListElement\":[{\"@type\":\"ListItem\",\"position\":1,\"name\":\"Inicio\",\"item\":\"https:\\\/\\\/www.mixaco.com\\\/es\\\/\"},{\"@type\":\"ListItem\",\"position\":2,\"name\":\"Accesorios para mezcladoras\",\"item\":\"https:\\\/\\\/www.mixaco.com\\\/es\\\/accesorios-para-mezcladoras\\\/\"},{\"@type\":\"ListItem\",\"position\":3,\"name\":\"Estaciones de carga\"}]},{\"@type\":\"WebSite\",\"@id\":\"https:\\\/\\\/www.mixaco.com\\\/es\\\/#website\",\"url\":\"https:\\\/\\\/www.mixaco.com\\\/es\\\/\",\"name\":\"MIXACO Espa\u00f1ol\",\"description\":\"Mezcladoras industriales del l\u00edder en innovaci\u00f3n\",\"publisher\":{\"@id\":\"https:\\\/\\\/www.mixaco.com\\\/es\\\/#organization\"},\"potentialAction\":[{\"@type\":\"SearchAction\",\"target\":{\"@type\":\"EntryPoint\",\"urlTemplate\":\"https:\\\/\\\/www.mixaco.com\\\/es\\\/?s={search_term_string}\"},\"query-input\":{\"@type\":\"PropertyValueSpecification\",\"valueRequired\":true,\"valueName\":\"search_term_string\"}}],\"inLanguage\":\"en-US\"},{\"@type\":\"Organization\",\"@id\":\"https:\\\/\\\/www.mixaco.com\\\/es\\\/#organization\",\"name\":\"MIXACO Maschinenbau Dr. Herfeld GmbH & Co. KG\",\"url\":\"https:\\\/\\\/www.mixaco.com\\\/es\\\/\",\"logo\":{\"@type\":\"ImageObject\",\"inLanguage\":\"en-US\",\"@id\":\"https:\\\/\\\/www.mixaco.com\\\/es\\\/#\\\/schema\\\/logo\\\/image\\\/\",\"url\":\"https:\\\/\\\/www.mixaco.com\\\/es\\\/wp-content\\\/uploads\\\/sites\\\/3\\\/2024\\\/11\\\/mixaco-logo.svg\",\"contentUrl\":\"https:\\\/\\\/www.mixaco.com\\\/es\\\/wp-content\\\/uploads\\\/sites\\\/3\\\/2024\\\/11\\\/mixaco-logo.svg\",\"caption\":\"MIXACO Maschinenbau Dr. Herfeld GmbH & Co. KG\"},\"image\":{\"@id\":\"https:\\\/\\\/www.mixaco.com\\\/es\\\/#\\\/schema\\\/logo\\\/image\\\/\"},\"sameAs\":[\"https:\\\/\\\/www.linkedin.com\\\/company\\\/mixaco-maschinenbau\\\/\",\"https:\\\/\\\/www.youtube.com\\\/@mixaco\\\/videos\"]}]}<\/script>\n<!-- \/ Yoast SEO Premium plugin. -->","yoast_head_json":{"title":"Estaciones de carga para mezcladoras industriales MIXACO | MIXACO Espa\u00f1ol","description":"Llenado sin polvo de recipientes de mezclado. Carga manual, semiautom\u00e1tica o autom\u00e1tica.","robots":{"index":"index","follow":"follow","max-snippet":"max-snippet:-1","max-image-preview":"max-image-preview:large","max-video-preview":"max-video-preview:-1"},"canonical":"https:\/\/www.mixaco.com\/es\/accesorios-para-mezcladoras\/estaciones-de-carga\/","og_locale":"en_US","og_type":"article","og_title":"Estaciones de carga","og_description":"Llenado sin polvo de recipientes de mezclado. Carga manual, semiautom\u00e1tica o autom\u00e1tica.","og_url":"https:\/\/www.mixaco.com\/es\/accesorios-para-mezcladoras\/estaciones-de-carga\/","og_site_name":"MIXACO Espa\u00f1ol","article_modified_time":"2024-10-14T09:08:54+00:00","og_image":[{"url":"https:\/\/www.mixaco.com\/es\/wp-content\/uploads\/sites\/3\/2022\/12\/Mixaco-fabricado-en-alemania-bandera.svg","type":"","width":"","height":""}],"twitter_card":"summary_large_image","schema":{"@context":"https:\/\/schema.org","@graph":[{"@type":"WebPage","@id":"https:\/\/www.mixaco.com\/es\/accesorios-para-mezcladoras\/estaciones-de-carga\/","url":"https:\/\/www.mixaco.com\/es\/accesorios-para-mezcladoras\/estaciones-de-carga\/","name":"Estaciones de carga para mezcladoras industriales MIXACO | MIXACO Espa\u00f1ol","isPartOf":{"@id":"https:\/\/www.mixaco.com\/es\/#website"},"primaryImageOfPage":{"@id":"https:\/\/www.mixaco.com\/es\/accesorios-para-mezcladoras\/estaciones-de-carga\/#primaryimage"},"image":{"@id":"https:\/\/www.mixaco.com\/es\/accesorios-para-mezcladoras\/estaciones-de-carga\/#primaryimage"},"thumbnailUrl":"https:\/\/www.mixaco.com\/es\/wp-content\/uploads\/sites\/3\/2022\/12\/Mixaco-fabricado-en-alemania-bandera.svg","datePublished":"2022-03-04T08:34:52+00:00","dateModified":"2024-10-14T09:08:54+00:00","description":"Llenado sin polvo de recipientes de mezclado. Carga manual, semiautom\u00e1tica o autom\u00e1tica.","breadcrumb":{"@id":"https:\/\/www.mixaco.com\/es\/accesorios-para-mezcladoras\/estaciones-de-carga\/#breadcrumb"},"inLanguage":"en-US","potentialAction":[{"@type":"ReadAction","target":["https:\/\/www.mixaco.com\/es\/accesorios-para-mezcladoras\/estaciones-de-carga\/"]}]},{"@type":"ImageObject","inLanguage":"en-US","@id":"https:\/\/www.mixaco.com\/es\/accesorios-para-mezcladoras\/estaciones-de-carga\/#primaryimage","url":"https:\/\/www.mixaco.com\/es\/wp-content\/uploads\/sites\/3\/2022\/12\/Mixaco-fabricado-en-alemania-bandera.svg","contentUrl":"https:\/\/www.mixaco.com\/es\/wp-content\/uploads\/sites\/3\/2022\/12\/Mixaco-fabricado-en-alemania-bandera.svg"},{"@type":"BreadcrumbList","@id":"https:\/\/www.mixaco.com\/es\/accesorios-para-mezcladoras\/estaciones-de-carga\/#breadcrumb","itemListElement":[{"@type":"ListItem","position":1,"name":"Inicio","item":"https:\/\/www.mixaco.com\/es\/"},{"@type":"ListItem","position":2,"name":"Accesorios para mezcladoras","item":"https:\/\/www.mixaco.com\/es\/accesorios-para-mezcladoras\/"},{"@type":"ListItem","position":3,"name":"Estaciones de carga"}]},{"@type":"WebSite","@id":"https:\/\/www.mixaco.com\/es\/#website","url":"https:\/\/www.mixaco.com\/es\/","name":"MIXACO Espa\u00f1ol","description":"Mezcladoras industriales del l\u00edder en innovaci\u00f3n","publisher":{"@id":"https:\/\/www.mixaco.com\/es\/#organization"},"potentialAction":[{"@type":"SearchAction","target":{"@type":"EntryPoint","urlTemplate":"https:\/\/www.mixaco.com\/es\/?s={search_term_string}"},"query-input":{"@type":"PropertyValueSpecification","valueRequired":true,"valueName":"search_term_string"}}],"inLanguage":"en-US"},{"@type":"Organization","@id":"https:\/\/www.mixaco.com\/es\/#organization","name":"MIXACO Maschinenbau Dr. Herfeld GmbH & Co. KG","url":"https:\/\/www.mixaco.com\/es\/","logo":{"@type":"ImageObject","inLanguage":"en-US","@id":"https:\/\/www.mixaco.com\/es\/#\/schema\/logo\/image\/","url":"https:\/\/www.mixaco.com\/es\/wp-content\/uploads\/sites\/3\/2024\/11\/mixaco-logo.svg","contentUrl":"https:\/\/www.mixaco.com\/es\/wp-content\/uploads\/sites\/3\/2024\/11\/mixaco-logo.svg","caption":"MIXACO Maschinenbau Dr. Herfeld GmbH & Co. KG"},"image":{"@id":"https:\/\/www.mixaco.com\/es\/#\/schema\/logo\/image\/"},"sameAs":["https:\/\/www.linkedin.com\/company\/mixaco-maschinenbau\/","https:\/\/www.youtube.com\/@mixaco\/videos"]}]}},"_links":{"self":[{"href":"https:\/\/www.mixaco.com\/es\/wp-json\/wp\/v2\/pages\/1218","targetHints":{"allow":["GET"]}}],"collection":[{"href":"https:\/\/www.mixaco.com\/es\/wp-json\/wp\/v2\/pages"}],"about":[{"href":"https:\/\/www.mixaco.com\/es\/wp-json\/wp\/v2\/types\/page"}],"author":[{"embeddable":true,"href":"https:\/\/www.mixaco.com\/es\/wp-json\/wp\/v2\/users\/4"}],"replies":[{"embeddable":true,"href":"https:\/\/www.mixaco.com\/es\/wp-json\/wp\/v2\/comments?post=1218"}],"version-history":[{"count":2,"href":"https:\/\/www.mixaco.com\/es\/wp-json\/wp\/v2\/pages\/1218\/revisions"}],"predecessor-version":[{"id":2653,"href":"https:\/\/www.mixaco.com\/es\/wp-json\/wp\/v2\/pages\/1218\/revisions\/2653"}],"up":[{"embeddable":true,"href":"https:\/\/www.mixaco.com\/es\/wp-json\/wp\/v2\/pages\/1217"}],"wp:attachment":[{"href":"https:\/\/www.mixaco.com\/es\/wp-json\/wp\/v2\/media?parent=1218"}],"curies":[{"name":"wp","href":"https:\/\/api.w.org\/{rel}","templated":true}]}}