{"id":1224,"date":"2022-10-04T13:43:11","date_gmt":"2022-10-04T11:43:11","guid":{"rendered":"https:\/\/www.mixaco.com\/es\/erfolgreich-mischer-test\/"},"modified":"2023-08-21T08:30:14","modified_gmt":"2023-08-21T06:30:14","slug":"correcto-prueba-de-mezcladora","status":"publish","type":"page","link":"https:\/\/www.mixaco.com\/es\/correcto-prueba-de-mezcladora\/","title":{"rendered":"Correcto &#8211; Prueba de mezcladora"},"content":{"rendered":"<div class=\"wp-bootstrap-blocks-container container-fluid mb-2 success__container inline\">\n\t\n<div class=\"wp-bootstrap-blocks-row row\">\n\t\n\n<div class=\"col-12 col-md-5\">\n\t\t\t\n\n<div class=\"wp-block-mix-blocks-section container-fluid mix-section\" style=\"background-image:url(https:\/\/www.mixaco.com\/es\/wp-content\/uploads\/sites\/3\/2022\/12\/cta-mixaco-contacto.webp);height:100vh;background-color:\">\n<h2 class=\"wp-block-heading has-text-align-center has-white-color has-text-color\" id=\"h-telefono-de-linea-directa-de-mixaco-07000-649226\">Tel\u00e9fono de l\u00ednea directa de MIXACO:<br>07000-649226<\/h2>\n<\/div>\n\n\t<\/div>\n\n\n\n<div class=\"col-12 col-md-6 align-items-center justify-content-center mb-5\">\n\t\t\t\n\n<figure class=\"wp-block-image size-large\"><img decoding=\"async\" src=\"https:\/\/www.mixaco.com\/wp-content\/uploads\/2021\/09\/konfiguration-erfolgreich.svg\" alt=\"\" class=\"wp-image-968\"\/><\/figure>\n\n\n\n<h2 class=\"wp-block-heading has-text-align-center\" id=\"h-solicitud-de-prueba-de-mezcladora-enviada\">Solicitud de prueba de mezcladora enviada<\/h2>\n\n\n\n<p class=\"has-text-align-center\">Muchas gracias por su solicitud de contacto. Hemos recibido su mensaje y nos pondremos en contacto con usted en la mayor brevedad posible.<\/p>\n\n\n\n<a href=\"\/es\/\" class=\"wp-block-mix-blocks-button btn  mt-3\" style=\"margin:0 0 0 0\"><span>Ir a la p\u00e1gina de inicio<\/span><\/a>\n\n\n\n<p><\/p>\n\n\t<\/div>\n\n<\/div>\n\n<\/div>\n","protected":false},"excerpt":{"rendered":"","protected":false},"author":4,"featured_media":0,"parent":0,"menu_order":0,"comment_status":"closed","ping_status":"closed","template":"","meta":{"_searchwp_excluded":"","inline_featured_image":false,"kk_blocks_editor_width":"","_kiokenblocks_attr":"","_kiokenblocks_dimensions":"","_vp_format_video_url":"","_vp_image_focal_point":[],"footnotes":""},"class_list":["post-1224","page","type-page","status-publish","hentry"],"yoast_head":"<!-- This site is optimized with the Yoast SEO Premium plugin v26.7 (Yoast SEO v26.7) - https:\/\/yoast.com\/wordpress\/plugins\/seo\/ -->\n<title>Correcto - Prueba de mezcladora - MIXACO Espa\u00f1ol<\/title>\n<meta name=\"robots\" content=\"index, follow, max-snippet:-1, max-image-preview:large, max-video-preview:-1\" \/>\n<link rel=\"canonical\" href=\"https:\/\/www.mixaco.com\/es\/correcto-prueba-de-mezcladora\/\" \/>\n<meta property=\"og:locale\" content=\"es_ES\" \/>\n<meta property=\"og:type\" content=\"article\" \/>\n<meta property=\"og:title\" content=\"Correcto - Prueba de mezcladora\" \/>\n<meta property=\"og:url\" content=\"https:\/\/www.mixaco.com\/es\/correcto-prueba-de-mezcladora\/\" \/>\n<meta property=\"og:site_name\" content=\"MIXACO Espa\u00f1ol\" \/>\n<meta property=\"article:modified_time\" content=\"2023-08-21T06:30:14+00:00\" \/>\n<meta property=\"og:image\" content=\"https:\/\/www.mixaco.com\/wp-content\/uploads\/2021\/09\/konfiguration-erfolgreich.svg\" \/>\n<meta name=\"twitter:card\" content=\"summary_large_image\" \/>\n<script type=\"application\/ld+json\" class=\"yoast-schema-graph\">{\"@context\":\"https:\/\/schema.org\",\"@graph\":[{\"@type\":\"WebPage\",\"@id\":\"https:\/\/www.mixaco.com\/es\/correcto-prueba-de-mezcladora\/\",\"url\":\"https:\/\/www.mixaco.com\/es\/correcto-prueba-de-mezcladora\/\",\"name\":\"Correcto - Prueba de mezcladora - MIXACO Espa\u00f1ol\",\"isPartOf\":{\"@id\":\"https:\/\/www.mixaco.com\/es\/#website\"},\"primaryImageOfPage\":{\"@id\":\"https:\/\/www.mixaco.com\/es\/correcto-prueba-de-mezcladora\/#primaryimage\"},\"image\":{\"@id\":\"https:\/\/www.mixaco.com\/es\/correcto-prueba-de-mezcladora\/#primaryimage\"},\"thumbnailUrl\":\"https:\/\/www.mixaco.com\/wp-content\/uploads\/2021\/09\/konfiguration-erfolgreich.svg\",\"datePublished\":\"2022-10-04T11:43:11+00:00\",\"dateModified\":\"2023-08-21T06:30:14+00:00\",\"breadcrumb\":{\"@id\":\"https:\/\/www.mixaco.com\/es\/correcto-prueba-de-mezcladora\/#breadcrumb\"},\"inLanguage\":\"es\",\"potentialAction\":[{\"@type\":\"ReadAction\",\"target\":[\"https:\/\/www.mixaco.com\/es\/correcto-prueba-de-mezcladora\/\"]}]},{\"@type\":\"ImageObject\",\"inLanguage\":\"es\",\"@id\":\"https:\/\/www.mixaco.com\/es\/correcto-prueba-de-mezcladora\/#primaryimage\",\"url\":\"https:\/\/www.mixaco.com\/wp-content\/uploads\/2021\/09\/konfiguration-erfolgreich.svg\",\"contentUrl\":\"https:\/\/www.mixaco.com\/wp-content\/uploads\/2021\/09\/konfiguration-erfolgreich.svg\"},{\"@type\":\"BreadcrumbList\",\"@id\":\"https:\/\/www.mixaco.com\/es\/correcto-prueba-de-mezcladora\/#breadcrumb\",\"itemListElement\":[{\"@type\":\"ListItem\",\"position\":1,\"name\":\"Inicio\",\"item\":\"https:\/\/www.mixaco.com\/es\/\"},{\"@type\":\"ListItem\",\"position\":2,\"name\":\"Correcto &#8211; Prueba de mezcladora\"}]},{\"@type\":\"WebSite\",\"@id\":\"https:\/\/www.mixaco.com\/es\/#website\",\"url\":\"https:\/\/www.mixaco.com\/es\/\",\"name\":\"MIXACO Espa\u00f1ol\",\"description\":\"Mezcladoras industriales del l\u00edder en innovaci\u00f3n\",\"publisher\":{\"@id\":\"https:\/\/www.mixaco.com\/es\/#organization\"},\"potentialAction\":[{\"@type\":\"SearchAction\",\"target\":{\"@type\":\"EntryPoint\",\"urlTemplate\":\"https:\/\/www.mixaco.com\/es\/?s={search_term_string}\"},\"query-input\":{\"@type\":\"PropertyValueSpecification\",\"valueRequired\":true,\"valueName\":\"search_term_string\"}}],\"inLanguage\":\"es\"},{\"@type\":\"Organization\",\"@id\":\"https:\/\/www.mixaco.com\/es\/#organization\",\"name\":\"MIXACO Maschinenbau Dr. Herfeld GmbH & Co. KG\",\"url\":\"https:\/\/www.mixaco.com\/es\/\",\"logo\":{\"@type\":\"ImageObject\",\"inLanguage\":\"es\",\"@id\":\"https:\/\/www.mixaco.com\/es\/#\/schema\/logo\/image\/\",\"url\":\"https:\/\/www.mixaco.com\/es\/wp-content\/uploads\/sites\/3\/2024\/11\/mixaco-logo.svg\",\"contentUrl\":\"https:\/\/www.mixaco.com\/es\/wp-content\/uploads\/sites\/3\/2024\/11\/mixaco-logo.svg\",\"caption\":\"MIXACO Maschinenbau Dr. Herfeld GmbH & Co. KG\"},\"image\":{\"@id\":\"https:\/\/www.mixaco.com\/es\/#\/schema\/logo\/image\/\"},\"sameAs\":[\"https:\/\/www.linkedin.com\/company\/mixaco-maschinenbau\/\",\"https:\/\/www.youtube.com\/@mixaco\/videos\"]}]}<\/script>\n<!-- \/ Yoast SEO Premium plugin. -->","yoast_head_json":{"title":"Correcto - Prueba de mezcladora - MIXACO Espa\u00f1ol","robots":{"index":"index","follow":"follow","max-snippet":"max-snippet:-1","max-image-preview":"max-image-preview:large","max-video-preview":"max-video-preview:-1"},"canonical":"https:\/\/www.mixaco.com\/es\/correcto-prueba-de-mezcladora\/","og_locale":"es_ES","og_type":"article","og_title":"Correcto - Prueba de mezcladora","og_url":"https:\/\/www.mixaco.com\/es\/correcto-prueba-de-mezcladora\/","og_site_name":"MIXACO Espa\u00f1ol","article_modified_time":"2023-08-21T06:30:14+00:00","og_image":[{"url":"https:\/\/www.mixaco.com\/wp-content\/uploads\/2021\/09\/konfiguration-erfolgreich.svg","type":"","width":"","height":""}],"twitter_card":"summary_large_image","schema":{"@context":"https:\/\/schema.org","@graph":[{"@type":"WebPage","@id":"https:\/\/www.mixaco.com\/es\/correcto-prueba-de-mezcladora\/","url":"https:\/\/www.mixaco.com\/es\/correcto-prueba-de-mezcladora\/","name":"Correcto - Prueba de mezcladora - MIXACO Espa\u00f1ol","isPartOf":{"@id":"https:\/\/www.mixaco.com\/es\/#website"},"primaryImageOfPage":{"@id":"https:\/\/www.mixaco.com\/es\/correcto-prueba-de-mezcladora\/#primaryimage"},"image":{"@id":"https:\/\/www.mixaco.com\/es\/correcto-prueba-de-mezcladora\/#primaryimage"},"thumbnailUrl":"https:\/\/www.mixaco.com\/wp-content\/uploads\/2021\/09\/konfiguration-erfolgreich.svg","datePublished":"2022-10-04T11:43:11+00:00","dateModified":"2023-08-21T06:30:14+00:00","breadcrumb":{"@id":"https:\/\/www.mixaco.com\/es\/correcto-prueba-de-mezcladora\/#breadcrumb"},"inLanguage":"es","potentialAction":[{"@type":"ReadAction","target":["https:\/\/www.mixaco.com\/es\/correcto-prueba-de-mezcladora\/"]}]},{"@type":"ImageObject","inLanguage":"es","@id":"https:\/\/www.mixaco.com\/es\/correcto-prueba-de-mezcladora\/#primaryimage","url":"https:\/\/www.mixaco.com\/wp-content\/uploads\/2021\/09\/konfiguration-erfolgreich.svg","contentUrl":"https:\/\/www.mixaco.com\/wp-content\/uploads\/2021\/09\/konfiguration-erfolgreich.svg"},{"@type":"BreadcrumbList","@id":"https:\/\/www.mixaco.com\/es\/correcto-prueba-de-mezcladora\/#breadcrumb","itemListElement":[{"@type":"ListItem","position":1,"name":"Inicio","item":"https:\/\/www.mixaco.com\/es\/"},{"@type":"ListItem","position":2,"name":"Correcto &#8211; Prueba de mezcladora"}]},{"@type":"WebSite","@id":"https:\/\/www.mixaco.com\/es\/#website","url":"https:\/\/www.mixaco.com\/es\/","name":"MIXACO Espa\u00f1ol","description":"Mezcladoras industriales del l\u00edder en innovaci\u00f3n","publisher":{"@id":"https:\/\/www.mixaco.com\/es\/#organization"},"potentialAction":[{"@type":"SearchAction","target":{"@type":"EntryPoint","urlTemplate":"https:\/\/www.mixaco.com\/es\/?s={search_term_string}"},"query-input":{"@type":"PropertyValueSpecification","valueRequired":true,"valueName":"search_term_string"}}],"inLanguage":"es"},{"@type":"Organization","@id":"https:\/\/www.mixaco.com\/es\/#organization","name":"MIXACO Maschinenbau Dr. Herfeld GmbH & Co. KG","url":"https:\/\/www.mixaco.com\/es\/","logo":{"@type":"ImageObject","inLanguage":"es","@id":"https:\/\/www.mixaco.com\/es\/#\/schema\/logo\/image\/","url":"https:\/\/www.mixaco.com\/es\/wp-content\/uploads\/sites\/3\/2024\/11\/mixaco-logo.svg","contentUrl":"https:\/\/www.mixaco.com\/es\/wp-content\/uploads\/sites\/3\/2024\/11\/mixaco-logo.svg","caption":"MIXACO Maschinenbau Dr. Herfeld GmbH & Co. KG"},"image":{"@id":"https:\/\/www.mixaco.com\/es\/#\/schema\/logo\/image\/"},"sameAs":["https:\/\/www.linkedin.com\/company\/mixaco-maschinenbau\/","https:\/\/www.youtube.com\/@mixaco\/videos"]}]}},"_links":{"self":[{"href":"https:\/\/www.mixaco.com\/es\/wp-json\/wp\/v2\/pages\/1224","targetHints":{"allow":["GET"]}}],"collection":[{"href":"https:\/\/www.mixaco.com\/es\/wp-json\/wp\/v2\/pages"}],"about":[{"href":"https:\/\/www.mixaco.com\/es\/wp-json\/wp\/v2\/types\/page"}],"author":[{"embeddable":true,"href":"https:\/\/www.mixaco.com\/es\/wp-json\/wp\/v2\/users\/4"}],"replies":[{"embeddable":true,"href":"https:\/\/www.mixaco.com\/es\/wp-json\/wp\/v2\/comments?post=1224"}],"version-history":[{"count":0,"href":"https:\/\/www.mixaco.com\/es\/wp-json\/wp\/v2\/pages\/1224\/revisions"}],"wp:attachment":[{"href":"https:\/\/www.mixaco.com\/es\/wp-json\/wp\/v2\/media?parent=1224"}],"curies":[{"name":"wp","href":"https:\/\/api.w.org\/{rel}","templated":true}]}}