{"id":1236,"date":"2022-07-12T12:53:53","date_gmt":"2022-07-12T10:53:53","guid":{"rendered":"https:\/\/www.mixaco.com\/es\/24-7-support\/"},"modified":"2025-04-22T08:38:56","modified_gmt":"2025-04-22T06:38:56","slug":"asistencia-tecnica-24-7","status":"publish","type":"page","link":"https:\/\/www.mixaco.com\/es\/servicio-tecnico\/asistencia-tecnica-24-7\/","title":{"rendered":"Asistencia t\u00e9cnica 24\/7"},"content":{"rendered":"<div class=\"wp-bootstrap-blocks-container container-fluid mb-2\">\n\t\n<div class=\"wp-bootstrap-blocks-container container mb-2 container-section test\">\n\t\n<div class=\"wp-bootstrap-blocks-row row\">\n\t\n\n<div class=\"col-12 col-md-12\">\n\t\t\t\n<div class=\"wp-bootstrap-blocks-row row\">\n\t\n\n<div class=\"col-12 col-md-6 mb-5\">\n\t\t\t\n\n<h1 class=\"wp-block-heading\" id=\"h-asistencia-tecnica-24-7-estamos-a-su-disposicion-a-cualquier-hora-del-dia-los-365-dias-del-ano\">Asistencia t\u00e9cnica 24\/7. <span class=\"light\">Estamos a su disposici\u00f3n a cualquier hora del d\u00eda, los 365 d\u00edas del a\u00f1o.<\/span><\/h1>\n\n\n\n<a href=\"\/es\/asistencia-tecnica-24-7\/\" class=\"wp-block-mix-blocks-button btn\" style=\"margin:0 0 0 0\"><span>Consultar al servicio de atenci\u00f3n al cliente<\/span><\/a>\n\n\t<\/div>\n\n<\/div>\n\n\t<\/div>\n\n<\/div>\n\n<\/div>\n\n<\/div>\n\n\n\n<div class=\"wp-block-mix-blocks-key-visual-text key-visual\" style=\"background-image:url(https:\/\/www.mixaco.com\/es\/wp-content\/uploads\/sites\/3\/2022\/12\/Mixaco-servicio-24-7-hero.webp);height:100vh\"><div class=\"container-fluid\"><div class=\"row\"><div class=\"key-visual__content\"><\/div><\/div><\/div><div style=\"background-image:url(https:\/\/www.mixaco.com\/es\/wp-content\/uploads\/sites\/3\/2022\/12\/Mixaco-servicio-24-7-hero.webp)\" class=\"key-visual__image\"><\/div><\/div>\n\n\n<div class=\"wp-bootstrap-blocks-container container-fluid mb-0 container-section\">\n\t\n<div class=\"wp-bootstrap-blocks-container container mb-2\">\n\t\n<div class=\"wp-bootstrap-blocks-row row d-flex justify-content-center\">\n\t\n\n<div class=\"col-12 col-sm-12 col-md-8 col-lg-7 col-xl-6\">\n\t\t\t\n\n<h2 class=\"wp-block-heading\" id=\"h-estamos-disponibles-en-todo-momento-en-caso-de-que-tenga-una-emergencia-atencion-al-cliente-rapida-y-efectiva-que-reduce-los-tiempos-de-parada-y-los-gastos-por-inactividad\">Estamos disponibles en todo momento en caso de que tenga una emergencia. <span class=\"light\">Atenci\u00f3n al cliente r\u00e1pida y efectiva que reduce los tiempos de parada y los gastos por inactividad.<\/span><\/h2>\n\n\n\n<div class=\"wp-block-columns is-layout-flex wp-container-core-columns-is-layout-9d6595d7 wp-block-columns-is-layout-flex\">\n<div class=\"wp-block-column is-layout-flow wp-block-column-is-layout-flow\">\n<p><meta charset=\"utf-8\">Nuestra ingenier\u00eda mec\u00e1nica acreditada \u00abMade in Germany\u00bb garantiza la m\u00e1xima fiabilidad de nuestras mezcladoras.&nbsp;Es por ello por lo que algunas de nuestras mezcladoras industriales llevan m\u00e1s 30 a\u00f1os en funcionamiento.<\/p>\n<\/div>\n\n\n\n<div class=\"wp-block-column is-layout-flow wp-block-column-is-layout-flow\">\n<p><meta charset=\"utf-8\">Los casos de aver\u00eda y los fallos de funcionamiento son muy poco habituales.&nbsp;No obstante, en el caso de que se produjera un problema t\u00e9cnico en su mezcladora, estamos a su entera disposici\u00f3n las 24 horas del d\u00eda, los 365 d\u00edas del a\u00f1o.<\/p>\n<\/div>\n<\/div>\n\n\n\n<ul class=\"wp-block-list\">\n<li>Subsanaci\u00f3n inmediata de errores a trav\u00e9s de diagn\u00f3stico remoto y actualizaciones de software a distancia<\/li>\n\n\n\n<li>Env\u00edo r\u00e1pido de piezas de repuesto, la mayor\u00eda de las veces en un plazo de 48 horas<\/li>\n\n\n\n<li>Reparaci\u00f3n en sus instalaciones por t\u00e9cnicos experimentados de la casa<\/li>\n<\/ul>\n\n\n\n<h2 class=\"wp-block-heading\" id=\"h-linea-directa-de-servicio-tecnico\">L\u00ednea directa de servicio t\u00e9cnico<\/h2>\n\n\n<div class=\"wp-bootstrap-blocks-row row\">\n\t\n\n<div class=\"col-12 col-sm-12 col-md-12 col-lg-12 col-xl-6\">\n\t\t\t\n\n<a href=\"tel:+49239296440\" class=\"wp-block-mix-blocks-button btn\" style=\"margin:0 0 0 0\"><span>Llame a MIXACO Servicio<\/span><\/a>\n\n\t<\/div>\n\n\n\n<div class=\"col-12 col-sm-12 col-md-12 col-lg-12 col-xl-6 hide-tablet\">\n\t\t\t\n\n<a href=\"mailto:service@mixaco.de\" class=\"wp-block-mix-blocks-button btn\" style=\"margin:0 0 0 0\"><span>Enviar a service@mixaco.de<\/span><\/a>\n\n\t<\/div>\n\n<\/div>\n\n\t<\/div>\n\n<\/div>\n\n<\/div>\n\n<\/div>\n\n\n<div class=\"wp-bootstrap-blocks-container container-fluid mb-2 container-section light addit-asd\">\n\t\n<div class=\"wp-bootstrap-blocks-container container mb-2\">\n\t\n<div class=\"wp-bootstrap-blocks-row row\">\n\t\n\n<div class=\"col-12 col-md-5 mb-5\">\n\t\t\t\n\n<h2 class=\"wp-block-heading has-black-color has-text-color\" id=\"h-personas-de-contacto-siempre-a-su-disposicion\">Personas de contacto <span class=\"light\">Siempre a su disposici\u00f3n.<\/span><\/h2>\n\n\t<\/div>\n\n\n\n<div class=\"col-12 col-md-12\">\n\t\t\t\n<div class=\"wp-bootstrap-blocks-row row justify-content-between\">\n\t\n\n<div class=\"col-12 col-md-3\">\n\t\t\t\n\n<div class=\"wp-block-mix-blocks-employee mix-employee\" email=\"schwitzkowski@mixaco.de\"><div class=\"mix-employee__wrapper\"><div class=\"mix-employee__image\"><img decoding=\"async\" src=\"https:\/\/www.mixaco.com\/wp-content\/uploads\/2024\/10\/Mixaco-Daniel-Schwitzkowski-Teaser.webp\"\/><\/div><div class=\"mix-employee__content mix-employee__content--employee\"><h3 class=\"mix-employee__title mix-employee__title--employee\">Daniel Schwitzkowski<\/h3><span class=\"mix-employee__text mix-employee__text--employee\">Jefe de Mantenimiento y Servicios<\/span><\/div><div class=\"mix-employee__contact mix-employee__contact--employee\"><a class=\"mix-employee__tel\" href=\"tel: +49 2392 9644 550\">+49 2392 9644 550<\/a><a class=\"mix-employee__mail\" href=\"mailto:&#115;chwitz&#107;o&#119;s&#107;&#105;&#64;&#109;i&#120;aco.&#100;e\">sc&#104;&#119;&#105;tz&#107;o&#119;s&#107;i&#64;mix&#97;c&#111;&#46;&#100;&#101;<\/a><\/div><\/div><\/div>\n\n\t<\/div>\n\n\n\n<div class=\"col-12 col-md-3\">\n\t\t\t\n\n<div class=\"wp-block-mix-blocks-employee mix-employee\" email=\"greitemann@mixaco.de\"><div class=\"mix-employee__wrapper\"><div class=\"mix-employee__image\"><img decoding=\"async\" src=\"https:\/\/www.mixaco.com\/es\/wp-content\/uploads\/sites\/3\/2022\/12\/Mixaco-Sebastian-Greitemann-equipo-de-servicio-teaser.webp\"\/><\/div><div class=\"mix-employee__content mix-employee__content--employee\"><h3 class=\"mix-employee__title mix-employee__title--employee\">Sebastian Greitemann<\/h3><span class=\"mix-employee__text mix-employee__text--employee\">Jefe del servicio t\u00e9cnico<\/span><\/div><div class=\"mix-employee__contact mix-employee__contact--employee\"><a class=\"mix-employee__tel\" href=\"tel: +49 2392 9644 19\">+49 2392 9644 19<\/a><a class=\"mix-employee__mail\" href=\"mailto:&#103;&#114;e&#105;tem&#97;&#110;&#110;&#64;&#109;&#105;x&#97;&#99;&#111;&#46;&#100;&#101;\">g&#114;e&#105;t&#101;&#109;a&#110;&#110;&#64;&#109;&#105;&#120;&#97;&#99;&#111;&#46;de<\/a><\/div><\/div><\/div>\n\n\t<\/div>\n\n\n\n<div class=\"col-12 col-md-3\">\n\t\t\t\n\n<div class=\"wp-block-mix-blocks-employee mix-employee\" email=\"bastian@mixaco.de\"><div class=\"mix-employee__wrapper\"><div class=\"mix-employee__image\"><img decoding=\"async\" src=\"https:\/\/www.mixaco.com\/es\/wp-content\/uploads\/sites\/3\/2022\/12\/Mixaco-Joerg-Bastian-equipo-de-servicio-teaser.webp\"\/><\/div><div class=\"mix-employee__content mix-employee__content--employee\"><h3 class=\"mix-employee__title mix-employee__title--employee\">J\u00f6rg Bastian<\/h3><span class=\"mix-employee__text mix-employee__text--employee\">Servicio t\u00e9cnico<\/span><\/div><div class=\"mix-employee__contact mix-employee__contact--employee\"><a class=\"mix-employee__tel\" href=\"tel: +49 2392 9644 30\">+49 2392 9644 30<\/a><a class=\"mix-employee__mail\" href=\"mailto:&#98;a&#115;&#116;ia&#110;&#64;&#109;&#105;&#120;aco&#46;d&#101;\">&#98;as&#116;&#105;&#97;&#110;&#64;m&#105;&#120;&#97;&#99;&#111;.&#100;e<\/a><\/div><\/div><\/div>\n\n\t<\/div>\n\n<\/div>\n\n\n<div class=\"wp-bootstrap-blocks-row row justify-content-between response-margin-employee\">\n\t\n\n<div class=\"col-12 col-md-3\">\n\t\t\t\n\n<div class=\"wp-block-mix-blocks-employee mix-employee\" email=\"handelmann@mixaco.de\"><div class=\"mix-employee__wrapper\"><div class=\"mix-employee__image\"><img decoding=\"async\" src=\"https:\/\/www.mixaco.com\/es\/wp-content\/uploads\/sites\/3\/2022\/12\/Mixaco-Daniel-Holtkamp-equipo-de-servicio-teaser.webp\"\/><\/div><div class=\"mix-employee__content mix-employee__content--employee\"><h3 class=\"mix-employee__title mix-employee__title--employee\">Daniel Handelmann<\/h3><span class=\"mix-employee__text mix-employee__text--employee\">Servicio t\u00e9cnico<\/span><\/div><div class=\"mix-employee__contact mix-employee__contact--employee\"><a class=\"mix-employee__tel\" href=\"tel: +49 2392 9644 211\">+49 2392 9644 211<\/a><a class=\"mix-employee__mail\" href=\"mailto:&#104;&#97;n&#100;e&#108;&#109;&#97;&#110;n&#64;&#109;ix&#97;co&#46;&#100;e\">&#104;a&#110;d&#101;lman&#110;&#64;m&#105;xa&#99;o.de<\/a><\/div><\/div><\/div>\n\n\t<\/div>\n\n\n\n<div class=\"col-12 col-md-3\">\n\t\t\t\n\n<div class=\"wp-block-mix-blocks-employee mix-employee\" email=\"prietzel@mixaco.de\"><div class=\"mix-employee__wrapper\"><div class=\"mix-employee__image\"><img decoding=\"async\" src=\"https:\/\/www.mixaco.com\/es\/wp-content\/uploads\/sites\/3\/2024\/10\/Mixaco-Michael-Prietzel-Teaser.webp\"\/><\/div><div class=\"mix-employee__content mix-employee__content--employee\"><h3 class=\"mix-employee__title mix-employee__title--employee\">Michael Prietzel<\/h3><span class=\"mix-employee__text mix-employee__text--employee\">Servicio t\u00e9cnico<\/span><\/div><div class=\"mix-employee__contact mix-employee__contact--employee\"><a class=\"mix-employee__tel\" href=\"tel: +49 2392 9644&nbsp;29\">+49 2392 9644&nbsp;29<\/a><a class=\"mix-employee__mail\" href=\"mailto:pr&#105;&#101;tze&#108;&#64;&#109;ix&#97;co&#46;&#100;&#101;\">p&#114;&#105;&#101;tz&#101;l&#64;&#109;i&#120;a&#99;o&#46;d&#101;<\/a><\/div><\/div><\/div>\n\n\t<\/div>\n\n\n\n<div class=\"col-12 col-md-3\">\n\t\t\t\t<\/div>\n\n<\/div>\n\n\t<\/div>\n\n\n\n<div class=\"col-12 col-md-12 d-flex justify-content-center\">\n\t\t\t\t<\/div>\n\n<\/div>\n\n<\/div>\n\n<\/div>\n","protected":false},"excerpt":{"rendered":"","protected":false},"author":4,"featured_media":0,"parent":1235,"menu_order":2,"comment_status":"closed","ping_status":"closed","template":"","meta":{"_searchwp_excluded":"","inline_featured_image":false,"kk_blocks_editor_width":"","_kiokenblocks_attr":"","_kiokenblocks_dimensions":"","_vp_format_video_url":"","_vp_image_focal_point":[],"editor_notices":[],"footnotes":""},"class_list":["post-1236","page","type-page","status-publish","hentry"],"yoast_head":"<!-- This site is optimized with the Yoast SEO Premium plugin v27.4 (Yoast SEO v27.4) - https:\/\/yoast.com\/product\/yoast-seo-premium-wordpress\/ -->\n<title>Asistencia t\u00e9cnica 24\/7 - MIXACO Espa\u00f1ol<\/title>\n<meta name=\"description\" content=\"Asistencia t\u00e9cnica 24\/7. Estamos a su disposici\u00f3n a cualquier hora del d\u00eda, los 365 d\u00edas del a\u00f1o. Nuestro experimentado equipo del servicio t\u00e9cnico siempre est\u00e1 preparado para actuar.\" \/>\n<meta name=\"robots\" content=\"index, follow, max-snippet:-1, max-image-preview:large, max-video-preview:-1\" \/>\n<link rel=\"canonical\" href=\"https:\/\/www.mixaco.com\/es\/servicio-tecnico\/asistencia-tecnica-24-7\/\" \/>\n<meta property=\"og:locale\" content=\"en_US\" \/>\n<meta property=\"og:type\" content=\"article\" \/>\n<meta property=\"og:title\" content=\"Asistencia t\u00e9cnica 24\/7\" \/>\n<meta property=\"og:description\" content=\"Asistencia t\u00e9cnica 24\/7. Estamos a su disposici\u00f3n a cualquier hora del d\u00eda, los 365 d\u00edas del a\u00f1o. Nuestro experimentado equipo del servicio t\u00e9cnico siempre est\u00e1 preparado para actuar.\" \/>\n<meta property=\"og:url\" content=\"https:\/\/www.mixaco.com\/es\/servicio-tecnico\/asistencia-tecnica-24-7\/\" \/>\n<meta property=\"og:site_name\" content=\"MIXACO Espa\u00f1ol\" \/>\n<meta property=\"article:modified_time\" content=\"2025-04-22T06:38:56+00:00\" \/>\n<meta property=\"og:image\" content=\"https:\/\/www.mixaco.com\/wp-content\/uploads\/2024\/10\/Mixaco-Daniel-Schwitzkowski-Teaser.webp\" \/>\n<meta name=\"twitter:card\" content=\"summary_large_image\" \/>\n<script type=\"application\/ld+json\" class=\"yoast-schema-graph\">{\"@context\":\"https:\\\/\\\/schema.org\",\"@graph\":[{\"@type\":\"WebPage\",\"@id\":\"https:\\\/\\\/www.mixaco.com\\\/es\\\/servicio-tecnico\\\/asistencia-tecnica-24-7\\\/\",\"url\":\"https:\\\/\\\/www.mixaco.com\\\/es\\\/servicio-tecnico\\\/asistencia-tecnica-24-7\\\/\",\"name\":\"Asistencia t\u00e9cnica 24\\\/7 - MIXACO Espa\u00f1ol\",\"isPartOf\":{\"@id\":\"https:\\\/\\\/www.mixaco.com\\\/es\\\/#website\"},\"primaryImageOfPage\":{\"@id\":\"https:\\\/\\\/www.mixaco.com\\\/es\\\/servicio-tecnico\\\/asistencia-tecnica-24-7\\\/#primaryimage\"},\"image\":{\"@id\":\"https:\\\/\\\/www.mixaco.com\\\/es\\\/servicio-tecnico\\\/asistencia-tecnica-24-7\\\/#primaryimage\"},\"thumbnailUrl\":\"https:\\\/\\\/www.mixaco.com\\\/wp-content\\\/uploads\\\/2024\\\/10\\\/Mixaco-Daniel-Schwitzkowski-Teaser.webp\",\"datePublished\":\"2022-07-12T10:53:53+00:00\",\"dateModified\":\"2025-04-22T06:38:56+00:00\",\"description\":\"Asistencia t\u00e9cnica 24\\\/7. Estamos a su disposici\u00f3n a cualquier hora del d\u00eda, los 365 d\u00edas del a\u00f1o. Nuestro experimentado equipo del servicio t\u00e9cnico siempre est\u00e1 preparado para actuar.\",\"breadcrumb\":{\"@id\":\"https:\\\/\\\/www.mixaco.com\\\/es\\\/servicio-tecnico\\\/asistencia-tecnica-24-7\\\/#breadcrumb\"},\"inLanguage\":\"en-US\",\"potentialAction\":[{\"@type\":\"ReadAction\",\"target\":[\"https:\\\/\\\/www.mixaco.com\\\/es\\\/servicio-tecnico\\\/asistencia-tecnica-24-7\\\/\"]}]},{\"@type\":\"ImageObject\",\"inLanguage\":\"en-US\",\"@id\":\"https:\\\/\\\/www.mixaco.com\\\/es\\\/servicio-tecnico\\\/asistencia-tecnica-24-7\\\/#primaryimage\",\"url\":\"https:\\\/\\\/www.mixaco.com\\\/wp-content\\\/uploads\\\/2024\\\/10\\\/Mixaco-Daniel-Schwitzkowski-Teaser.webp\",\"contentUrl\":\"https:\\\/\\\/www.mixaco.com\\\/wp-content\\\/uploads\\\/2024\\\/10\\\/Mixaco-Daniel-Schwitzkowski-Teaser.webp\"},{\"@type\":\"BreadcrumbList\",\"@id\":\"https:\\\/\\\/www.mixaco.com\\\/es\\\/servicio-tecnico\\\/asistencia-tecnica-24-7\\\/#breadcrumb\",\"itemListElement\":[{\"@type\":\"ListItem\",\"position\":1,\"name\":\"Inicio\",\"item\":\"https:\\\/\\\/www.mixaco.com\\\/es\\\/\"},{\"@type\":\"ListItem\",\"position\":2,\"name\":\"Servicio t\u00e9cnico\",\"item\":\"https:\\\/\\\/www.mixaco.com\\\/es\\\/servicio-tecnico\\\/\"},{\"@type\":\"ListItem\",\"position\":3,\"name\":\"Asistencia t\u00e9cnica 24\\\/7\"}]},{\"@type\":\"WebSite\",\"@id\":\"https:\\\/\\\/www.mixaco.com\\\/es\\\/#website\",\"url\":\"https:\\\/\\\/www.mixaco.com\\\/es\\\/\",\"name\":\"MIXACO Espa\u00f1ol\",\"description\":\"Mezcladoras industriales del l\u00edder en innovaci\u00f3n\",\"publisher\":{\"@id\":\"https:\\\/\\\/www.mixaco.com\\\/es\\\/#organization\"},\"potentialAction\":[{\"@type\":\"SearchAction\",\"target\":{\"@type\":\"EntryPoint\",\"urlTemplate\":\"https:\\\/\\\/www.mixaco.com\\\/es\\\/?s={search_term_string}\"},\"query-input\":{\"@type\":\"PropertyValueSpecification\",\"valueRequired\":true,\"valueName\":\"search_term_string\"}}],\"inLanguage\":\"en-US\"},{\"@type\":\"Organization\",\"@id\":\"https:\\\/\\\/www.mixaco.com\\\/es\\\/#organization\",\"name\":\"MIXACO Maschinenbau Dr. Herfeld GmbH & Co. KG\",\"url\":\"https:\\\/\\\/www.mixaco.com\\\/es\\\/\",\"logo\":{\"@type\":\"ImageObject\",\"inLanguage\":\"en-US\",\"@id\":\"https:\\\/\\\/www.mixaco.com\\\/es\\\/#\\\/schema\\\/logo\\\/image\\\/\",\"url\":\"https:\\\/\\\/www.mixaco.com\\\/es\\\/wp-content\\\/uploads\\\/sites\\\/3\\\/2024\\\/11\\\/mixaco-logo.svg\",\"contentUrl\":\"https:\\\/\\\/www.mixaco.com\\\/es\\\/wp-content\\\/uploads\\\/sites\\\/3\\\/2024\\\/11\\\/mixaco-logo.svg\",\"caption\":\"MIXACO Maschinenbau Dr. Herfeld GmbH & Co. KG\"},\"image\":{\"@id\":\"https:\\\/\\\/www.mixaco.com\\\/es\\\/#\\\/schema\\\/logo\\\/image\\\/\"},\"sameAs\":[\"https:\\\/\\\/www.linkedin.com\\\/company\\\/mixaco-maschinenbau\\\/\",\"https:\\\/\\\/www.youtube.com\\\/@mixaco\\\/videos\"]}]}<\/script>\n<!-- \/ Yoast SEO Premium plugin. -->","yoast_head_json":{"title":"Asistencia t\u00e9cnica 24\/7 - MIXACO Espa\u00f1ol","description":"Asistencia t\u00e9cnica 24\/7. Estamos a su disposici\u00f3n a cualquier hora del d\u00eda, los 365 d\u00edas del a\u00f1o. Nuestro experimentado equipo del servicio t\u00e9cnico siempre est\u00e1 preparado para actuar.","robots":{"index":"index","follow":"follow","max-snippet":"max-snippet:-1","max-image-preview":"max-image-preview:large","max-video-preview":"max-video-preview:-1"},"canonical":"https:\/\/www.mixaco.com\/es\/servicio-tecnico\/asistencia-tecnica-24-7\/","og_locale":"en_US","og_type":"article","og_title":"Asistencia t\u00e9cnica 24\/7","og_description":"Asistencia t\u00e9cnica 24\/7. Estamos a su disposici\u00f3n a cualquier hora del d\u00eda, los 365 d\u00edas del a\u00f1o. Nuestro experimentado equipo del servicio t\u00e9cnico siempre est\u00e1 preparado para actuar.","og_url":"https:\/\/www.mixaco.com\/es\/servicio-tecnico\/asistencia-tecnica-24-7\/","og_site_name":"MIXACO Espa\u00f1ol","article_modified_time":"2025-04-22T06:38:56+00:00","og_image":[{"url":"https:\/\/www.mixaco.com\/wp-content\/uploads\/2024\/10\/Mixaco-Daniel-Schwitzkowski-Teaser.webp","type":"","width":"","height":""}],"twitter_card":"summary_large_image","schema":{"@context":"https:\/\/schema.org","@graph":[{"@type":"WebPage","@id":"https:\/\/www.mixaco.com\/es\/servicio-tecnico\/asistencia-tecnica-24-7\/","url":"https:\/\/www.mixaco.com\/es\/servicio-tecnico\/asistencia-tecnica-24-7\/","name":"Asistencia t\u00e9cnica 24\/7 - MIXACO Espa\u00f1ol","isPartOf":{"@id":"https:\/\/www.mixaco.com\/es\/#website"},"primaryImageOfPage":{"@id":"https:\/\/www.mixaco.com\/es\/servicio-tecnico\/asistencia-tecnica-24-7\/#primaryimage"},"image":{"@id":"https:\/\/www.mixaco.com\/es\/servicio-tecnico\/asistencia-tecnica-24-7\/#primaryimage"},"thumbnailUrl":"https:\/\/www.mixaco.com\/wp-content\/uploads\/2024\/10\/Mixaco-Daniel-Schwitzkowski-Teaser.webp","datePublished":"2022-07-12T10:53:53+00:00","dateModified":"2025-04-22T06:38:56+00:00","description":"Asistencia t\u00e9cnica 24\/7. Estamos a su disposici\u00f3n a cualquier hora del d\u00eda, los 365 d\u00edas del a\u00f1o. Nuestro experimentado equipo del servicio t\u00e9cnico siempre est\u00e1 preparado para actuar.","breadcrumb":{"@id":"https:\/\/www.mixaco.com\/es\/servicio-tecnico\/asistencia-tecnica-24-7\/#breadcrumb"},"inLanguage":"en-US","potentialAction":[{"@type":"ReadAction","target":["https:\/\/www.mixaco.com\/es\/servicio-tecnico\/asistencia-tecnica-24-7\/"]}]},{"@type":"ImageObject","inLanguage":"en-US","@id":"https:\/\/www.mixaco.com\/es\/servicio-tecnico\/asistencia-tecnica-24-7\/#primaryimage","url":"https:\/\/www.mixaco.com\/wp-content\/uploads\/2024\/10\/Mixaco-Daniel-Schwitzkowski-Teaser.webp","contentUrl":"https:\/\/www.mixaco.com\/wp-content\/uploads\/2024\/10\/Mixaco-Daniel-Schwitzkowski-Teaser.webp"},{"@type":"BreadcrumbList","@id":"https:\/\/www.mixaco.com\/es\/servicio-tecnico\/asistencia-tecnica-24-7\/#breadcrumb","itemListElement":[{"@type":"ListItem","position":1,"name":"Inicio","item":"https:\/\/www.mixaco.com\/es\/"},{"@type":"ListItem","position":2,"name":"Servicio t\u00e9cnico","item":"https:\/\/www.mixaco.com\/es\/servicio-tecnico\/"},{"@type":"ListItem","position":3,"name":"Asistencia t\u00e9cnica 24\/7"}]},{"@type":"WebSite","@id":"https:\/\/www.mixaco.com\/es\/#website","url":"https:\/\/www.mixaco.com\/es\/","name":"MIXACO Espa\u00f1ol","description":"Mezcladoras industriales del l\u00edder en innovaci\u00f3n","publisher":{"@id":"https:\/\/www.mixaco.com\/es\/#organization"},"potentialAction":[{"@type":"SearchAction","target":{"@type":"EntryPoint","urlTemplate":"https:\/\/www.mixaco.com\/es\/?s={search_term_string}"},"query-input":{"@type":"PropertyValueSpecification","valueRequired":true,"valueName":"search_term_string"}}],"inLanguage":"en-US"},{"@type":"Organization","@id":"https:\/\/www.mixaco.com\/es\/#organization","name":"MIXACO Maschinenbau Dr. Herfeld GmbH & Co. KG","url":"https:\/\/www.mixaco.com\/es\/","logo":{"@type":"ImageObject","inLanguage":"en-US","@id":"https:\/\/www.mixaco.com\/es\/#\/schema\/logo\/image\/","url":"https:\/\/www.mixaco.com\/es\/wp-content\/uploads\/sites\/3\/2024\/11\/mixaco-logo.svg","contentUrl":"https:\/\/www.mixaco.com\/es\/wp-content\/uploads\/sites\/3\/2024\/11\/mixaco-logo.svg","caption":"MIXACO Maschinenbau Dr. Herfeld GmbH & Co. KG"},"image":{"@id":"https:\/\/www.mixaco.com\/es\/#\/schema\/logo\/image\/"},"sameAs":["https:\/\/www.linkedin.com\/company\/mixaco-maschinenbau\/","https:\/\/www.youtube.com\/@mixaco\/videos"]}]}},"_links":{"self":[{"href":"https:\/\/www.mixaco.com\/es\/wp-json\/wp\/v2\/pages\/1236","targetHints":{"allow":["GET"]}}],"collection":[{"href":"https:\/\/www.mixaco.com\/es\/wp-json\/wp\/v2\/pages"}],"about":[{"href":"https:\/\/www.mixaco.com\/es\/wp-json\/wp\/v2\/types\/page"}],"author":[{"embeddable":true,"href":"https:\/\/www.mixaco.com\/es\/wp-json\/wp\/v2\/users\/4"}],"replies":[{"embeddable":true,"href":"https:\/\/www.mixaco.com\/es\/wp-json\/wp\/v2\/comments?post=1236"}],"version-history":[{"count":8,"href":"https:\/\/www.mixaco.com\/es\/wp-json\/wp\/v2\/pages\/1236\/revisions"}],"predecessor-version":[{"id":2894,"href":"https:\/\/www.mixaco.com\/es\/wp-json\/wp\/v2\/pages\/1236\/revisions\/2894"}],"up":[{"embeddable":true,"href":"https:\/\/www.mixaco.com\/es\/wp-json\/wp\/v2\/pages\/1235"}],"wp:attachment":[{"href":"https:\/\/www.mixaco.com\/es\/wp-json\/wp\/v2\/media?parent=1236"}],"curies":[{"name":"wp","href":"https:\/\/api.w.org\/{rel}","templated":true}]}}