{"id":1237,"date":"2022-07-13T13:20:29","date_gmt":"2022-07-13T11:20:29","guid":{"rendered":"https:\/\/www.mixaco.com\/es\/inbetriebnahme\/"},"modified":"2023-07-27T10:48:03","modified_gmt":"2023-07-27T08:48:03","slug":"puesta-en-marcha","status":"publish","type":"page","link":"https:\/\/www.mixaco.com\/es\/servicio-tecnico\/puesta-en-marcha\/","title":{"rendered":"Puesta en marcha"},"content":{"rendered":"<div class=\"wp-bootstrap-blocks-container container-fluid mb-2\">\n\t\n<div class=\"wp-bootstrap-blocks-container container mb-2 container-section test\">\n\t\n<div class=\"wp-bootstrap-blocks-row row\">\n\t\n\n<div class=\"col-12 col-md-12\">\n\t\t\t\n<div class=\"wp-bootstrap-blocks-row row\">\n\t\n\n<div class=\"col-12 col-md-6 mb-5\">\n\t\t\t\n\n<h1 class=\"wp-block-heading\" id=\"h-puesta-en-marcha-instalacion-de-mezcladoras-con-servicio-tecnico-integral\">Puesta en marcha \u2013<span class=\"light\"> Instalaci\u00f3n de mezcladoras con servicio t\u00e9cnico integral<\/span><\/h1>\n\n\t<\/div>\n\n<\/div>\n\n\t<\/div>\n\n<\/div>\n\n<\/div>\n\n<\/div>\n\n\n\n<div class=\"wp-block-mix-blocks-key-visual-text key-visual\" style=\"background-image:url(https:\/\/www.mixaco.com\/es\/wp-content\/uploads\/sites\/3\/2022\/12\/Mixaco-servicio-puesta-en-marcha-hero.webp);height:100vh\"><div class=\"container-fluid\"><div class=\"row\"><div class=\"key-visual__content\"><\/div><\/div><\/div><div style=\"background-image:url(https:\/\/www.mixaco.com\/es\/wp-content\/uploads\/sites\/3\/2022\/12\/Mixaco-servicio-puesta-en-marcha-hero.webp)\" class=\"key-visual__image\"><\/div><\/div>\n\n\n<div class=\"wp-bootstrap-blocks-container container-fluid mb-0 container-section\">\n\t\n<div class=\"wp-bootstrap-blocks-container container mb-2\">\n\t\n<div class=\"wp-bootstrap-blocks-row row d-flex justify-content-center\">\n\t\n\n<div class=\"col-12 col-sm-12 col-md-8 col-lg-7 col-xl-6\">\n\t\t\t\n\n<h2 class=\"wp-block-heading\" id=\"h-operatividad-rapida-y-sencilla-nuestros-tecnicos-pondran-en-marcha-las-maquinas-en-sus-instalaciones-con-mucho-gusto\">Operatividad r\u00e1pida y sencilla: <span class=\"light\">nuestros t\u00e9cnicos pondr\u00e1n en marcha las m\u00e1quinas en sus instalaciones con mucho gusto<br><\/span><\/h2>\n\n\n<div class=\"wp-bootstrap-blocks-row row\">\n\t\n\n<div class=\"col-12 col-sm-12 col-md-12 col-lg-12 col-xl-6\">\n\t\t\t\n\n<p>Seg\u00fan la Directiva relativa a las m\u00e1quinas, una puesta en marcha es el primer uso conforme a lo previsto de una m\u00e1quina al amparo de dicha directiva.<\/p>\n\n\t<\/div>\n\n\n\n<div class=\"col-12 col-sm-12 col-md-12 col-lg-12 col-xl-6 hide-tablet\">\n\t\t\t\n\n<p><meta charset=\"utf-8\">Debe efectuarse cuando la m\u00e1quina cumpla las exigencias de las directivas CE relevantes y una vez que se haya acreditado y documentado mediante la declaraci\u00f3n de conformidad europea y el marcado CE.<\/p>\n\n\t<\/div>\n\n<\/div>\n\n\n<div class=\"wp-bootstrap-blocks-row row\">\n\t\n\n<div class=\"col-12\">\n\t\t\t\t<\/div>\n\n<\/div>\n\n\n\n<p><\/p>\n\n\n\n<h3 class=\"wp-block-heading\" id=\"h-durante-una-puesta-en-marcha-se-realizan-los-siguientes-trabajos\">Durante una puesta en marcha se realizan los siguientes trabajos:<\/h3>\n\n\n\n<ul class=\"wp-block-list\">\n<li>Alineaci\u00f3n y anclado al suelo de la mezcladora en el lugar deseado<\/li>\n\n\n\n<li>Puesta en marcha de los sistemas mec\u00e1nicos y el\u00e9ctricos instalados<\/li>\n\n\n\n<li>Formaci\u00f3n para los usuarios por parte de t\u00e9cnicos experimentados de MIXACO<\/li>\n<\/ul>\n\n\n\n<p>Llevamos a cabo los trabajos que sean necesarios para instalar con seguridad su nueva mezcladora y para que pueda utilizarla inmediatamente.<\/p>\n\n\n\n<p>Seg\u00fan el reglamento de seguridad en el trabajo, con la puesta en marcha se inician las obligaciones de la empresa operadora.<\/p>\n\n\t<\/div>\n\n<\/div>\n\n<\/div>\n\n<\/div>\n\n\n\n<div class=\"wp-block-mix-blocks-section container-fluid mix-section\" style=\"background-image:url(https:\/\/www.mixaco.com\/es\/wp-content\/uploads\/sites\/3\/2022\/12\/cta-mixaco-contacto-stefan-schoenfeld-ventas.webp);height:100vh;background-color:\"><div class=\"wp-bootstrap-blocks-container container mb-0\">\n\t\n<div class=\"wp-bootstrap-blocks-row row\">\n\t\n\n<div class=\"col-12 col-sm-12 col-md-5\">\n\t\t\t\n\n<h2 class=\"wp-block-heading has-white-color has-text-color\">Para m\u00e1s informaci\u00f3n, estamos a su entera disposici\u00f3n.<\/h2>\n\n\n\n<h3 class=\"wp-block-heading mb-4 has-white-color has-text-color\">Stefan Sch\u00f6nfeld<br><span class=\"light\">Ventas <\/span>Alemania<\/h3>\n\n\n\n<p class=\"mb-0 has-white-color has-text-color\">MIXACO <br>Dr. Herfeld GmbH &amp; Co. KG <br>Niederheide 2 <br>58809 Neuenrade <br><br><span class=\"tel light\"><a href=\"tel:+49 2392 9644-40\">+49 (0)2392 9644-40<\/a><\/span><br><span class=\"mail light\"><a class=\"mix-email-decoded\" href=\"mailto:sa&#108;&#101;s&#64;&#109;ixa&#99;o.&#100;&#101;\">s&#97;&#108;es&#64;&#109;ixa&#99;&#111;&#46;&#100;&#101;<\/a><\/span><\/p>\n\n\t<\/div>\n\n<\/div>\n\n<\/div>\n<\/div>\n","protected":false},"excerpt":{"rendered":"","protected":false},"author":4,"featured_media":0,"parent":1235,"menu_order":2,"comment_status":"closed","ping_status":"closed","template":"","meta":{"_searchwp_excluded":"","inline_featured_image":false,"kk_blocks_editor_width":"","_kiokenblocks_attr":"","_kiokenblocks_dimensions":"","_vp_format_video_url":"","_vp_image_focal_point":[],"editor_notices":[],"footnotes":""},"class_list":["post-1237","page","type-page","status-publish","hentry"],"yoast_head":"<!-- This site is optimized with the Yoast SEO Premium plugin v27.4 (Yoast SEO v27.4) - https:\/\/yoast.com\/product\/yoast-seo-premium-wordpress\/ -->\n<title>Puesta en marcha con servicio t\u00e9cnico integral | MIXACO Espa\u00f1ol<\/title>\n<meta name=\"description\" content=\"Operatividad r\u00e1pida y sencilla: nuestros t\u00e9cnicos ponen en marcha nuestras mezcladoras en sus instalaciones.\" \/>\n<meta name=\"robots\" content=\"index, follow, max-snippet:-1, max-image-preview:large, max-video-preview:-1\" \/>\n<link rel=\"canonical\" href=\"https:\/\/www.mixaco.com\/es\/servicio-tecnico\/puesta-en-marcha\/\" \/>\n<meta property=\"og:locale\" content=\"en_US\" \/>\n<meta property=\"og:type\" content=\"article\" \/>\n<meta property=\"og:title\" content=\"Puesta en marcha\" \/>\n<meta property=\"og:description\" content=\"Operatividad r\u00e1pida y sencilla: nuestros t\u00e9cnicos ponen en marcha nuestras mezcladoras en sus instalaciones.\" \/>\n<meta property=\"og:url\" content=\"https:\/\/www.mixaco.com\/es\/servicio-tecnico\/puesta-en-marcha\/\" \/>\n<meta property=\"og:site_name\" content=\"MIXACO Espa\u00f1ol\" \/>\n<meta property=\"article:modified_time\" content=\"2023-07-27T08:48:03+00:00\" \/>\n<meta name=\"twitter:card\" content=\"summary_large_image\" \/>\n<script type=\"application\/ld+json\" class=\"yoast-schema-graph\">{\"@context\":\"https:\\\/\\\/schema.org\",\"@graph\":[{\"@type\":\"WebPage\",\"@id\":\"https:\\\/\\\/www.mixaco.com\\\/es\\\/servicio-tecnico\\\/puesta-en-marcha\\\/\",\"url\":\"https:\\\/\\\/www.mixaco.com\\\/es\\\/servicio-tecnico\\\/puesta-en-marcha\\\/\",\"name\":\"Puesta en marcha con servicio t\u00e9cnico integral | MIXACO Espa\u00f1ol\",\"isPartOf\":{\"@id\":\"https:\\\/\\\/www.mixaco.com\\\/es\\\/#website\"},\"datePublished\":\"2022-07-13T11:20:29+00:00\",\"dateModified\":\"2023-07-27T08:48:03+00:00\",\"description\":\"Operatividad r\u00e1pida y sencilla: nuestros t\u00e9cnicos ponen en marcha nuestras mezcladoras en sus instalaciones.\",\"breadcrumb\":{\"@id\":\"https:\\\/\\\/www.mixaco.com\\\/es\\\/servicio-tecnico\\\/puesta-en-marcha\\\/#breadcrumb\"},\"inLanguage\":\"en-US\",\"potentialAction\":[{\"@type\":\"ReadAction\",\"target\":[\"https:\\\/\\\/www.mixaco.com\\\/es\\\/servicio-tecnico\\\/puesta-en-marcha\\\/\"]}]},{\"@type\":\"BreadcrumbList\",\"@id\":\"https:\\\/\\\/www.mixaco.com\\\/es\\\/servicio-tecnico\\\/puesta-en-marcha\\\/#breadcrumb\",\"itemListElement\":[{\"@type\":\"ListItem\",\"position\":1,\"name\":\"Inicio\",\"item\":\"https:\\\/\\\/www.mixaco.com\\\/es\\\/\"},{\"@type\":\"ListItem\",\"position\":2,\"name\":\"Servicio t\u00e9cnico\",\"item\":\"https:\\\/\\\/www.mixaco.com\\\/es\\\/servicio-tecnico\\\/\"},{\"@type\":\"ListItem\",\"position\":3,\"name\":\"Puesta en marcha\"}]},{\"@type\":\"WebSite\",\"@id\":\"https:\\\/\\\/www.mixaco.com\\\/es\\\/#website\",\"url\":\"https:\\\/\\\/www.mixaco.com\\\/es\\\/\",\"name\":\"MIXACO Espa\u00f1ol\",\"description\":\"Mezcladoras industriales del l\u00edder en innovaci\u00f3n\",\"publisher\":{\"@id\":\"https:\\\/\\\/www.mixaco.com\\\/es\\\/#organization\"},\"potentialAction\":[{\"@type\":\"SearchAction\",\"target\":{\"@type\":\"EntryPoint\",\"urlTemplate\":\"https:\\\/\\\/www.mixaco.com\\\/es\\\/?s={search_term_string}\"},\"query-input\":{\"@type\":\"PropertyValueSpecification\",\"valueRequired\":true,\"valueName\":\"search_term_string\"}}],\"inLanguage\":\"en-US\"},{\"@type\":\"Organization\",\"@id\":\"https:\\\/\\\/www.mixaco.com\\\/es\\\/#organization\",\"name\":\"MIXACO Maschinenbau Dr. Herfeld GmbH & Co. KG\",\"url\":\"https:\\\/\\\/www.mixaco.com\\\/es\\\/\",\"logo\":{\"@type\":\"ImageObject\",\"inLanguage\":\"en-US\",\"@id\":\"https:\\\/\\\/www.mixaco.com\\\/es\\\/#\\\/schema\\\/logo\\\/image\\\/\",\"url\":\"https:\\\/\\\/www.mixaco.com\\\/es\\\/wp-content\\\/uploads\\\/sites\\\/3\\\/2024\\\/11\\\/mixaco-logo.svg\",\"contentUrl\":\"https:\\\/\\\/www.mixaco.com\\\/es\\\/wp-content\\\/uploads\\\/sites\\\/3\\\/2024\\\/11\\\/mixaco-logo.svg\",\"caption\":\"MIXACO Maschinenbau Dr. Herfeld GmbH & Co. KG\"},\"image\":{\"@id\":\"https:\\\/\\\/www.mixaco.com\\\/es\\\/#\\\/schema\\\/logo\\\/image\\\/\"},\"sameAs\":[\"https:\\\/\\\/www.linkedin.com\\\/company\\\/mixaco-maschinenbau\\\/\",\"https:\\\/\\\/www.youtube.com\\\/@mixaco\\\/videos\"]}]}<\/script>\n<!-- \/ Yoast SEO Premium plugin. -->","yoast_head_json":{"title":"Puesta en marcha con servicio t\u00e9cnico integral | MIXACO Espa\u00f1ol","description":"Operatividad r\u00e1pida y sencilla: nuestros t\u00e9cnicos ponen en marcha nuestras mezcladoras en sus instalaciones.","robots":{"index":"index","follow":"follow","max-snippet":"max-snippet:-1","max-image-preview":"max-image-preview:large","max-video-preview":"max-video-preview:-1"},"canonical":"https:\/\/www.mixaco.com\/es\/servicio-tecnico\/puesta-en-marcha\/","og_locale":"en_US","og_type":"article","og_title":"Puesta en marcha","og_description":"Operatividad r\u00e1pida y sencilla: nuestros t\u00e9cnicos ponen en marcha nuestras mezcladoras en sus instalaciones.","og_url":"https:\/\/www.mixaco.com\/es\/servicio-tecnico\/puesta-en-marcha\/","og_site_name":"MIXACO Espa\u00f1ol","article_modified_time":"2023-07-27T08:48:03+00:00","twitter_card":"summary_large_image","schema":{"@context":"https:\/\/schema.org","@graph":[{"@type":"WebPage","@id":"https:\/\/www.mixaco.com\/es\/servicio-tecnico\/puesta-en-marcha\/","url":"https:\/\/www.mixaco.com\/es\/servicio-tecnico\/puesta-en-marcha\/","name":"Puesta en marcha con servicio t\u00e9cnico integral | MIXACO Espa\u00f1ol","isPartOf":{"@id":"https:\/\/www.mixaco.com\/es\/#website"},"datePublished":"2022-07-13T11:20:29+00:00","dateModified":"2023-07-27T08:48:03+00:00","description":"Operatividad r\u00e1pida y sencilla: nuestros t\u00e9cnicos ponen en marcha nuestras mezcladoras en sus instalaciones.","breadcrumb":{"@id":"https:\/\/www.mixaco.com\/es\/servicio-tecnico\/puesta-en-marcha\/#breadcrumb"},"inLanguage":"en-US","potentialAction":[{"@type":"ReadAction","target":["https:\/\/www.mixaco.com\/es\/servicio-tecnico\/puesta-en-marcha\/"]}]},{"@type":"BreadcrumbList","@id":"https:\/\/www.mixaco.com\/es\/servicio-tecnico\/puesta-en-marcha\/#breadcrumb","itemListElement":[{"@type":"ListItem","position":1,"name":"Inicio","item":"https:\/\/www.mixaco.com\/es\/"},{"@type":"ListItem","position":2,"name":"Servicio t\u00e9cnico","item":"https:\/\/www.mixaco.com\/es\/servicio-tecnico\/"},{"@type":"ListItem","position":3,"name":"Puesta en marcha"}]},{"@type":"WebSite","@id":"https:\/\/www.mixaco.com\/es\/#website","url":"https:\/\/www.mixaco.com\/es\/","name":"MIXACO Espa\u00f1ol","description":"Mezcladoras industriales del l\u00edder en innovaci\u00f3n","publisher":{"@id":"https:\/\/www.mixaco.com\/es\/#organization"},"potentialAction":[{"@type":"SearchAction","target":{"@type":"EntryPoint","urlTemplate":"https:\/\/www.mixaco.com\/es\/?s={search_term_string}"},"query-input":{"@type":"PropertyValueSpecification","valueRequired":true,"valueName":"search_term_string"}}],"inLanguage":"en-US"},{"@type":"Organization","@id":"https:\/\/www.mixaco.com\/es\/#organization","name":"MIXACO Maschinenbau Dr. Herfeld GmbH & Co. KG","url":"https:\/\/www.mixaco.com\/es\/","logo":{"@type":"ImageObject","inLanguage":"en-US","@id":"https:\/\/www.mixaco.com\/es\/#\/schema\/logo\/image\/","url":"https:\/\/www.mixaco.com\/es\/wp-content\/uploads\/sites\/3\/2024\/11\/mixaco-logo.svg","contentUrl":"https:\/\/www.mixaco.com\/es\/wp-content\/uploads\/sites\/3\/2024\/11\/mixaco-logo.svg","caption":"MIXACO Maschinenbau Dr. Herfeld GmbH & Co. KG"},"image":{"@id":"https:\/\/www.mixaco.com\/es\/#\/schema\/logo\/image\/"},"sameAs":["https:\/\/www.linkedin.com\/company\/mixaco-maschinenbau\/","https:\/\/www.youtube.com\/@mixaco\/videos"]}]}},"_links":{"self":[{"href":"https:\/\/www.mixaco.com\/es\/wp-json\/wp\/v2\/pages\/1237","targetHints":{"allow":["GET"]}}],"collection":[{"href":"https:\/\/www.mixaco.com\/es\/wp-json\/wp\/v2\/pages"}],"about":[{"href":"https:\/\/www.mixaco.com\/es\/wp-json\/wp\/v2\/types\/page"}],"author":[{"embeddable":true,"href":"https:\/\/www.mixaco.com\/es\/wp-json\/wp\/v2\/users\/4"}],"replies":[{"embeddable":true,"href":"https:\/\/www.mixaco.com\/es\/wp-json\/wp\/v2\/comments?post=1237"}],"version-history":[{"count":0,"href":"https:\/\/www.mixaco.com\/es\/wp-json\/wp\/v2\/pages\/1237\/revisions"}],"up":[{"embeddable":true,"href":"https:\/\/www.mixaco.com\/es\/wp-json\/wp\/v2\/pages\/1235"}],"wp:attachment":[{"href":"https:\/\/www.mixaco.com\/es\/wp-json\/wp\/v2\/media?parent=1237"}],"curies":[{"name":"wp","href":"https:\/\/api.w.org\/{rel}","templated":true}]}}