{"id":1239,"date":"2022-07-13T12:55:26","date_gmt":"2022-07-13T10:55:26","guid":{"rendered":"https:\/\/www.mixaco.com\/es\/wartung-ersatzteile-reparatur\/"},"modified":"2025-04-22T08:25:37","modified_gmt":"2025-04-22T06:25:37","slug":"mantenimiento","status":"publish","type":"page","link":"https:\/\/www.mixaco.com\/es\/servicio-tecnico\/mantenimiento\/","title":{"rendered":"Mantenimiento, piezas de repuesto y reparaci\u00f3n"},"content":{"rendered":"<div class=\"wp-bootstrap-blocks-container container-fluid mb-2\">\n\t\n<div class=\"wp-bootstrap-blocks-container container mb-2 container-section test\">\n\t\n<div class=\"wp-bootstrap-blocks-row row\">\n\t\n\n<div class=\"col-12 col-md-12\">\n\t\t\t\n<div class=\"wp-bootstrap-blocks-row row\">\n\t\n\n<div class=\"col-12 col-md-6 mb-5\">\n\t\t\t\n\n<h1 class=\"wp-block-heading\" id=\"h-mantenimiento-piezas-de-repuesto-y-reparacion-reducir-tiempos-de-inactividad\">Mantenimiento, piezas de repuesto y reparaci\u00f3n \u2013 <span class=\"light\">Reducir tiempos de inactividad<\/span><\/h1>\n\n\t<\/div>\n\n<\/div>\n\n\t<\/div>\n\n<\/div>\n\n<\/div>\n\n<\/div>\n\n\n\n<div class=\"wp-block-mix-blocks-key-visual-text key-visual\" style=\"background-image:url(https:\/\/www.mixaco.com\/es\/wp-content\/uploads\/sites\/3\/2022\/12\/Mixaco-servicio-categoria-hero.webp);height:100vh\"><div class=\"container-fluid\"><div class=\"row\"><div class=\"key-visual__content\"><\/div><\/div><\/div><div style=\"background-image:url(https:\/\/www.mixaco.com\/es\/wp-content\/uploads\/sites\/3\/2022\/12\/Mixaco-servicio-categoria-hero.webp)\" class=\"key-visual__image\"><\/div><\/div>\n\n\n<div class=\"wp-bootstrap-blocks-container container-fluid mb-0 container-section\">\n\t\n<div class=\"wp-bootstrap-blocks-container container mb-2\">\n\t\n<div class=\"wp-bootstrap-blocks-row row d-flex justify-content-center\">\n\t\n\n<div class=\"col-12 col-sm-12 col-md-8 col-lg-7 col-xl-6\">\n\t\t\t\n\n<h2 class=\"wp-block-heading\" id=\"h-mantenimiento-un-mantenimiento-individual-reduce-gastos\">Mantenimiento: <span class=\"light\">un mantenimiento individual reduce gastos<br><\/span><\/h2>\n\n\n<div class=\"wp-bootstrap-blocks-row row\">\n\t\n\n<div class=\"col-12 col-sm-12 col-md-12 col-lg-12 col-xl-6\">\n\t\t\t\n\n<p>Nuestra ingenier\u00eda mec\u00e1nica acreditada y de alta calidad reduce al m\u00ednimo los casos de aver\u00eda y los tiempos de inactividad.<\/p>\n\n\n\n<p>Muchas de nuestras mezcladoras llevan m\u00e1s de 30 a\u00f1os funcionando en el mundo: una prueba impresionante de la robustez y fiabilidad de nuestra tecnolog\u00eda de mezclado \u00abMade in Germany\u00bb.<\/p>\n\n\t<\/div>\n\n\n\n<div class=\"col-12 col-sm-12 col-md-12 col-lg-12 col-xl-6 hide-tablet\">\n\t\t\t\n\n<p><meta charset=\"utf-8\">Gracias a nuestros m\u00e1s de 50 a\u00f1os de experiencia, sabemos c\u00f3mo se pueden reducir los tiempos de inactividad con un mantenimiento espec\u00edfico y proactivo.<\/p>\n\n\t<\/div>\n\n<\/div>\n\n\n<div class=\"wp-bootstrap-blocks-row row\">\n\t\n\n<div class=\"col-12\">\n\t\t\t\t<\/div>\n\n<\/div>\n\n\n\n<p><\/p>\n\n\n\n<h3 class=\"wp-block-heading\" id=\"h-intervalos-de-mantenimiento-individuales-en-lugar-de-contratos-de-mantenimiento-estandar\">Intervalos de mantenimiento individuales en lugar de contratos de mantenimiento est\u00e1ndar<\/h3>\n\n\n\n<p>Nuestro mantenimiento est\u00e1 dise\u00f1ado espec\u00edficamente para sus mezcladoras y el uso que haga de ellas reduciendo as\u00ed los gastos de mantenimiento.<\/p>\n\n\n\n<ul class=\"wp-block-list\">\n<li>Un mantenimiento espec\u00edfico que reduce gastos y aumenta la eficiencia<\/li>\n\n\n\n<li>Un mantenimiento espec\u00edfico para las mezcladoras y su aplicaci\u00f3n<\/li>\n\n\n\n<li>Nos ponemos en contacto con usted autom\u00e1ticamente en intervalos sensatos y en funci\u00f3n del uso<\/li>\n\n\n\n<li>\u00danicamente se realiza un mantenimiento cuando es realmente necesario<\/li>\n\n\n\n<li>Gracias a la monitorizaci\u00f3n remota es posible realizar un mantenimiento preventivo<\/li>\n\n\n\n<li>Actualizaci\u00f3n remota de software<\/li>\n<\/ul>\n\n\t<\/div>\n\n<\/div>\n\n<\/div>\n\n<\/div>\n\n\n<div class=\"wp-bootstrap-blocks-container container-fluid mb-0 container-section light\">\n\t\n<div class=\"wp-bootstrap-blocks-container container mb-2\">\n\t\n<div class=\"wp-bootstrap-blocks-row row d-flex justify-content-center\">\n\t\n\n<div class=\"col-12 col-sm-12 col-md-8 col-lg-7 col-xl-6\">\n\t\t\t\n\n<h2 class=\"wp-block-heading\" id=\"h-piezas-de-repuesto-y-reparacion-evitar-tiempos-de-inactividad-gracias-a-los-paquetes-de-piezas-de-repuesto-in-situ\">Piezas de repuesto y reparaci\u00f3n: <span class=\"light\"><span class=\"light\">Evitar tiempos de inactividad gracias a los paquetes de piezas de repuesto in situ<\/span><\/span><\/h2>\n\n\n<div class=\"wp-bootstrap-blocks-row row\">\n\t\n\n<div class=\"col-12 col-sm-12 col-md-12 col-lg-12 col-xl-6\">\n\t\t\t\n\n<p>Incluso una tecnolog\u00eda fiable y robusta no puede evitar del todo la aparici\u00f3n de desgaste.<\/p>\n\n\n\n<p>Para poder realizar reparaciones inmediatas por cuenta propia, recomendamos tener paquetes personalizados de piezas de desgaste&nbsp;\u2013 porque sabemos exactamente qu\u00e9 pieza hay que sustituir y cu\u00e1ndo.<\/p>\n\n\t<\/div>\n\n\n\n<div class=\"col-12 col-sm-12 col-md-12 col-lg-12 col-xl-6 hide-tablet\">\n\t\t\t\n\n<p><meta charset=\"utf-8\">As\u00ed siempre tendr\u00e1 disponibles piezas de repuesto importantes para su mezcladora y podr\u00e1 reducir dr\u00e1sticamente los tiempos de parada.<\/p>\n\n\t<\/div>\n\n<\/div>\n\n\n\n<h3 class=\"wp-block-heading\" id=\"h-entrega-rapida-de-piezas-de-repuesto-y-servicio-tecnico-internacional-para-reparaciones\">Entrega r\u00e1pida de piezas de repuesto y servicio t\u00e9cnico internacional para reparaciones<\/h3>\n\n\n\n<ul class=\"wp-block-list\">\n<li>Env\u00edo r\u00e1pido de piezas de repuesto incluso por correo expr\u00e9s y flete especial<\/li>\n\n\n\n<li>Nuestro equipo del servicio t\u00e9cnico es r\u00e1pido all\u00ed donde se encuentre<\/li>\n\n\n\n<li>Piezas de repuesto para mezcladoras de otros fabricantes<\/li>\n\n\n\n<li>Alta disponibilidad de todas las piezas habituales<\/li>\n\n\n\n<li>Disponibilidad de piezas de repuesto garantizada durante muchos a\u00f1os<\/li>\n<\/ul>\n\n\t<\/div>\n\n<\/div>\n\n<\/div>\n\n<\/div>\n\n\n\n<div class=\"wp-block-mix-blocks-section container-fluid mix-section\" style=\"background-image:url(https:\/\/www.mixaco.com\/es\/wp-content\/uploads\/sites\/3\/2025\/04\/cta-mixaco-equipo-servicio.webp);height:100vh;background-color:\"><div class=\"wp-bootstrap-blocks-container container mb-0\">\n\t\n<div class=\"wp-bootstrap-blocks-row row\">\n\t\n\n<div class=\"col-12 col-sm-12 col-md-5\">\n\t\t\t\n\n<h2 class=\"wp-block-heading has-white-color has-text-color\" id=\"h-para-mas-informacion-estamos-a-su-entera-disposicion\">Para m\u00e1s informaci\u00f3n, estamos a su entera disposici\u00f3n.<\/h2>\n\n\n\n<h3 class=\"wp-block-heading mb-4 has-white-color has-text-color\" id=\"h-\"><\/h3>\n\n\n\n<p class=\"mb-0 has-white-color has-text-color\">MIXACO <br>Dr. Herfeld GmbH &amp; Co. KG <br>Niederheide 2 <br>58809 Neuenrade <br><br><span class=\"tel light\"><a href=\"tel:+49 2392 9644-15\">+49 (0)2392 9644-0<\/a><\/span><br><span class=\"mail light\"><a class=\"mix-email-decoded\" href=\"mailto:&#115;&#101;r&#118;&#105;&#99;e&#64;mixa&#99;o.&#100;&#101;\">&#115;&#101;r&#118;ic&#101;&#64;mixa&#99;o.de<\/a><\/span><\/p>\n\n\t<\/div>\n\n<\/div>\n\n<\/div>\n<\/div>\n","protected":false},"excerpt":{"rendered":"","protected":false},"author":4,"featured_media":0,"parent":1235,"menu_order":2,"comment_status":"closed","ping_status":"closed","template":"","meta":{"_searchwp_excluded":"","inline_featured_image":false,"kk_blocks_editor_width":"","_kiokenblocks_attr":"","_kiokenblocks_dimensions":"","_vp_format_video_url":"","_vp_image_focal_point":[],"editor_notices":[],"footnotes":""},"class_list":["post-1239","page","type-page","status-publish","hentry"],"yoast_head":"<!-- This site is optimized with the Yoast SEO Premium plugin v27.4 (Yoast SEO v27.4) - https:\/\/yoast.com\/product\/yoast-seo-premium-wordpress\/ -->\n<title>Mantenimiento, piezas de repuesto y reparaci\u00f3n | MIXACO Espa\u00f1ol<\/title>\n<meta name=\"description\" content=\"Un mantenimiento individual reduce gastos. Mantenimiento remoto y cloud monitoring. Servicio t\u00e9cnico completo para mezcladoras industriales MIXACO.\" \/>\n<meta name=\"robots\" content=\"index, follow, max-snippet:-1, max-image-preview:large, max-video-preview:-1\" \/>\n<link rel=\"canonical\" href=\"https:\/\/www.mixaco.com\/es\/servicio-tecnico\/mantenimiento\/\" \/>\n<meta property=\"og:locale\" content=\"en_US\" \/>\n<meta property=\"og:type\" content=\"article\" \/>\n<meta property=\"og:title\" content=\"Mantenimiento, piezas de repuesto y reparaci\u00f3n\" \/>\n<meta property=\"og:description\" content=\"Un mantenimiento individual reduce gastos. Mantenimiento remoto y cloud monitoring. Servicio t\u00e9cnico completo para mezcladoras industriales MIXACO.\" \/>\n<meta property=\"og:url\" content=\"https:\/\/www.mixaco.com\/es\/servicio-tecnico\/mantenimiento\/\" \/>\n<meta property=\"og:site_name\" content=\"MIXACO Espa\u00f1ol\" \/>\n<meta property=\"article:modified_time\" content=\"2025-04-22T06:25:37+00:00\" \/>\n<meta name=\"twitter:card\" content=\"summary_large_image\" \/>\n<script type=\"application\/ld+json\" class=\"yoast-schema-graph\">{\"@context\":\"https:\\\/\\\/schema.org\",\"@graph\":[{\"@type\":\"WebPage\",\"@id\":\"https:\\\/\\\/www.mixaco.com\\\/es\\\/servicio-tecnico\\\/mantenimiento\\\/\",\"url\":\"https:\\\/\\\/www.mixaco.com\\\/es\\\/servicio-tecnico\\\/mantenimiento\\\/\",\"name\":\"Mantenimiento, piezas de repuesto y reparaci\u00f3n | MIXACO Espa\u00f1ol\",\"isPartOf\":{\"@id\":\"https:\\\/\\\/www.mixaco.com\\\/es\\\/#website\"},\"datePublished\":\"2022-07-13T10:55:26+00:00\",\"dateModified\":\"2025-04-22T06:25:37+00:00\",\"description\":\"Un mantenimiento individual reduce gastos. Mantenimiento remoto y cloud monitoring. Servicio t\u00e9cnico completo para mezcladoras industriales MIXACO.\",\"breadcrumb\":{\"@id\":\"https:\\\/\\\/www.mixaco.com\\\/es\\\/servicio-tecnico\\\/mantenimiento\\\/#breadcrumb\"},\"inLanguage\":\"en-US\",\"potentialAction\":[{\"@type\":\"ReadAction\",\"target\":[\"https:\\\/\\\/www.mixaco.com\\\/es\\\/servicio-tecnico\\\/mantenimiento\\\/\"]}]},{\"@type\":\"BreadcrumbList\",\"@id\":\"https:\\\/\\\/www.mixaco.com\\\/es\\\/servicio-tecnico\\\/mantenimiento\\\/#breadcrumb\",\"itemListElement\":[{\"@type\":\"ListItem\",\"position\":1,\"name\":\"Inicio\",\"item\":\"https:\\\/\\\/www.mixaco.com\\\/es\\\/\"},{\"@type\":\"ListItem\",\"position\":2,\"name\":\"Servicio t\u00e9cnico\",\"item\":\"https:\\\/\\\/www.mixaco.com\\\/es\\\/servicio-tecnico\\\/\"},{\"@type\":\"ListItem\",\"position\":3,\"name\":\"Mantenimiento, piezas de repuesto y reparaci\u00f3n\"}]},{\"@type\":\"WebSite\",\"@id\":\"https:\\\/\\\/www.mixaco.com\\\/es\\\/#website\",\"url\":\"https:\\\/\\\/www.mixaco.com\\\/es\\\/\",\"name\":\"MIXACO Espa\u00f1ol\",\"description\":\"Mezcladoras industriales del l\u00edder en innovaci\u00f3n\",\"publisher\":{\"@id\":\"https:\\\/\\\/www.mixaco.com\\\/es\\\/#organization\"},\"potentialAction\":[{\"@type\":\"SearchAction\",\"target\":{\"@type\":\"EntryPoint\",\"urlTemplate\":\"https:\\\/\\\/www.mixaco.com\\\/es\\\/?s={search_term_string}\"},\"query-input\":{\"@type\":\"PropertyValueSpecification\",\"valueRequired\":true,\"valueName\":\"search_term_string\"}}],\"inLanguage\":\"en-US\"},{\"@type\":\"Organization\",\"@id\":\"https:\\\/\\\/www.mixaco.com\\\/es\\\/#organization\",\"name\":\"MIXACO Maschinenbau Dr. Herfeld GmbH & Co. KG\",\"url\":\"https:\\\/\\\/www.mixaco.com\\\/es\\\/\",\"logo\":{\"@type\":\"ImageObject\",\"inLanguage\":\"en-US\",\"@id\":\"https:\\\/\\\/www.mixaco.com\\\/es\\\/#\\\/schema\\\/logo\\\/image\\\/\",\"url\":\"https:\\\/\\\/www.mixaco.com\\\/es\\\/wp-content\\\/uploads\\\/sites\\\/3\\\/2024\\\/11\\\/mixaco-logo.svg\",\"contentUrl\":\"https:\\\/\\\/www.mixaco.com\\\/es\\\/wp-content\\\/uploads\\\/sites\\\/3\\\/2024\\\/11\\\/mixaco-logo.svg\",\"caption\":\"MIXACO Maschinenbau Dr. Herfeld GmbH & Co. KG\"},\"image\":{\"@id\":\"https:\\\/\\\/www.mixaco.com\\\/es\\\/#\\\/schema\\\/logo\\\/image\\\/\"},\"sameAs\":[\"https:\\\/\\\/www.linkedin.com\\\/company\\\/mixaco-maschinenbau\\\/\",\"https:\\\/\\\/www.youtube.com\\\/@mixaco\\\/videos\"]}]}<\/script>\n<!-- \/ Yoast SEO Premium plugin. -->","yoast_head_json":{"title":"Mantenimiento, piezas de repuesto y reparaci\u00f3n | MIXACO Espa\u00f1ol","description":"Un mantenimiento individual reduce gastos. Mantenimiento remoto y cloud monitoring. Servicio t\u00e9cnico completo para mezcladoras industriales MIXACO.","robots":{"index":"index","follow":"follow","max-snippet":"max-snippet:-1","max-image-preview":"max-image-preview:large","max-video-preview":"max-video-preview:-1"},"canonical":"https:\/\/www.mixaco.com\/es\/servicio-tecnico\/mantenimiento\/","og_locale":"en_US","og_type":"article","og_title":"Mantenimiento, piezas de repuesto y reparaci\u00f3n","og_description":"Un mantenimiento individual reduce gastos. Mantenimiento remoto y cloud monitoring. Servicio t\u00e9cnico completo para mezcladoras industriales MIXACO.","og_url":"https:\/\/www.mixaco.com\/es\/servicio-tecnico\/mantenimiento\/","og_site_name":"MIXACO Espa\u00f1ol","article_modified_time":"2025-04-22T06:25:37+00:00","twitter_card":"summary_large_image","schema":{"@context":"https:\/\/schema.org","@graph":[{"@type":"WebPage","@id":"https:\/\/www.mixaco.com\/es\/servicio-tecnico\/mantenimiento\/","url":"https:\/\/www.mixaco.com\/es\/servicio-tecnico\/mantenimiento\/","name":"Mantenimiento, piezas de repuesto y reparaci\u00f3n | MIXACO Espa\u00f1ol","isPartOf":{"@id":"https:\/\/www.mixaco.com\/es\/#website"},"datePublished":"2022-07-13T10:55:26+00:00","dateModified":"2025-04-22T06:25:37+00:00","description":"Un mantenimiento individual reduce gastos. Mantenimiento remoto y cloud monitoring. Servicio t\u00e9cnico completo para mezcladoras industriales MIXACO.","breadcrumb":{"@id":"https:\/\/www.mixaco.com\/es\/servicio-tecnico\/mantenimiento\/#breadcrumb"},"inLanguage":"en-US","potentialAction":[{"@type":"ReadAction","target":["https:\/\/www.mixaco.com\/es\/servicio-tecnico\/mantenimiento\/"]}]},{"@type":"BreadcrumbList","@id":"https:\/\/www.mixaco.com\/es\/servicio-tecnico\/mantenimiento\/#breadcrumb","itemListElement":[{"@type":"ListItem","position":1,"name":"Inicio","item":"https:\/\/www.mixaco.com\/es\/"},{"@type":"ListItem","position":2,"name":"Servicio t\u00e9cnico","item":"https:\/\/www.mixaco.com\/es\/servicio-tecnico\/"},{"@type":"ListItem","position":3,"name":"Mantenimiento, piezas de repuesto y reparaci\u00f3n"}]},{"@type":"WebSite","@id":"https:\/\/www.mixaco.com\/es\/#website","url":"https:\/\/www.mixaco.com\/es\/","name":"MIXACO Espa\u00f1ol","description":"Mezcladoras industriales del l\u00edder en innovaci\u00f3n","publisher":{"@id":"https:\/\/www.mixaco.com\/es\/#organization"},"potentialAction":[{"@type":"SearchAction","target":{"@type":"EntryPoint","urlTemplate":"https:\/\/www.mixaco.com\/es\/?s={search_term_string}"},"query-input":{"@type":"PropertyValueSpecification","valueRequired":true,"valueName":"search_term_string"}}],"inLanguage":"en-US"},{"@type":"Organization","@id":"https:\/\/www.mixaco.com\/es\/#organization","name":"MIXACO Maschinenbau Dr. Herfeld GmbH & Co. KG","url":"https:\/\/www.mixaco.com\/es\/","logo":{"@type":"ImageObject","inLanguage":"en-US","@id":"https:\/\/www.mixaco.com\/es\/#\/schema\/logo\/image\/","url":"https:\/\/www.mixaco.com\/es\/wp-content\/uploads\/sites\/3\/2024\/11\/mixaco-logo.svg","contentUrl":"https:\/\/www.mixaco.com\/es\/wp-content\/uploads\/sites\/3\/2024\/11\/mixaco-logo.svg","caption":"MIXACO Maschinenbau Dr. Herfeld GmbH & Co. KG"},"image":{"@id":"https:\/\/www.mixaco.com\/es\/#\/schema\/logo\/image\/"},"sameAs":["https:\/\/www.linkedin.com\/company\/mixaco-maschinenbau\/","https:\/\/www.youtube.com\/@mixaco\/videos"]}]}},"_links":{"self":[{"href":"https:\/\/www.mixaco.com\/es\/wp-json\/wp\/v2\/pages\/1239","targetHints":{"allow":["GET"]}}],"collection":[{"href":"https:\/\/www.mixaco.com\/es\/wp-json\/wp\/v2\/pages"}],"about":[{"href":"https:\/\/www.mixaco.com\/es\/wp-json\/wp\/v2\/types\/page"}],"author":[{"embeddable":true,"href":"https:\/\/www.mixaco.com\/es\/wp-json\/wp\/v2\/users\/4"}],"replies":[{"embeddable":true,"href":"https:\/\/www.mixaco.com\/es\/wp-json\/wp\/v2\/comments?post=1239"}],"version-history":[{"count":2,"href":"https:\/\/www.mixaco.com\/es\/wp-json\/wp\/v2\/pages\/1239\/revisions"}],"predecessor-version":[{"id":2891,"href":"https:\/\/www.mixaco.com\/es\/wp-json\/wp\/v2\/pages\/1239\/revisions\/2891"}],"up":[{"embeddable":true,"href":"https:\/\/www.mixaco.com\/es\/wp-json\/wp\/v2\/pages\/1235"}],"wp:attachment":[{"href":"https:\/\/www.mixaco.com\/es\/wp-json\/wp\/v2\/media?parent=1239"}],"curies":[{"name":"wp","href":"https:\/\/api.w.org\/{rel}","templated":true}]}}