{"id":1241,"date":"2022-07-12T11:20:32","date_gmt":"2022-07-12T09:20:32","guid":{"rendered":"https:\/\/www.mixaco.com\/es\/mischer-kostenlos-testen\/"},"modified":"2025-08-06T16:05:47","modified_gmt":"2025-08-06T14:05:47","slug":"probar-mezcladora-gratuitamente","status":"publish","type":"page","link":"https:\/\/www.mixaco.com\/es\/servicio-tecnico\/probar-mezcladora-gratuitamente\/","title":{"rendered":"Probar una mezcladora gratuitamente"},"content":{"rendered":"<div class=\"wp-bootstrap-blocks-container container-fluid mb-2\">\n\t\n<div class=\"wp-bootstrap-blocks-container container mb-2 container-section test\">\n\t\n<div class=\"wp-bootstrap-blocks-row row\">\n\t\n\n<div class=\"col-12 col-md-12\">\n\t\t\t\n<div class=\"wp-bootstrap-blocks-row row\">\n\t\n\n<div class=\"col-12 col-md-6 mb-5\">\n\t\t\t\n\n<h1 class=\"wp-block-heading\" id=\"h-probar-una-mezcladora-gratuitamente-con-sus-propias-materias-primas\">Probar una mezcladora gratuitamente. <span class=\"light\">Con sus propias materias primas <\/span><\/h1>\n\n\n\n<a href=\"\/es\/probar-mezcladora\/\" class=\"wp-block-mix-blocks-button btn  btnu002du002dround btn--round\" style=\"margin:0px 0 0 0\"><span>Solicitar un mezclado de prueba<\/span><\/a>\n\n\t<\/div>\n\n<\/div>\n\n\t<\/div>\n\n<\/div>\n\n<\/div>\n\n<\/div>\n\n\n\n<div class=\"wp-block-mix-blocks-key-visual-text key-visual\" style=\"background-image:url(https:\/\/www.mixaco.com\/es\/wp-content\/uploads\/sites\/3\/2022\/12\/Mixaco-servicio-mezclador-hero.webp);height:100vh\"><div class=\"container-fluid\"><div class=\"row\"><div class=\"key-visual__content\"><\/div><\/div><\/div><div style=\"background-image:url(https:\/\/www.mixaco.com\/es\/wp-content\/uploads\/sites\/3\/2022\/12\/Mixaco-servicio-mezclador-hero.webp)\" class=\"key-visual__image\"><\/div><\/div>\n\n\n<div class=\"wp-bootstrap-blocks-container container-fluid mb-0 container-section\">\n\t\n<div class=\"wp-bootstrap-blocks-container container mb-2\">\n\t\n<div class=\"wp-bootstrap-blocks-row row d-flex justify-content-center\">\n\t\n\n<div class=\"col-12 col-sm-12 col-md-8 col-lg-7 col-xl-6\">\n\t\t\t\n\n<h2 class=\"wp-block-heading\" id=\"h-pruebe-sus-programas-directamente-en-la-mezcladora-que-necesita-en-nuestro-centro-de-ensayos-gratuitamente-y-sin-ningun-compromiso\">Pruebe sus programas directamente en la mezcladora que necesita en nuestro centro de ensayos. <span class=\"light\">Gratuitamente y sin ning\u00fan compromiso<\/span><\/h2>\n\n\n\n<p>El mezclado de prueba con sus propias materias primas tiene muchas ventajas para usted:<\/p>\n\n\n\n<ul class=\"wp-block-list\">\n<li>Benef\u00edciese de nuestra experiencia a la hora de establecer los par\u00e1metros de mezcla y recibir recomendaciones<\/li>\n\n\n\n<li>Analice la homogeneidad del material de mezcla directamente durante el ensayo<\/li>\n\n\n\n<li>Del\u00e9itese con la extraordinaria calidad del resultado de la mezcla<\/li>\n\n\n\n<li>Conv\u00e9nzase de la operaci\u00f3n sencilla y segura de la mezcladora<\/li>\n\n\n\n<li>Vea con sus propios ojos lo r\u00e1pido que se limpian nuestras mezcladoras<\/li>\n\n\n\n<li>El ensayo de mezclado es gratuito y totalmente sin compromiso<\/li>\n\n\n\n<li>Conozca personalmente al equipo MIXACO<\/li>\n<\/ul>\n\n\n\n<a href=\"\/es\/probar-mezcladora\/\" class=\"wp-block-mix-blocks-button btn\" style=\"margin:0 0 0 0\"><span>Solicitar un mezclado de prueba<\/span><\/a>\n\n\t<\/div>\n\n<\/div>\n\n<\/div>\n\n<\/div>\n\n\n\n<div class=\"wp-block-mix-blocks-section container-fluid mix-section center-background-image\" style=\"background-image:url(https:\/\/www.mixaco.com\/wp-content\/uploads\/2021\/12\/mixaco-kernaussage-m.svg);height:60vh;background-color:#D9000D\"><div class=\"wp-bootstrap-blocks-container container mb-0\">\n\t\n<div class=\"wp-bootstrap-blocks-row row justify-content-center\">\n\t\n\n<div class=\"col-12 col-sm-12 col-md-8\">\n\t\t\t\n\n<h2 class=\"wp-block-heading has-text-align-center has-white-color has-text-color\" id=\"h-como-inventores-de-la-mezcladora-de-contenedores-en-mixaco-estamos-comprometidos-con-la-innovacion-en-la-tecnologia-industrial-de-mezclado\">Como inventores de la mezcladora de contenedores, en MIXACO estamos comprometidos con la innovaci\u00f3n en la tecnolog\u00eda industrial de mezclado.<\/h2>\n\n\t<\/div>\n\n\n\n<div class=\"col-12 col-md-6 d-flex justify-content-center\">\n\t\t\t\n\n<a href=\"https:\/\/www.mixaco.com\/es\/mixaco\/centro-de-ensayos\/\" class=\"wp-block-mix-blocks-button btn  btn--secondary\" style=\"margin:0 0 0 0\"><span>Ir a la p\u00e1gina Centro de ensayos<\/span><\/a>\n\n\t<\/div>\n\n<\/div>\n\n<\/div>\n<\/div>\n\n\n\n<div class=\"wp-block-mix-blocks-section container-fluid mix-section\" style=\"background-image:url(https:\/\/www.mixaco.com\/es\/wp-content\/uploads\/sites\/3\/2022\/12\/cta-mixaco-contacto-guido-brand-ventas-marketing.webp);height:100vh;background-color:\"><div class=\"wp-bootstrap-blocks-container container mb-0\">\n\t\n<div class=\"wp-bootstrap-blocks-row row\">\n\t\n\n<div class=\"col-12 col-sm-12 col-md-5\">\n\t\t\t\n\n<h2 class=\"wp-block-heading has-white-color has-text-color\" id=\"h-para-mas-informacion-estamos-a-su-entera-disposicion\">Para m\u00e1s informaci\u00f3n, estamos a su entera disposici\u00f3n.<\/h2>\n\n\n\n<h3 class=\"wp-block-heading mb-4 has-white-color has-text-color\" id=\"h-guido-brand-ventas\">Guido Brand<br><span class=\"light\">Ventas<\/span><\/h3>\n\n\n\n<p class=\"mb-0 has-white-color has-text-color\">MIXACO <br>Dr. Herfeld GmbH &amp; Co. KG <br>Niederheide 2 <br>58809 Neuenrade <br><br><span class=\"tel light\"><a href=\"tel:+49 2392 9644-210\">+49 (0)2392 9644-210<\/a><\/span><br><span class=\"mail light\"><a class=\"mix-email-decoded\" href=\"mailto:sale&#115;&#64;m&#105;&#120;ac&#111;.&#100;e\">&#115;a&#108;e&#115;&#64;m&#105;&#120;ac&#111;&#46;de<\/a><\/span><\/p>\n\n\t<\/div>\n\n<\/div>\n\n<\/div>\n<\/div>\n","protected":false},"excerpt":{"rendered":"","protected":false},"author":4,"featured_media":0,"parent":1235,"menu_order":2,"comment_status":"closed","ping_status":"closed","template":"","meta":{"_searchwp_excluded":"","inline_featured_image":false,"kk_blocks_editor_width":"","_kiokenblocks_attr":"","_kiokenblocks_dimensions":"","_vp_format_video_url":"","_vp_image_focal_point":[],"editor_notices":[],"footnotes":""},"class_list":["post-1241","page","type-page","status-publish","hentry"],"yoast_head":"<!-- This site is optimized with the Yoast SEO Premium plugin v27.4 (Yoast SEO v27.4) - https:\/\/yoast.com\/product\/yoast-seo-premium-wordpress\/ -->\n<title>Probar una mezcladora gratuitamente con sus propias materias primas | MIXACO Espa\u00f1ol<\/title>\n<meta name=\"description\" content=\"Probar una mezcladora gratuitamente. Con sus propias materias primas. Concertar una cita.\" \/>\n<meta name=\"robots\" content=\"index, follow, max-snippet:-1, max-image-preview:large, max-video-preview:-1\" \/>\n<link rel=\"canonical\" href=\"https:\/\/www.mixaco.com\/es\/servicio-tecnico\/probar-mezcladora-gratuitamente\/\" \/>\n<meta property=\"og:locale\" content=\"en_US\" \/>\n<meta property=\"og:type\" content=\"article\" \/>\n<meta property=\"og:title\" content=\"Probar una mezcladora gratuitamente\" \/>\n<meta property=\"og:description\" content=\"Probar una mezcladora gratuitamente. Con sus propias materias primas. Concertar una cita.\" \/>\n<meta property=\"og:url\" content=\"https:\/\/www.mixaco.com\/es\/servicio-tecnico\/probar-mezcladora-gratuitamente\/\" \/>\n<meta property=\"og:site_name\" content=\"MIXACO Espa\u00f1ol\" \/>\n<meta property=\"article:modified_time\" content=\"2025-08-06T14:05:47+00:00\" \/>\n<meta name=\"twitter:card\" content=\"summary_large_image\" \/>\n<script type=\"application\/ld+json\" class=\"yoast-schema-graph\">{\"@context\":\"https:\\\/\\\/schema.org\",\"@graph\":[{\"@type\":\"WebPage\",\"@id\":\"https:\\\/\\\/www.mixaco.com\\\/es\\\/servicio-tecnico\\\/probar-mezcladora-gratuitamente\\\/\",\"url\":\"https:\\\/\\\/www.mixaco.com\\\/es\\\/servicio-tecnico\\\/probar-mezcladora-gratuitamente\\\/\",\"name\":\"Probar una mezcladora gratuitamente con sus propias materias primas | MIXACO Espa\u00f1ol\",\"isPartOf\":{\"@id\":\"https:\\\/\\\/www.mixaco.com\\\/es\\\/#website\"},\"datePublished\":\"2022-07-12T09:20:32+00:00\",\"dateModified\":\"2025-08-06T14:05:47+00:00\",\"description\":\"Probar una mezcladora gratuitamente. Con sus propias materias primas. Concertar una cita.\",\"breadcrumb\":{\"@id\":\"https:\\\/\\\/www.mixaco.com\\\/es\\\/servicio-tecnico\\\/probar-mezcladora-gratuitamente\\\/#breadcrumb\"},\"inLanguage\":\"en-US\",\"potentialAction\":[{\"@type\":\"ReadAction\",\"target\":[\"https:\\\/\\\/www.mixaco.com\\\/es\\\/servicio-tecnico\\\/probar-mezcladora-gratuitamente\\\/\"]}]},{\"@type\":\"BreadcrumbList\",\"@id\":\"https:\\\/\\\/www.mixaco.com\\\/es\\\/servicio-tecnico\\\/probar-mezcladora-gratuitamente\\\/#breadcrumb\",\"itemListElement\":[{\"@type\":\"ListItem\",\"position\":1,\"name\":\"Inicio\",\"item\":\"https:\\\/\\\/www.mixaco.com\\\/es\\\/\"},{\"@type\":\"ListItem\",\"position\":2,\"name\":\"Servicio t\u00e9cnico\",\"item\":\"https:\\\/\\\/www.mixaco.com\\\/es\\\/servicio-tecnico\\\/\"},{\"@type\":\"ListItem\",\"position\":3,\"name\":\"Probar una mezcladora gratuitamente\"}]},{\"@type\":\"WebSite\",\"@id\":\"https:\\\/\\\/www.mixaco.com\\\/es\\\/#website\",\"url\":\"https:\\\/\\\/www.mixaco.com\\\/es\\\/\",\"name\":\"MIXACO Espa\u00f1ol\",\"description\":\"Mezcladoras industriales del l\u00edder en innovaci\u00f3n\",\"publisher\":{\"@id\":\"https:\\\/\\\/www.mixaco.com\\\/es\\\/#organization\"},\"potentialAction\":[{\"@type\":\"SearchAction\",\"target\":{\"@type\":\"EntryPoint\",\"urlTemplate\":\"https:\\\/\\\/www.mixaco.com\\\/es\\\/?s={search_term_string}\"},\"query-input\":{\"@type\":\"PropertyValueSpecification\",\"valueRequired\":true,\"valueName\":\"search_term_string\"}}],\"inLanguage\":\"en-US\"},{\"@type\":\"Organization\",\"@id\":\"https:\\\/\\\/www.mixaco.com\\\/es\\\/#organization\",\"name\":\"MIXACO Maschinenbau Dr. Herfeld GmbH & Co. KG\",\"url\":\"https:\\\/\\\/www.mixaco.com\\\/es\\\/\",\"logo\":{\"@type\":\"ImageObject\",\"inLanguage\":\"en-US\",\"@id\":\"https:\\\/\\\/www.mixaco.com\\\/es\\\/#\\\/schema\\\/logo\\\/image\\\/\",\"url\":\"https:\\\/\\\/www.mixaco.com\\\/es\\\/wp-content\\\/uploads\\\/sites\\\/3\\\/2024\\\/11\\\/mixaco-logo.svg\",\"contentUrl\":\"https:\\\/\\\/www.mixaco.com\\\/es\\\/wp-content\\\/uploads\\\/sites\\\/3\\\/2024\\\/11\\\/mixaco-logo.svg\",\"caption\":\"MIXACO Maschinenbau Dr. Herfeld GmbH & Co. KG\"},\"image\":{\"@id\":\"https:\\\/\\\/www.mixaco.com\\\/es\\\/#\\\/schema\\\/logo\\\/image\\\/\"},\"sameAs\":[\"https:\\\/\\\/www.linkedin.com\\\/company\\\/mixaco-maschinenbau\\\/\",\"https:\\\/\\\/www.youtube.com\\\/@mixaco\\\/videos\"]}]}<\/script>\n<!-- \/ Yoast SEO Premium plugin. -->","yoast_head_json":{"title":"Probar una mezcladora gratuitamente con sus propias materias primas | MIXACO Espa\u00f1ol","description":"Probar una mezcladora gratuitamente. Con sus propias materias primas. Concertar una cita.","robots":{"index":"index","follow":"follow","max-snippet":"max-snippet:-1","max-image-preview":"max-image-preview:large","max-video-preview":"max-video-preview:-1"},"canonical":"https:\/\/www.mixaco.com\/es\/servicio-tecnico\/probar-mezcladora-gratuitamente\/","og_locale":"en_US","og_type":"article","og_title":"Probar una mezcladora gratuitamente","og_description":"Probar una mezcladora gratuitamente. Con sus propias materias primas. Concertar una cita.","og_url":"https:\/\/www.mixaco.com\/es\/servicio-tecnico\/probar-mezcladora-gratuitamente\/","og_site_name":"MIXACO Espa\u00f1ol","article_modified_time":"2025-08-06T14:05:47+00:00","twitter_card":"summary_large_image","schema":{"@context":"https:\/\/schema.org","@graph":[{"@type":"WebPage","@id":"https:\/\/www.mixaco.com\/es\/servicio-tecnico\/probar-mezcladora-gratuitamente\/","url":"https:\/\/www.mixaco.com\/es\/servicio-tecnico\/probar-mezcladora-gratuitamente\/","name":"Probar una mezcladora gratuitamente con sus propias materias primas | MIXACO Espa\u00f1ol","isPartOf":{"@id":"https:\/\/www.mixaco.com\/es\/#website"},"datePublished":"2022-07-12T09:20:32+00:00","dateModified":"2025-08-06T14:05:47+00:00","description":"Probar una mezcladora gratuitamente. Con sus propias materias primas. Concertar una cita.","breadcrumb":{"@id":"https:\/\/www.mixaco.com\/es\/servicio-tecnico\/probar-mezcladora-gratuitamente\/#breadcrumb"},"inLanguage":"en-US","potentialAction":[{"@type":"ReadAction","target":["https:\/\/www.mixaco.com\/es\/servicio-tecnico\/probar-mezcladora-gratuitamente\/"]}]},{"@type":"BreadcrumbList","@id":"https:\/\/www.mixaco.com\/es\/servicio-tecnico\/probar-mezcladora-gratuitamente\/#breadcrumb","itemListElement":[{"@type":"ListItem","position":1,"name":"Inicio","item":"https:\/\/www.mixaco.com\/es\/"},{"@type":"ListItem","position":2,"name":"Servicio t\u00e9cnico","item":"https:\/\/www.mixaco.com\/es\/servicio-tecnico\/"},{"@type":"ListItem","position":3,"name":"Probar una mezcladora gratuitamente"}]},{"@type":"WebSite","@id":"https:\/\/www.mixaco.com\/es\/#website","url":"https:\/\/www.mixaco.com\/es\/","name":"MIXACO Espa\u00f1ol","description":"Mezcladoras industriales del l\u00edder en innovaci\u00f3n","publisher":{"@id":"https:\/\/www.mixaco.com\/es\/#organization"},"potentialAction":[{"@type":"SearchAction","target":{"@type":"EntryPoint","urlTemplate":"https:\/\/www.mixaco.com\/es\/?s={search_term_string}"},"query-input":{"@type":"PropertyValueSpecification","valueRequired":true,"valueName":"search_term_string"}}],"inLanguage":"en-US"},{"@type":"Organization","@id":"https:\/\/www.mixaco.com\/es\/#organization","name":"MIXACO Maschinenbau Dr. Herfeld GmbH & Co. KG","url":"https:\/\/www.mixaco.com\/es\/","logo":{"@type":"ImageObject","inLanguage":"en-US","@id":"https:\/\/www.mixaco.com\/es\/#\/schema\/logo\/image\/","url":"https:\/\/www.mixaco.com\/es\/wp-content\/uploads\/sites\/3\/2024\/11\/mixaco-logo.svg","contentUrl":"https:\/\/www.mixaco.com\/es\/wp-content\/uploads\/sites\/3\/2024\/11\/mixaco-logo.svg","caption":"MIXACO Maschinenbau Dr. Herfeld GmbH & Co. KG"},"image":{"@id":"https:\/\/www.mixaco.com\/es\/#\/schema\/logo\/image\/"},"sameAs":["https:\/\/www.linkedin.com\/company\/mixaco-maschinenbau\/","https:\/\/www.youtube.com\/@mixaco\/videos"]}]}},"_links":{"self":[{"href":"https:\/\/www.mixaco.com\/es\/wp-json\/wp\/v2\/pages\/1241","targetHints":{"allow":["GET"]}}],"collection":[{"href":"https:\/\/www.mixaco.com\/es\/wp-json\/wp\/v2\/pages"}],"about":[{"href":"https:\/\/www.mixaco.com\/es\/wp-json\/wp\/v2\/types\/page"}],"author":[{"embeddable":true,"href":"https:\/\/www.mixaco.com\/es\/wp-json\/wp\/v2\/users\/4"}],"replies":[{"embeddable":true,"href":"https:\/\/www.mixaco.com\/es\/wp-json\/wp\/v2\/comments?post=1241"}],"version-history":[{"count":3,"href":"https:\/\/www.mixaco.com\/es\/wp-json\/wp\/v2\/pages\/1241\/revisions"}],"predecessor-version":[{"id":2638,"href":"https:\/\/www.mixaco.com\/es\/wp-json\/wp\/v2\/pages\/1241\/revisions\/2638"}],"up":[{"embeddable":true,"href":"https:\/\/www.mixaco.com\/es\/wp-json\/wp\/v2\/pages\/1235"}],"wp:attachment":[{"href":"https:\/\/www.mixaco.com\/es\/wp-json\/wp\/v2\/media?parent=1241"}],"curies":[{"name":"wp","href":"https:\/\/api.w.org\/{rel}","templated":true}]}}