{"id":1313,"date":"2022-03-15T11:58:56","date_gmt":"2022-03-15T10:58:56","guid":{"rendered":"https:\/\/www.mixaco.com\/es\/branchen\/"},"modified":"2023-07-24T16:19:20","modified_gmt":"2023-07-24T14:19:20","slug":"sectores","status":"publish","type":"page","link":"https:\/\/www.mixaco.com\/es\/mezcladoras-en-uso\/sectores\/","title":{"rendered":"Sectores"},"content":{"rendered":"<div class=\"wp-bootstrap-blocks-container container-fluid mb-2\">\n\t\n<div class=\"wp-bootstrap-blocks-container container mb-2 container-section test\">\n\t\n<div class=\"wp-bootstrap-blocks-row row\">\n\t\n\n<div class=\"col-12 col-md-12\">\n\t\t\t\n<div class=\"wp-bootstrap-blocks-row row\">\n\t\n\n<div class=\"col-12 col-md-6 mb-5\">\n\t\t\t\n\n<h1 class=\"wp-block-heading\" id=\"h-sectores-mezcladora-industrial-para-todas-las-industrias\">Sectores. <span class=\"light\">Mezcladora industrial para todas las industrias.<\/span><\/h1>\n\n\t<\/div>\n\n<\/div>\n\n\t<\/div>\n\n<\/div>\n\n<\/div>\n\n<\/div>\n\n\n<div class=\"wp-bootstrap-blocks-container container-fluid mb-2 container-section light addit-asd\">\n\t\n<div class=\"wp-bootstrap-blocks-container container mb-2\">\n\t\n<div class=\"wp-bootstrap-blocks-row row\">\n\t\n\n<div class=\"col-12 col-md-5 mb-5\">\n\t\t\t\t<\/div>\n\n\n\n<div class=\"col-12 col-md-12\">\n\t\t\t\n<div class=\"wp-bootstrap-blocks-row row justify-content-between\">\n\t\n\n<div class=\"col-12 col-md-3\">\n\t\t\t\n\n<div class=\"wp-block-mix-blocks-item mix-blog\" data-link=\"\/es\/mezcladoras-en-uso\/sectores\/pvc\/\"><div class=\"mix-blog__wrapper\"><div class=\"mix-blog__image\"><img decoding=\"async\" src=\"https:\/\/www.mixaco.com\/es\/wp-content\/uploads\/sites\/3\/2022\/12\/Mixaco-mezcladores-industriales-industrias-pvc-teaser.webp\" style=\"height: 100%;;\"\/><\/div><div class=\"mix-blog__content\"><h3>PVC<\/h3><p>Mezclado flexible para mezclas en seco de PVC con un rendimiento de hasta 8500 kg\/h.<\/p><a href=\"\/es\/mezcladoras-en-uso\/sectores\/pvc\/\" class=\"btn btn--add\"><span>Saber m\u00e1s<\/span><\/a><\/div><\/div><\/div>\n\n\t<\/div>\n\n\n\n<div class=\"col-12 col-md-3\">\n\t\t\t\n\n<div class=\"wp-block-mix-blocks-item mix-blog\" data-link=\"\/es\/mezcladoras-en-uso\/sectores\/pinturas\/\"><div class=\"mix-blog__wrapper\"><div class=\"mix-blog__image\"><img decoding=\"async\" src=\"https:\/\/www.mixaco.com\/es\/wp-content\/uploads\/sites\/3\/2022\/12\/Mixaco-mezcladores-industriales-industrias-colores-revestimientos-de-polvo-teaser.webp\" style=\"height: 100%;;\"\/><\/div><div class=\"mix-blog__content\"><h3>Pinturas\/pinturas en polvo<\/h3><p>Desde mezcla maestra hasta bonding: mezclado con m\u00e1s color por pigmento.<\/p><a href=\"\/es\/mezcladoras-en-uso\/sectores\/pinturas\/\" class=\"btn btn--add\"><span>Saber m\u00e1s<\/span><\/a><\/div><\/div><\/div>\n\n\t<\/div>\n\n\n\n<div class=\"col-12 col-md-3\">\n\t\t\t\n\n<div class=\"wp-block-mix-blocks-item mix-blog\" data-link=\"\/es\/mezcladoras-en-uso\/sectores\/goma\/\"><div class=\"mix-blog__wrapper\"><div class=\"mix-blog__image\"><img decoding=\"async\" src=\"https:\/\/www.mixaco.com\/es\/wp-content\/uploads\/sites\/3\/2022\/12\/Mixaco-mezcladores-industriales-industrias-caucho-teaser.webp\" style=\"height: 100%;;\"\/><\/div><div class=\"mix-blog__content\"><h3>Goma<\/h3><p>Homogeneizaci\u00f3n perfecta de exigentes elast\u00f3meros y compuestos de caucho.<\/p><a href=\"\/es\/mezcladoras-en-uso\/sectores\/goma\/\" class=\"btn btn--add\"><span>Saber m\u00e1s<\/span><\/a><\/div><\/div><\/div>\n\n\t<\/div>\n\n<\/div>\n\n\n<div class=\"wp-bootstrap-blocks-row row justify-content-between response-margin\">\n\t\n\n<div class=\"col-12 col-md-3\">\n\t\t\t\n\n<div class=\"wp-block-mix-blocks-item mix-blog\" data-link=\"\/es\/mezcladoras-en-uso\/sectores\/plasticos\/\"><div class=\"mix-blog__wrapper\"><div class=\"mix-blog__image\"><img decoding=\"async\" src=\"https:\/\/www.mixaco.com\/es\/wp-content\/uploads\/sites\/3\/2022\/12\/Mixaco-mezcladores-industriales-industrias-plasticos-teaser.webp\" style=\"height: 100%;;\"\/><\/div><div class=\"mix-blog__content\"><h3>Pl\u00e1sticos<\/h3><p>Desde ABS hasta XLPE: mezclamos todos los granulados, copos y polvo de pl\u00e1stico.<\/p><a href=\"\/es\/mezcladoras-en-uso\/sectores\/plasticos\/\" class=\"btn btn--add\"><span>Saber m\u00e1s<\/span><\/a><\/div><\/div><\/div>\n\n\t<\/div>\n\n\n\n<div class=\"col-12 col-md-3\">\n\t\t\t\n\n<div class=\"wp-block-mix-blocks-item mix-blog\" data-link=\"\/es\/mezcladoras-en-uso\/sectores\/alimentos\/\"><div class=\"mix-blog__wrapper\"><div class=\"mix-blog__image\"><img decoding=\"async\" src=\"https:\/\/www.mixaco.com\/es\/wp-content\/uploads\/sites\/3\/2022\/12\/Mixaco-mezcladores-industriales-industrias-productos-alimenticios-teaser.webp\" style=\"height: 100%;;\"\/><\/div><div class=\"mix-blog__content\"><h3>Alimentos<\/h3><p>Desde aromatizantes hasta az\u00facar: mezclado perfecto de todos los alimentos secos.<\/p><a href=\"\/es\/mezcladoras-en-uso\/sectores\/alimentos\/\" class=\"btn btn--add\"><span>Saber m\u00e1s<\/span><\/a><\/div><\/div><\/div>\n\n\t<\/div>\n\n\n\n<div class=\"col-12 col-md-3\">\n\t\t\t\n\n<div class=\"wp-block-mix-blocks-item mix-blog\" data-link=\"\/es\/mezcladoras-en-uso\/sectores\/quimica\/\"><div class=\"mix-blog__wrapper\"><div class=\"mix-blog__image\"><img decoding=\"async\" src=\"https:\/\/www.mixaco.com\/es\/wp-content\/uploads\/sites\/3\/2022\/12\/Mixaco-mezcladores-industriales-industrias-quimicos-teaser.webp\" style=\"height: 100%;;\"\/><\/div><div class=\"mix-blog__content\"><h3>Qu\u00edmica<\/h3><p>Desde productos qu\u00edmicos finos hasta fertilizantes: mezclado de productos qu\u00edmicos a medida.<\/p><a href=\"\/es\/mezcladoras-en-uso\/sectores\/quimica\/\" class=\"btn btn--add\"><span>Saber m\u00e1s<\/span><\/a><\/div><\/div><\/div>\n\n\t<\/div>\n\n<\/div>\n\n\n<div class=\"wp-bootstrap-blocks-row row justify-content-between response-margin\">\n\t\n\n<div class=\"col-12 col-md-3\">\n\t\t\t\n\n<div class=\"wp-block-mix-blocks-item mix-blog\" data-link=\"\/es\/mezcladoras-en-uso\/sectores\/comida-para-animales\/\"><div class=\"mix-blog__wrapper\"><div class=\"mix-blog__image\"><img decoding=\"async\" src=\"https:\/\/www.mixaco.com\/es\/wp-content\/uploads\/sites\/3\/2022\/12\/Mixaco-mezcladores-industriales-industrias-alimentos-para-mascotas-teaser.webp\" style=\"height: 100%;;\"\/><\/div><div class=\"mix-blog__content\"><h3>Comida para animales<\/h3><p>Desde piensos para ganado hasta preparados vitam\u00ednicos: mezclado perfecto de todo lo que necesitan los animales.<\/p><a href=\"\/es\/mezcladoras-en-uso\/sectores\/comida-para-animales\/\" class=\"btn btn--add\"><span>Saber m\u00e1s<\/span><\/a><\/div><\/div><\/div>\n\n\t<\/div>\n\n\n\n<div class=\"col-12 col-md-3\">\n\t\t\t\n\n<div class=\"wp-block-mix-blocks-item mix-blog\" data-link=\"\/es\/mezcladoras-en-uso\/sectores\/materiales-de-construccion\/\"><div class=\"mix-blog__wrapper\"><div class=\"mix-blog__image\"><img decoding=\"async\" src=\"https:\/\/www.mixaco.com\/es\/wp-content\/uploads\/sites\/3\/2022\/12\/Mixaco-mezcladores-industriales-industrias-materiales-de-construccion-teaser.webp\" style=\"height: 100%;;\"\/><\/div><div class=\"mix-blog__content\"><h3>Materiales de construcci\u00f3n<\/h3><p>Desde mortero de cemento hasta revoco sint\u00e9tico: mezclamos todos los materiales de construcci\u00f3n secos.<\/p><a href=\"\/es\/mezcladoras-en-uso\/sectores\/materiales-de-construccion\/\" class=\"btn btn--add\"><span>Saber m\u00e1s<\/span><\/a><\/div><\/div><\/div>\n\n\t<\/div>\n\n\n\n<div class=\"col-12 col-md-3\">\n\t\t\t\t<\/div>\n\n<\/div>\n\n\t<\/div>\n\n\n\n<div class=\"col-12 col-md-12 d-flex justify-content-center\">\n\t\t\t\t<\/div>\n\n<\/div>\n\n<\/div>\n\n<\/div>\n\n\n<div class=\"wp-bootstrap-blocks-container container-fluid mb-2\">\n\t\n<div class=\"wp-bootstrap-blocks-container container mb-2 container-section\">\n\t\n<div class=\"wp-bootstrap-blocks-row row\">\n\t\n\n<div class=\"col-12 col-md-12\">\n\t\t\t\n\n<div class=\"wp-block-mix-blocks-faq testimonial-slider\"><div class=\"mix-faq\" data-ride=\"carousel\" id=\"testimonial10\"><h2 class=\"mix-faq__title\">FAQ<\/h2><div class=\"accordion accordion-flush\" id=\"accordionExample\"><div class=\"accordion-item\"><span class=\"testimonial-index\" style=\"display:none\">0<\/span><h2 class=\"accordion-header\" id=\"header_0\"><button class=\"accordion-button\" type=\"button\" data-bs-toggle=\"collapse\" data-bs-target=\"#collapse_0\" aria-expanded=\"true\" aria-controls=\"collapse_0\">\u00bfPuedo probar las mezcladoras antes de la compra?<\/button><\/h2><div id=\"collapse_0\" class=\"accordion-collapse collapse show\" aria-labelledby=\"header_0\" data-bs-parent=\"#accordionExample\"><div class=\"accordion-body\">Puede probar nuestras mezcladoras en nuestro centro de pruebas de forma gratuita y sin compromiso.<\/div><\/div><\/div><div class=\"accordion-item\"><span class=\"testimonial-index\" style=\"display:none\">1<\/span><h2 class=\"accordion-header\" id=\"header_1\"><button class=\"accordion-button\" type=\"button\" data-bs-toggle=\"collapse\" data-bs-target=\"#collapse_1\" aria-expanded=\"false\" aria-controls=\"collapse_1\">\u00bfQu\u00e9 materias primas se pueden mezclar?<\/button><\/h2><div id=\"collapse_1\" class=\"accordion-collapse collapse \" aria-labelledby=\"header_1\" data-bs-parent=\"#accordionExample\"><div class=\"accordion-body\">Nuestras mezcladoras est\u00e1n especializadas en el mezclado de s\u00f3lidos secos.<\/div><\/div><\/div><div class=\"accordion-item\"><span class=\"testimonial-index\" style=\"display:none\">2<\/span><h2 class=\"accordion-header\" id=\"header_2\"><button class=\"accordion-button\" type=\"button\" data-bs-toggle=\"collapse\" data-bs-target=\"#collapse_2\" aria-expanded=\"false\" aria-controls=\"collapse_2\">\u00bfQu\u00e9 cantidades se pueden mezclar?<\/button><\/h2><div id=\"collapse_2\" class=\"accordion-collapse collapse \" aria-labelledby=\"header_2\" data-bs-parent=\"#accordionExample\"><div class=\"accordion-body\">Depende de su aplicaci\u00f3n de mezcla y de otros factores. Los tama\u00f1os de nuestras mezcladoras van de 5 a 10\u2009000 litros.<\/div><\/div><\/div><div class=\"accordion-item\"><span class=\"testimonial-index\" style=\"display:none\">3<\/span><h2 class=\"accordion-header\" id=\"header_3\"><button class=\"accordion-button\" type=\"button\" data-bs-toggle=\"collapse\" data-bs-target=\"#collapse_3\" aria-expanded=\"false\" aria-controls=\"collapse_3\">\u00bfQu\u00e9 servicios ofrecen despu\u00e9s de la compra?<\/button><\/h2><div id=\"collapse_3\" class=\"accordion-collapse collapse \" aria-labelledby=\"header_3\" data-bs-parent=\"#accordionExample\"><div class=\"accordion-body\">Nuestro equipo de servicio t\u00e9cnico est\u00e1 a su disposici\u00f3n en todo momento y le ofrece una respuesta r\u00e1pida y sin complicaciones de sus consultas o pedidos de piezas de repuesto.<\/div><\/div><\/div><\/div><\/div><\/div>\n\n\t<\/div>\n\n<\/div>\n\n<\/div>\n\n<\/div>\n","protected":false},"excerpt":{"rendered":"","protected":false},"author":4,"featured_media":0,"parent":1331,"menu_order":1,"comment_status":"closed","ping_status":"closed","template":"","meta":{"_searchwp_excluded":"","inline_featured_image":false,"kk_blocks_editor_width":"","_kiokenblocks_attr":"","_kiokenblocks_dimensions":"","_vp_format_video_url":"","_vp_image_focal_point":[],"editor_notices":[],"footnotes":""},"class_list":["post-1313","page","type-page","status-publish","hentry"],"yoast_head":"<!-- This site is optimized with the Yoast SEO Premium plugin v27.4 (Yoast SEO v27.4) - https:\/\/yoast.com\/product\/yoast-seo-premium-wordpress\/ -->\n<title>Mezcladora industrial para todos los Sectores | MIXACO Espa\u00f1ol<\/title>\n<meta name=\"description\" content=\"Mezcladora para PVC, pl\u00e1stico, goma, alimentos, industria qu\u00edmica, alimentos para animales, materiales de construcci\u00f3n, etc. Configuraci\u00f3n de oferta en l\u00ednea.\" \/>\n<meta name=\"robots\" content=\"index, follow, max-snippet:-1, max-image-preview:large, max-video-preview:-1\" \/>\n<link rel=\"canonical\" href=\"https:\/\/www.mixaco.com\/es\/mezcladoras-en-uso\/sectores\/\" \/>\n<meta property=\"og:locale\" content=\"en_US\" \/>\n<meta property=\"og:type\" content=\"article\" \/>\n<meta property=\"og:title\" content=\"Sectores\" \/>\n<meta property=\"og:description\" content=\"Mezcladora para PVC, pl\u00e1stico, goma, alimentos, industria qu\u00edmica, alimentos para animales, materiales de construcci\u00f3n, etc. Configuraci\u00f3n de oferta en l\u00ednea.\" \/>\n<meta property=\"og:url\" content=\"https:\/\/www.mixaco.com\/es\/mezcladoras-en-uso\/sectores\/\" \/>\n<meta property=\"og:site_name\" content=\"MIXACO Espa\u00f1ol\" \/>\n<meta property=\"article:modified_time\" content=\"2023-07-24T14:19:20+00:00\" \/>\n<meta property=\"og:image\" content=\"https:\/\/www.mixaco.com\/es\/wp-content\/uploads\/sites\/3\/2022\/12\/Mixaco-mezcladores-industriales-industrias-pvc-teaser.webp\" \/>\n<meta name=\"twitter:card\" content=\"summary_large_image\" \/>\n<script type=\"application\/ld+json\" class=\"yoast-schema-graph\">{\"@context\":\"https:\\\/\\\/schema.org\",\"@graph\":[{\"@type\":\"WebPage\",\"@id\":\"https:\\\/\\\/www.mixaco.com\\\/es\\\/mezcladoras-en-uso\\\/sectores\\\/\",\"url\":\"https:\\\/\\\/www.mixaco.com\\\/es\\\/mezcladoras-en-uso\\\/sectores\\\/\",\"name\":\"Mezcladora industrial para todos los Sectores | MIXACO Espa\u00f1ol\",\"isPartOf\":{\"@id\":\"https:\\\/\\\/www.mixaco.com\\\/es\\\/#website\"},\"primaryImageOfPage\":{\"@id\":\"https:\\\/\\\/www.mixaco.com\\\/es\\\/mezcladoras-en-uso\\\/sectores\\\/#primaryimage\"},\"image\":{\"@id\":\"https:\\\/\\\/www.mixaco.com\\\/es\\\/mezcladoras-en-uso\\\/sectores\\\/#primaryimage\"},\"thumbnailUrl\":\"https:\\\/\\\/www.mixaco.com\\\/es\\\/wp-content\\\/uploads\\\/sites\\\/3\\\/2022\\\/12\\\/Mixaco-mezcladores-industriales-industrias-pvc-teaser.webp\",\"datePublished\":\"2022-03-15T10:58:56+00:00\",\"dateModified\":\"2023-07-24T14:19:20+00:00\",\"description\":\"Mezcladora para PVC, pl\u00e1stico, goma, alimentos, industria qu\u00edmica, alimentos para animales, materiales de construcci\u00f3n, etc. Configuraci\u00f3n de oferta en l\u00ednea.\",\"breadcrumb\":{\"@id\":\"https:\\\/\\\/www.mixaco.com\\\/es\\\/mezcladoras-en-uso\\\/sectores\\\/#breadcrumb\"},\"inLanguage\":\"en-US\",\"potentialAction\":[{\"@type\":\"ReadAction\",\"target\":[\"https:\\\/\\\/www.mixaco.com\\\/es\\\/mezcladoras-en-uso\\\/sectores\\\/\"]}]},{\"@type\":\"ImageObject\",\"inLanguage\":\"en-US\",\"@id\":\"https:\\\/\\\/www.mixaco.com\\\/es\\\/mezcladoras-en-uso\\\/sectores\\\/#primaryimage\",\"url\":\"https:\\\/\\\/www.mixaco.com\\\/es\\\/wp-content\\\/uploads\\\/sites\\\/3\\\/2022\\\/12\\\/Mixaco-mezcladores-industriales-industrias-pvc-teaser.webp\",\"contentUrl\":\"https:\\\/\\\/www.mixaco.com\\\/es\\\/wp-content\\\/uploads\\\/sites\\\/3\\\/2022\\\/12\\\/Mixaco-mezcladores-industriales-industrias-pvc-teaser.webp\",\"width\":600,\"height\":300},{\"@type\":\"BreadcrumbList\",\"@id\":\"https:\\\/\\\/www.mixaco.com\\\/es\\\/mezcladoras-en-uso\\\/sectores\\\/#breadcrumb\",\"itemListElement\":[{\"@type\":\"ListItem\",\"position\":1,\"name\":\"Inicio\",\"item\":\"https:\\\/\\\/www.mixaco.com\\\/es\\\/\"},{\"@type\":\"ListItem\",\"position\":2,\"name\":\"Mezcladoras en uso\",\"item\":\"https:\\\/\\\/www.mixaco.com\\\/es\\\/mezcladoras-en-uso\\\/\"},{\"@type\":\"ListItem\",\"position\":3,\"name\":\"Sectores\"}]},{\"@type\":\"WebSite\",\"@id\":\"https:\\\/\\\/www.mixaco.com\\\/es\\\/#website\",\"url\":\"https:\\\/\\\/www.mixaco.com\\\/es\\\/\",\"name\":\"MIXACO Espa\u00f1ol\",\"description\":\"Mezcladoras industriales del l\u00edder en innovaci\u00f3n\",\"publisher\":{\"@id\":\"https:\\\/\\\/www.mixaco.com\\\/es\\\/#organization\"},\"potentialAction\":[{\"@type\":\"SearchAction\",\"target\":{\"@type\":\"EntryPoint\",\"urlTemplate\":\"https:\\\/\\\/www.mixaco.com\\\/es\\\/?s={search_term_string}\"},\"query-input\":{\"@type\":\"PropertyValueSpecification\",\"valueRequired\":true,\"valueName\":\"search_term_string\"}}],\"inLanguage\":\"en-US\"},{\"@type\":\"Organization\",\"@id\":\"https:\\\/\\\/www.mixaco.com\\\/es\\\/#organization\",\"name\":\"MIXACO Maschinenbau Dr. Herfeld GmbH & Co. KG\",\"url\":\"https:\\\/\\\/www.mixaco.com\\\/es\\\/\",\"logo\":{\"@type\":\"ImageObject\",\"inLanguage\":\"en-US\",\"@id\":\"https:\\\/\\\/www.mixaco.com\\\/es\\\/#\\\/schema\\\/logo\\\/image\\\/\",\"url\":\"https:\\\/\\\/www.mixaco.com\\\/es\\\/wp-content\\\/uploads\\\/sites\\\/3\\\/2024\\\/11\\\/mixaco-logo.svg\",\"contentUrl\":\"https:\\\/\\\/www.mixaco.com\\\/es\\\/wp-content\\\/uploads\\\/sites\\\/3\\\/2024\\\/11\\\/mixaco-logo.svg\",\"caption\":\"MIXACO Maschinenbau Dr. Herfeld GmbH & Co. KG\"},\"image\":{\"@id\":\"https:\\\/\\\/www.mixaco.com\\\/es\\\/#\\\/schema\\\/logo\\\/image\\\/\"},\"sameAs\":[\"https:\\\/\\\/www.linkedin.com\\\/company\\\/mixaco-maschinenbau\\\/\",\"https:\\\/\\\/www.youtube.com\\\/@mixaco\\\/videos\"]}]}<\/script>\n<!-- \/ Yoast SEO Premium plugin. -->","yoast_head_json":{"title":"Mezcladora industrial para todos los Sectores | MIXACO Espa\u00f1ol","description":"Mezcladora para PVC, pl\u00e1stico, goma, alimentos, industria qu\u00edmica, alimentos para animales, materiales de construcci\u00f3n, etc. Configuraci\u00f3n de oferta en l\u00ednea.","robots":{"index":"index","follow":"follow","max-snippet":"max-snippet:-1","max-image-preview":"max-image-preview:large","max-video-preview":"max-video-preview:-1"},"canonical":"https:\/\/www.mixaco.com\/es\/mezcladoras-en-uso\/sectores\/","og_locale":"en_US","og_type":"article","og_title":"Sectores","og_description":"Mezcladora para PVC, pl\u00e1stico, goma, alimentos, industria qu\u00edmica, alimentos para animales, materiales de construcci\u00f3n, etc. Configuraci\u00f3n de oferta en l\u00ednea.","og_url":"https:\/\/www.mixaco.com\/es\/mezcladoras-en-uso\/sectores\/","og_site_name":"MIXACO Espa\u00f1ol","article_modified_time":"2023-07-24T14:19:20+00:00","og_image":[{"url":"https:\/\/www.mixaco.com\/es\/wp-content\/uploads\/sites\/3\/2022\/12\/Mixaco-mezcladores-industriales-industrias-pvc-teaser.webp","type":"","width":"","height":""}],"twitter_card":"summary_large_image","schema":{"@context":"https:\/\/schema.org","@graph":[{"@type":"WebPage","@id":"https:\/\/www.mixaco.com\/es\/mezcladoras-en-uso\/sectores\/","url":"https:\/\/www.mixaco.com\/es\/mezcladoras-en-uso\/sectores\/","name":"Mezcladora industrial para todos los Sectores | MIXACO Espa\u00f1ol","isPartOf":{"@id":"https:\/\/www.mixaco.com\/es\/#website"},"primaryImageOfPage":{"@id":"https:\/\/www.mixaco.com\/es\/mezcladoras-en-uso\/sectores\/#primaryimage"},"image":{"@id":"https:\/\/www.mixaco.com\/es\/mezcladoras-en-uso\/sectores\/#primaryimage"},"thumbnailUrl":"https:\/\/www.mixaco.com\/es\/wp-content\/uploads\/sites\/3\/2022\/12\/Mixaco-mezcladores-industriales-industrias-pvc-teaser.webp","datePublished":"2022-03-15T10:58:56+00:00","dateModified":"2023-07-24T14:19:20+00:00","description":"Mezcladora para PVC, pl\u00e1stico, goma, alimentos, industria qu\u00edmica, alimentos para animales, materiales de construcci\u00f3n, etc. Configuraci\u00f3n de oferta en l\u00ednea.","breadcrumb":{"@id":"https:\/\/www.mixaco.com\/es\/mezcladoras-en-uso\/sectores\/#breadcrumb"},"inLanguage":"en-US","potentialAction":[{"@type":"ReadAction","target":["https:\/\/www.mixaco.com\/es\/mezcladoras-en-uso\/sectores\/"]}]},{"@type":"ImageObject","inLanguage":"en-US","@id":"https:\/\/www.mixaco.com\/es\/mezcladoras-en-uso\/sectores\/#primaryimage","url":"https:\/\/www.mixaco.com\/es\/wp-content\/uploads\/sites\/3\/2022\/12\/Mixaco-mezcladores-industriales-industrias-pvc-teaser.webp","contentUrl":"https:\/\/www.mixaco.com\/es\/wp-content\/uploads\/sites\/3\/2022\/12\/Mixaco-mezcladores-industriales-industrias-pvc-teaser.webp","width":600,"height":300},{"@type":"BreadcrumbList","@id":"https:\/\/www.mixaco.com\/es\/mezcladoras-en-uso\/sectores\/#breadcrumb","itemListElement":[{"@type":"ListItem","position":1,"name":"Inicio","item":"https:\/\/www.mixaco.com\/es\/"},{"@type":"ListItem","position":2,"name":"Mezcladoras en uso","item":"https:\/\/www.mixaco.com\/es\/mezcladoras-en-uso\/"},{"@type":"ListItem","position":3,"name":"Sectores"}]},{"@type":"WebSite","@id":"https:\/\/www.mixaco.com\/es\/#website","url":"https:\/\/www.mixaco.com\/es\/","name":"MIXACO Espa\u00f1ol","description":"Mezcladoras industriales del l\u00edder en innovaci\u00f3n","publisher":{"@id":"https:\/\/www.mixaco.com\/es\/#organization"},"potentialAction":[{"@type":"SearchAction","target":{"@type":"EntryPoint","urlTemplate":"https:\/\/www.mixaco.com\/es\/?s={search_term_string}"},"query-input":{"@type":"PropertyValueSpecification","valueRequired":true,"valueName":"search_term_string"}}],"inLanguage":"en-US"},{"@type":"Organization","@id":"https:\/\/www.mixaco.com\/es\/#organization","name":"MIXACO Maschinenbau Dr. Herfeld GmbH & Co. KG","url":"https:\/\/www.mixaco.com\/es\/","logo":{"@type":"ImageObject","inLanguage":"en-US","@id":"https:\/\/www.mixaco.com\/es\/#\/schema\/logo\/image\/","url":"https:\/\/www.mixaco.com\/es\/wp-content\/uploads\/sites\/3\/2024\/11\/mixaco-logo.svg","contentUrl":"https:\/\/www.mixaco.com\/es\/wp-content\/uploads\/sites\/3\/2024\/11\/mixaco-logo.svg","caption":"MIXACO Maschinenbau Dr. Herfeld GmbH & Co. KG"},"image":{"@id":"https:\/\/www.mixaco.com\/es\/#\/schema\/logo\/image\/"},"sameAs":["https:\/\/www.linkedin.com\/company\/mixaco-maschinenbau\/","https:\/\/www.youtube.com\/@mixaco\/videos"]}]}},"_links":{"self":[{"href":"https:\/\/www.mixaco.com\/es\/wp-json\/wp\/v2\/pages\/1313","targetHints":{"allow":["GET"]}}],"collection":[{"href":"https:\/\/www.mixaco.com\/es\/wp-json\/wp\/v2\/pages"}],"about":[{"href":"https:\/\/www.mixaco.com\/es\/wp-json\/wp\/v2\/types\/page"}],"author":[{"embeddable":true,"href":"https:\/\/www.mixaco.com\/es\/wp-json\/wp\/v2\/users\/4"}],"replies":[{"embeddable":true,"href":"https:\/\/www.mixaco.com\/es\/wp-json\/wp\/v2\/comments?post=1313"}],"version-history":[{"count":0,"href":"https:\/\/www.mixaco.com\/es\/wp-json\/wp\/v2\/pages\/1313\/revisions"}],"up":[{"embeddable":true,"href":"https:\/\/www.mixaco.com\/es\/wp-json\/wp\/v2\/pages\/1331"}],"wp:attachment":[{"href":"https:\/\/www.mixaco.com\/es\/wp-json\/wp\/v2\/media?parent=1313"}],"curies":[{"name":"wp","href":"https:\/\/api.w.org\/{rel}","templated":true}]}}