{"id":1323,"date":"2022-05-18T10:36:39","date_gmt":"2022-05-18T08:36:39","guid":{"rendered":"https:\/\/www.mixaco.com\/es\/mischertyp\/"},"modified":"2023-08-18T16:18:25","modified_gmt":"2023-08-18T14:18:25","slug":"tipos-de-mezcladora","status":"publish","type":"page","link":"https:\/\/www.mixaco.com\/es\/mezcladoras-en-uso\/tipos-de-mezcladora\/","title":{"rendered":"Tipos de mezcladora"},"content":{"rendered":"\n<div class=\"wp-block-mix-blocks-sub-header mix-subheader\"><div class=\"container\"><div class=\"row\"><div class=\"col-12\"><h1>Tipos de mezcladora<\/h1><div class=\"mix-subheader__button\"><a href=\"\/\" class=\"btn btn--bordered popmake-134\"><span>Contactar<\/span><\/a><a href=\"\/\" class=\"btn btn--primary popmake-193\"><span>Solicitud de mezclador<\/span><\/a><\/div><\/div><\/div><\/div><\/div>\n\n\n<div class=\"wp-bootstrap-blocks-container container-fluid mb-2\">\n\t\n<div class=\"wp-bootstrap-blocks-container container mb-2 container-section test\">\n\t\n<div class=\"wp-bootstrap-blocks-row row\">\n\t\n\n<div class=\"col-12 col-md-12\">\n\t\t\t\n<div class=\"wp-bootstrap-blocks-row row\">\n\t\n\n<div class=\"col-12 col-md-6 mb-5\">\n\t\t\t\n\n<h2 class=\"wp-block-heading\" id=\"h-lo-mezclamos-todo-tipos-de-mezcladora-para-todos-los-sectores\">Lo mezclamos todo. <span class=\"light\"> Tipos de mezcladora para todos los sectores.<\/span><\/h2>\n\n\n\n<div class=\"wp-block-mix-blocks-made-in-germany mix-image-made\" style=\"height:60px;margin:30px 0 0 0\"><img decoding=\"async\" src=\"https:\/\/www.mixaco.com\/es\/wp-content\/uploads\/sites\/3\/2022\/12\/Mixaco-fabricado-en-alemania-bandera.svg\" class=\"mix-image-made__image\" style=\"height:60px\"\/><\/div>\n\n\t<\/div>\n\n<\/div>\n\n\t<\/div>\n\n<\/div>\n\n<\/div>\n\n<\/div>\n\n\n<div class=\"wp-bootstrap-blocks-container container-fluid mb-2 container-section light addit-asd\">\n\t\n<div class=\"wp-bootstrap-blocks-container container mb-2\">\n\t\n<div class=\"wp-bootstrap-blocks-row row\">\n\t\n\n<div class=\"col-12 col-md-5 mb-5\">\n\t\t\t\t<\/div>\n\n\n\n<div class=\"col-12 col-md-12\">\n\t\t\t\n<div class=\"wp-bootstrap-blocks-row row justify-content-between\">\n\t\n\n<div class=\"col-12 col-md-3\">\n\t\t\t\n\n<div class=\"wp-block-mix-blocks-item mix-blog\" data-link=\"https:\/\/www.mixaco.com\/es\/mezcladoras-en-uso\/tipos-de-mezcladora\/mezcladora-de-polvos\/\"><div class=\"mix-blog__wrapper\"><div class=\"mix-blog__image\"><img decoding=\"async\" src=\"https:\/\/www.mixaco.com\/es\/wp-content\/uploads\/sites\/3\/2022\/12\/Mixaco-configurador-general-teaser.jpg\" style=\"height: 100%;;\"\/><\/div><div class=\"mix-blog__content\"><h3>Mezcladora de polvos<\/h3><p>Mezcladora para todo tipo de materiales en polvo<\/p><a href=\"https:\/\/www.mixaco.com\/es\/mezcladoras-en-uso\/tipos-de-mezcladora\/mezcladora-de-polvos\/\" class=\"btn btn--add\"><span>Saber m\u00e1s<\/span><\/a><\/div><\/div><\/div>\n\n\t<\/div>\n\n\n\n<div class=\"col-12 col-md-3\">\n\t\t\t\n\n<div class=\"wp-block-mix-blocks-item mix-blog\" data-link=\"https:\/\/www.mixaco.com\/es\/mezcladoras-en-uso\/tipos-de-mezcladora\/mezcladora-por-lotes\/\"><div class=\"mix-blog__wrapper\"><div class=\"mix-blog__image\"><img decoding=\"async\" src=\"https:\/\/www.mixaco.com\/es\/wp-content\/uploads\/sites\/3\/2022\/12\/Mixaco-mezclador-pruebar-gratuito-teaser-1-2x.jpg\" style=\"height: 100%;;\"\/><\/div><div class=\"mix-blog__content\"><h3>Mezcladora por lotes<\/h3><p>Tama\u00f1os de mezcladora de entre 5 y 10\u2009000 litros<\/p><a href=\"https:\/\/www.mixaco.com\/es\/mezcladoras-en-uso\/tipos-de-mezcladora\/mezcladora-por-lotes\/\" class=\"btn btn--add\"><span>Saber m\u00e1s<\/span><\/a><\/div><\/div><\/div>\n\n\t<\/div>\n\n\n\n<div class=\"col-12 col-md-3\">\n\t\t\t\n\n<div class=\"wp-block-mix-blocks-item mix-blog\" data-link=\"https:\/\/www.mixaco.com\/es\/mezcladoras-en-uso\/tipos-de-mezcladora\/mezcladora-de-barriles\/\"><div class=\"mix-blog__wrapper\"><div class=\"mix-blog__image\"><img decoding=\"async\" src=\"https:\/\/www.mixaco.com\/es\/wp-content\/uploads\/sites\/3\/2022\/12\/mezclador-de-tambor-hero.webp\" style=\"height: 100%;;\"\/><\/div><div class=\"mix-blog__content\"><h3>Mezcladora de barriles<\/h3><p>Mezclado de barriles de hasta 200 litros<\/p><a href=\"https:\/\/www.mixaco.com\/es\/mezcladoras-en-uso\/tipos-de-mezcladora\/mezcladora-de-barriles\/\" class=\"btn btn--add\"><span>Saber m\u00e1s<\/span><\/a><\/div><\/div><\/div>\n\n\t<\/div>\n\n<\/div>\n\n\n<div class=\"wp-bootstrap-blocks-row row justify-content-between response-margin\">\n\t\n\n<div class=\"col-12 col-md-3\">\n\t\t\t\n\n<div class=\"wp-block-mix-blocks-item mix-blog\" data-link=\"https:\/\/www.mixaco.com\/es\/mezcladoras-en-uso\/tipos-de-mezcladora\/mezcladora-de-material-granulado\/\"><div class=\"mix-blog__wrapper\"><div class=\"mix-blog__image\"><img decoding=\"async\" src=\"https:\/\/www.mixaco.com\/es\/wp-content\/uploads\/sites\/3\/2022\/12\/Mixaco-mezclador-de-granulos-teaser.webp\" style=\"height: 100%;;\"\/><\/div><div class=\"mix-blog__content\"><h3>Mezcladora de material granulado<\/h3><p>Homogeneizaci\u00f3n perfecta de material granulado<\/p><a href=\"https:\/\/www.mixaco.com\/es\/mezcladoras-en-uso\/tipos-de-mezcladora\/mezcladora-de-material-granulado\/\" class=\"btn btn--add\"><span>Saber m\u00e1s<\/span><\/a><\/div><\/div><\/div>\n\n\t<\/div>\n\n\n\n<div class=\"col-12 col-md-3\">\n\t\t\t\n\n<div class=\"wp-block-mix-blocks-item mix-blog\" data-link=\"https:\/\/www.mixaco.com\/es\/mezcladoras-en-uso\/tipos-de-mezcladora\/mezcladora-conica\/\"><div class=\"mix-blog__wrapper\"><div class=\"mix-blog__image\"><img decoding=\"async\" src=\"https:\/\/www.mixaco.com\/es\/wp-content\/uploads\/sites\/3\/2022\/12\/mezcladores-industriales-mezclador-de-doble-cono-popup.webp\" style=\"height: 100%;;\"\/><\/div><div class=\"mix-blog__content\"><h3>Mezcladora c\u00f3nica<\/h3><p>Eficiencia gracias a los contenedores intercambiables<\/p><a href=\"https:\/\/www.mixaco.com\/es\/mezcladoras-en-uso\/tipos-de-mezcladora\/mezcladora-conica\/\" class=\"btn btn--add\"><span>Saber m\u00e1s<\/span><\/a><\/div><\/div><\/div>\n\n\t<\/div>\n\n\n\n<div class=\"col-12 col-md-3\">\n\t\t\t\n\n<div class=\"wp-block-mix-blocks-item mix-blog\" data-link=\"https:\/\/www.mixaco.com\/es\/mezcladoras-en-uso\/tipos-de-mezcladora\/mezcladora-de-laboratorio\/\"><div class=\"mix-blog__wrapper\"><div class=\"mix-blog__image\"><img decoding=\"async\" src=\"https:\/\/www.mixaco.com\/es\/wp-content\/uploads\/sites\/3\/2022\/12\/mezcladores-industriales-mezclador-de-contenedores-de-laboratorio-popup.webp\" style=\"height: 100%;;\"\/><\/div><div class=\"mix-blog__content\"><h3>Mezcladora de laboratorio<\/h3><p>Mezclado de lotes peque\u00f1os de hasta 50 litros<\/p><a href=\"https:\/\/www.mixaco.com\/es\/mezcladoras-en-uso\/tipos-de-mezcladora\/mezcladora-de-laboratorio\/\" class=\"btn btn--add\"><span>Saber m\u00e1s<\/span><\/a><\/div><\/div><\/div>\n\n\t<\/div>\n\n<\/div>\n\n\n<div class=\"wp-bootstrap-blocks-row row justify-content-between response-margin\">\n\t\n\n<div class=\"col-12 col-md-3\">\n\t\t\t\n\n<div class=\"wp-block-mix-blocks-item mix-blog\" data-link=\"https:\/\/www.mixaco.com\/es\/mezcladoras-en-uso\/tipos-de-mezcladora\/mezcladora-en-seco\/\"><div class=\"mix-blog__wrapper\"><div class=\"mix-blog__image\"><img decoding=\"async\" src=\"https:\/\/www.mixaco.com\/es\/wp-content\/uploads\/sites\/3\/2022\/12\/mezcladores-industriales-mezclador-de-contenedores-vortex-popup.webp\" style=\"height: 100%;;\"\/><\/div><div class=\"mix-blog__content\"><h3>Mezcladora en seco<\/h3><p>Mezclado perfecto de todo tipo de materiales secos<\/p><a href=\"https:\/\/www.mixaco.com\/es\/mezcladoras-en-uso\/tipos-de-mezcladora\/mezcladora-en-seco\/\" class=\"btn btn--add\"><span>Saber m\u00e1s<\/span><\/a><\/div><\/div><\/div>\n\n\t<\/div>\n\n\n\n<div class=\"col-12 col-md-3\">\n\t\t\t\t<\/div>\n\n\n\n<div class=\"col-12 col-md-3\">\n\t\t\t\t<\/div>\n\n<\/div>\n\n\t<\/div>\n\n\n\n<div class=\"col-12 col-md-12 d-flex justify-content-center\">\n\t\t\t\t<\/div>\n\n<\/div>\n\n<\/div>\n\n<\/div>\n\n\n<div class=\"wp-bootstrap-blocks-container container-fluid mb-2\">\n\t\n<div class=\"wp-bootstrap-blocks-container container mb-2 container-section\">\n\t\n<div class=\"wp-bootstrap-blocks-row row\">\n\t\n\n<div class=\"col-12 col-md-12\">\n\t\t\t\n\n<div class=\"wp-block-mix-blocks-faq testimonial-slider\"><div class=\"mix-faq\" data-ride=\"carousel\" id=\"testimonial10\"><h2 class=\"mix-faq__title\">FAQ<\/h2><div class=\"accordion accordion-flush\" id=\"accordionExample\"><div class=\"accordion-item\"><span class=\"testimonial-index\" style=\"display:none\">0<\/span><h2 class=\"accordion-header\" id=\"header_0\"><button class=\"accordion-button\" type=\"button\" data-bs-toggle=\"collapse\" data-bs-target=\"#collapse_0\" aria-expanded=\"true\" aria-controls=\"collapse_0\">\u00bfPuedo probar las mezcladoras antes de la compra?<\/button><\/h2><div id=\"collapse_0\" class=\"accordion-collapse collapse show\" aria-labelledby=\"header_0\" data-bs-parent=\"#accordionExample\"><div class=\"accordion-body\">Puede probar nuestras mezcladoras en nuestro centro de pruebas de forma gratuita y sin compromiso.<\/div><\/div><\/div><div class=\"accordion-item\"><span class=\"testimonial-index\" style=\"display:none\">1<\/span><h2 class=\"accordion-header\" id=\"header_1\"><button class=\"accordion-button\" type=\"button\" data-bs-toggle=\"collapse\" data-bs-target=\"#collapse_1\" aria-expanded=\"false\" aria-controls=\"collapse_1\">\u00bfQu\u00e9 materias primas se pueden mezclar?<\/button><\/h2><div id=\"collapse_1\" class=\"accordion-collapse collapse \" aria-labelledby=\"header_1\" data-bs-parent=\"#accordionExample\"><div class=\"accordion-body\">Nuestras mezcladoras est\u00e1n especializadas en el mezclado de s\u00f3lidos secos.<\/div><\/div><\/div><div class=\"accordion-item\"><span class=\"testimonial-index\" style=\"display:none\">2<\/span><h2 class=\"accordion-header\" id=\"header_2\"><button class=\"accordion-button\" type=\"button\" data-bs-toggle=\"collapse\" data-bs-target=\"#collapse_2\" aria-expanded=\"false\" aria-controls=\"collapse_2\">\u00bfQu\u00e9 cantidades se pueden mezclar?<\/button><\/h2><div id=\"collapse_2\" class=\"accordion-collapse collapse \" aria-labelledby=\"header_2\" data-bs-parent=\"#accordionExample\"><div class=\"accordion-body\">Depende de su aplicaci\u00f3n de mezcla y de otros factores. Los tama\u00f1os de nuestras mezcladoras van de 5 a 10\u2009000 litros.<\/div><\/div><\/div><div class=\"accordion-item\"><span class=\"testimonial-index\" style=\"display:none\">3<\/span><h2 class=\"accordion-header\" id=\"header_3\"><button class=\"accordion-button\" type=\"button\" data-bs-toggle=\"collapse\" data-bs-target=\"#collapse_3\" aria-expanded=\"false\" aria-controls=\"collapse_3\">\u00bfQu\u00e9 servicios ofrecen despu\u00e9s de la compra?<\/button><\/h2><div id=\"collapse_3\" class=\"accordion-collapse collapse \" aria-labelledby=\"header_3\" data-bs-parent=\"#accordionExample\"><div class=\"accordion-body\">Nuestro equipo de servicio t\u00e9cnico est\u00e1 a su disposici\u00f3n en todo momento y le ofrece una respuesta r\u00e1pida y sin complicaciones de sus consultas o pedidos de piezas de repuesto.<\/div><\/div><\/div><\/div><\/div><\/div>\n\n\t<\/div>\n\n<\/div>\n\n<\/div>\n\n<\/div>\n","protected":false},"excerpt":{"rendered":"","protected":false},"author":4,"featured_media":0,"parent":1331,"menu_order":1,"comment_status":"closed","ping_status":"closed","template":"","meta":{"_searchwp_excluded":"","inline_featured_image":false,"kk_blocks_editor_width":"","_kiokenblocks_attr":"","_kiokenblocks_dimensions":"","_vp_format_video_url":"","_vp_image_focal_point":[],"editor_notices":[],"footnotes":""},"class_list":["post-1323","page","type-page","status-publish","hentry"],"yoast_head":"<!-- This site is optimized with the Yoast SEO Premium plugin v27.4 (Yoast SEO v27.4) - https:\/\/yoast.com\/product\/yoast-seo-premium-wordpress\/ -->\n<title>Tipos de mezcladora | MIXACO Espa\u00f1ol<\/title>\n<meta name=\"description\" content=\"Mezcladoras de MIXACO para todos los sectores: mezcladoras de contenedores, mezcladoras en seco, mezcladoras de polvos, mezcladoras de calentamiento y enfriamiento, mezcladoras de laboratorio, mezcladoras intensivas, etc.\" \/>\n<meta name=\"robots\" content=\"index, follow, max-snippet:-1, max-image-preview:large, max-video-preview:-1\" \/>\n<link rel=\"canonical\" href=\"https:\/\/www.mixaco.com\/es\/mezcladoras-en-uso\/tipos-de-mezcladora\/\" \/>\n<meta property=\"og:locale\" content=\"en_US\" \/>\n<meta property=\"og:type\" content=\"article\" \/>\n<meta property=\"og:title\" content=\"Tipos de mezcladora\" \/>\n<meta property=\"og:description\" content=\"Mezcladoras de MIXACO para todos los sectores: mezcladoras de contenedores, mezcladoras en seco, mezcladoras de polvos, mezcladoras de calentamiento y enfriamiento, mezcladoras de laboratorio, mezcladoras intensivas, etc.\" \/>\n<meta property=\"og:url\" content=\"https:\/\/www.mixaco.com\/es\/mezcladoras-en-uso\/tipos-de-mezcladora\/\" \/>\n<meta property=\"og:site_name\" content=\"MIXACO Espa\u00f1ol\" \/>\n<meta property=\"article:modified_time\" content=\"2023-08-18T14:18:25+00:00\" \/>\n<meta property=\"og:image\" content=\"https:\/\/www.mixaco.com\/es\/wp-content\/uploads\/sites\/3\/2022\/12\/Mixaco-fabricado-en-alemania-bandera.svg\" \/>\n<meta name=\"twitter:card\" content=\"summary_large_image\" \/>\n<script type=\"application\/ld+json\" class=\"yoast-schema-graph\">{\"@context\":\"https:\\\/\\\/schema.org\",\"@graph\":[{\"@type\":\"WebPage\",\"@id\":\"https:\\\/\\\/www.mixaco.com\\\/es\\\/mezcladoras-en-uso\\\/tipos-de-mezcladora\\\/\",\"url\":\"https:\\\/\\\/www.mixaco.com\\\/es\\\/mezcladoras-en-uso\\\/tipos-de-mezcladora\\\/\",\"name\":\"Tipos de mezcladora | MIXACO Espa\u00f1ol\",\"isPartOf\":{\"@id\":\"https:\\\/\\\/www.mixaco.com\\\/es\\\/#website\"},\"primaryImageOfPage\":{\"@id\":\"https:\\\/\\\/www.mixaco.com\\\/es\\\/mezcladoras-en-uso\\\/tipos-de-mezcladora\\\/#primaryimage\"},\"image\":{\"@id\":\"https:\\\/\\\/www.mixaco.com\\\/es\\\/mezcladoras-en-uso\\\/tipos-de-mezcladora\\\/#primaryimage\"},\"thumbnailUrl\":\"https:\\\/\\\/www.mixaco.com\\\/es\\\/wp-content\\\/uploads\\\/sites\\\/3\\\/2022\\\/12\\\/Mixaco-fabricado-en-alemania-bandera.svg\",\"datePublished\":\"2022-05-18T08:36:39+00:00\",\"dateModified\":\"2023-08-18T14:18:25+00:00\",\"description\":\"Mezcladoras de MIXACO para todos los sectores: mezcladoras de contenedores, mezcladoras en seco, mezcladoras de polvos, mezcladoras de calentamiento y enfriamiento, mezcladoras de laboratorio, mezcladoras intensivas, etc.\",\"breadcrumb\":{\"@id\":\"https:\\\/\\\/www.mixaco.com\\\/es\\\/mezcladoras-en-uso\\\/tipos-de-mezcladora\\\/#breadcrumb\"},\"inLanguage\":\"en-US\",\"potentialAction\":[{\"@type\":\"ReadAction\",\"target\":[\"https:\\\/\\\/www.mixaco.com\\\/es\\\/mezcladoras-en-uso\\\/tipos-de-mezcladora\\\/\"]}]},{\"@type\":\"ImageObject\",\"inLanguage\":\"en-US\",\"@id\":\"https:\\\/\\\/www.mixaco.com\\\/es\\\/mezcladoras-en-uso\\\/tipos-de-mezcladora\\\/#primaryimage\",\"url\":\"https:\\\/\\\/www.mixaco.com\\\/es\\\/wp-content\\\/uploads\\\/sites\\\/3\\\/2022\\\/12\\\/Mixaco-fabricado-en-alemania-bandera.svg\",\"contentUrl\":\"https:\\\/\\\/www.mixaco.com\\\/es\\\/wp-content\\\/uploads\\\/sites\\\/3\\\/2022\\\/12\\\/Mixaco-fabricado-en-alemania-bandera.svg\"},{\"@type\":\"BreadcrumbList\",\"@id\":\"https:\\\/\\\/www.mixaco.com\\\/es\\\/mezcladoras-en-uso\\\/tipos-de-mezcladora\\\/#breadcrumb\",\"itemListElement\":[{\"@type\":\"ListItem\",\"position\":1,\"name\":\"Inicio\",\"item\":\"https:\\\/\\\/www.mixaco.com\\\/es\\\/\"},{\"@type\":\"ListItem\",\"position\":2,\"name\":\"Mezcladoras en uso\",\"item\":\"https:\\\/\\\/www.mixaco.com\\\/es\\\/mezcladoras-en-uso\\\/\"},{\"@type\":\"ListItem\",\"position\":3,\"name\":\"Tipos de mezcladora\"}]},{\"@type\":\"WebSite\",\"@id\":\"https:\\\/\\\/www.mixaco.com\\\/es\\\/#website\",\"url\":\"https:\\\/\\\/www.mixaco.com\\\/es\\\/\",\"name\":\"MIXACO Espa\u00f1ol\",\"description\":\"Mezcladoras industriales del l\u00edder en innovaci\u00f3n\",\"publisher\":{\"@id\":\"https:\\\/\\\/www.mixaco.com\\\/es\\\/#organization\"},\"potentialAction\":[{\"@type\":\"SearchAction\",\"target\":{\"@type\":\"EntryPoint\",\"urlTemplate\":\"https:\\\/\\\/www.mixaco.com\\\/es\\\/?s={search_term_string}\"},\"query-input\":{\"@type\":\"PropertyValueSpecification\",\"valueRequired\":true,\"valueName\":\"search_term_string\"}}],\"inLanguage\":\"en-US\"},{\"@type\":\"Organization\",\"@id\":\"https:\\\/\\\/www.mixaco.com\\\/es\\\/#organization\",\"name\":\"MIXACO Maschinenbau Dr. Herfeld GmbH & Co. KG\",\"url\":\"https:\\\/\\\/www.mixaco.com\\\/es\\\/\",\"logo\":{\"@type\":\"ImageObject\",\"inLanguage\":\"en-US\",\"@id\":\"https:\\\/\\\/www.mixaco.com\\\/es\\\/#\\\/schema\\\/logo\\\/image\\\/\",\"url\":\"https:\\\/\\\/www.mixaco.com\\\/es\\\/wp-content\\\/uploads\\\/sites\\\/3\\\/2024\\\/11\\\/mixaco-logo.svg\",\"contentUrl\":\"https:\\\/\\\/www.mixaco.com\\\/es\\\/wp-content\\\/uploads\\\/sites\\\/3\\\/2024\\\/11\\\/mixaco-logo.svg\",\"caption\":\"MIXACO Maschinenbau Dr. Herfeld GmbH & Co. KG\"},\"image\":{\"@id\":\"https:\\\/\\\/www.mixaco.com\\\/es\\\/#\\\/schema\\\/logo\\\/image\\\/\"},\"sameAs\":[\"https:\\\/\\\/www.linkedin.com\\\/company\\\/mixaco-maschinenbau\\\/\",\"https:\\\/\\\/www.youtube.com\\\/@mixaco\\\/videos\"]}]}<\/script>\n<!-- \/ Yoast SEO Premium plugin. -->","yoast_head_json":{"title":"Tipos de mezcladora | MIXACO Espa\u00f1ol","description":"Mezcladoras de MIXACO para todos los sectores: mezcladoras de contenedores, mezcladoras en seco, mezcladoras de polvos, mezcladoras de calentamiento y enfriamiento, mezcladoras de laboratorio, mezcladoras intensivas, etc.","robots":{"index":"index","follow":"follow","max-snippet":"max-snippet:-1","max-image-preview":"max-image-preview:large","max-video-preview":"max-video-preview:-1"},"canonical":"https:\/\/www.mixaco.com\/es\/mezcladoras-en-uso\/tipos-de-mezcladora\/","og_locale":"en_US","og_type":"article","og_title":"Tipos de mezcladora","og_description":"Mezcladoras de MIXACO para todos los sectores: mezcladoras de contenedores, mezcladoras en seco, mezcladoras de polvos, mezcladoras de calentamiento y enfriamiento, mezcladoras de laboratorio, mezcladoras intensivas, etc.","og_url":"https:\/\/www.mixaco.com\/es\/mezcladoras-en-uso\/tipos-de-mezcladora\/","og_site_name":"MIXACO Espa\u00f1ol","article_modified_time":"2023-08-18T14:18:25+00:00","og_image":[{"url":"https:\/\/www.mixaco.com\/es\/wp-content\/uploads\/sites\/3\/2022\/12\/Mixaco-fabricado-en-alemania-bandera.svg","type":"","width":"","height":""}],"twitter_card":"summary_large_image","schema":{"@context":"https:\/\/schema.org","@graph":[{"@type":"WebPage","@id":"https:\/\/www.mixaco.com\/es\/mezcladoras-en-uso\/tipos-de-mezcladora\/","url":"https:\/\/www.mixaco.com\/es\/mezcladoras-en-uso\/tipos-de-mezcladora\/","name":"Tipos de mezcladora | MIXACO Espa\u00f1ol","isPartOf":{"@id":"https:\/\/www.mixaco.com\/es\/#website"},"primaryImageOfPage":{"@id":"https:\/\/www.mixaco.com\/es\/mezcladoras-en-uso\/tipos-de-mezcladora\/#primaryimage"},"image":{"@id":"https:\/\/www.mixaco.com\/es\/mezcladoras-en-uso\/tipos-de-mezcladora\/#primaryimage"},"thumbnailUrl":"https:\/\/www.mixaco.com\/es\/wp-content\/uploads\/sites\/3\/2022\/12\/Mixaco-fabricado-en-alemania-bandera.svg","datePublished":"2022-05-18T08:36:39+00:00","dateModified":"2023-08-18T14:18:25+00:00","description":"Mezcladoras de MIXACO para todos los sectores: mezcladoras de contenedores, mezcladoras en seco, mezcladoras de polvos, mezcladoras de calentamiento y enfriamiento, mezcladoras de laboratorio, mezcladoras intensivas, etc.","breadcrumb":{"@id":"https:\/\/www.mixaco.com\/es\/mezcladoras-en-uso\/tipos-de-mezcladora\/#breadcrumb"},"inLanguage":"en-US","potentialAction":[{"@type":"ReadAction","target":["https:\/\/www.mixaco.com\/es\/mezcladoras-en-uso\/tipos-de-mezcladora\/"]}]},{"@type":"ImageObject","inLanguage":"en-US","@id":"https:\/\/www.mixaco.com\/es\/mezcladoras-en-uso\/tipos-de-mezcladora\/#primaryimage","url":"https:\/\/www.mixaco.com\/es\/wp-content\/uploads\/sites\/3\/2022\/12\/Mixaco-fabricado-en-alemania-bandera.svg","contentUrl":"https:\/\/www.mixaco.com\/es\/wp-content\/uploads\/sites\/3\/2022\/12\/Mixaco-fabricado-en-alemania-bandera.svg"},{"@type":"BreadcrumbList","@id":"https:\/\/www.mixaco.com\/es\/mezcladoras-en-uso\/tipos-de-mezcladora\/#breadcrumb","itemListElement":[{"@type":"ListItem","position":1,"name":"Inicio","item":"https:\/\/www.mixaco.com\/es\/"},{"@type":"ListItem","position":2,"name":"Mezcladoras en uso","item":"https:\/\/www.mixaco.com\/es\/mezcladoras-en-uso\/"},{"@type":"ListItem","position":3,"name":"Tipos de mezcladora"}]},{"@type":"WebSite","@id":"https:\/\/www.mixaco.com\/es\/#website","url":"https:\/\/www.mixaco.com\/es\/","name":"MIXACO Espa\u00f1ol","description":"Mezcladoras industriales del l\u00edder en innovaci\u00f3n","publisher":{"@id":"https:\/\/www.mixaco.com\/es\/#organization"},"potentialAction":[{"@type":"SearchAction","target":{"@type":"EntryPoint","urlTemplate":"https:\/\/www.mixaco.com\/es\/?s={search_term_string}"},"query-input":{"@type":"PropertyValueSpecification","valueRequired":true,"valueName":"search_term_string"}}],"inLanguage":"en-US"},{"@type":"Organization","@id":"https:\/\/www.mixaco.com\/es\/#organization","name":"MIXACO Maschinenbau Dr. Herfeld GmbH & Co. KG","url":"https:\/\/www.mixaco.com\/es\/","logo":{"@type":"ImageObject","inLanguage":"en-US","@id":"https:\/\/www.mixaco.com\/es\/#\/schema\/logo\/image\/","url":"https:\/\/www.mixaco.com\/es\/wp-content\/uploads\/sites\/3\/2024\/11\/mixaco-logo.svg","contentUrl":"https:\/\/www.mixaco.com\/es\/wp-content\/uploads\/sites\/3\/2024\/11\/mixaco-logo.svg","caption":"MIXACO Maschinenbau Dr. Herfeld GmbH & Co. KG"},"image":{"@id":"https:\/\/www.mixaco.com\/es\/#\/schema\/logo\/image\/"},"sameAs":["https:\/\/www.linkedin.com\/company\/mixaco-maschinenbau\/","https:\/\/www.youtube.com\/@mixaco\/videos"]}]}},"_links":{"self":[{"href":"https:\/\/www.mixaco.com\/es\/wp-json\/wp\/v2\/pages\/1323","targetHints":{"allow":["GET"]}}],"collection":[{"href":"https:\/\/www.mixaco.com\/es\/wp-json\/wp\/v2\/pages"}],"about":[{"href":"https:\/\/www.mixaco.com\/es\/wp-json\/wp\/v2\/types\/page"}],"author":[{"embeddable":true,"href":"https:\/\/www.mixaco.com\/es\/wp-json\/wp\/v2\/users\/4"}],"replies":[{"embeddable":true,"href":"https:\/\/www.mixaco.com\/es\/wp-json\/wp\/v2\/comments?post=1323"}],"version-history":[{"count":0,"href":"https:\/\/www.mixaco.com\/es\/wp-json\/wp\/v2\/pages\/1323\/revisions"}],"up":[{"embeddable":true,"href":"https:\/\/www.mixaco.com\/es\/wp-json\/wp\/v2\/pages\/1331"}],"wp:attachment":[{"href":"https:\/\/www.mixaco.com\/es\/wp-json\/wp\/v2\/media?parent=1323"}],"curies":[{"name":"wp","href":"https:\/\/api.w.org\/{rel}","templated":true}]}}