{"id":2946,"date":"2025-07-15T11:47:56","date_gmt":"2025-07-15T09:47:56","guid":{"rendered":"https:\/\/www.mixaco.com\/es\/?page_id=2946"},"modified":"2026-03-24T13:53:36","modified_gmt":"2026-03-24T12:53:36","slug":"contact-usa","status":"publish","type":"page","link":"https:\/\/www.mixaco.com\/es\/contact-usa\/","title":{"rendered":"Contacto EE.UU."},"content":{"rendered":"\n<div class=\"wp-block-mix-blocks-sub-nav mix-subnav  hide-close-button\"><div class=\"container\"><div class=\"row\"><div class=\"col-12\"><h3>Meet our U.S. team<\/h3><div class=\"mix-subnav__items\"><div class=\"mix-subnav__item\"><span class=\"testimonial-index\" style=\"display:none\">0<\/span><div class=\"mix-subnav__nav\"><a href=\"#management\" class=\"mix-subnav__link\"><span class=\"mix-subnav__name\">Management<\/span><\/a><\/div><\/div><div class=\"mix-subnav__item\"><span class=\"testimonial-index\" style=\"display:none\">1<\/span><div class=\"mix-subnav__nav\"><a href=\"#sales\" class=\"mix-subnav__link\"><span class=\"mix-subnav__name\">Sales<\/span><\/a><\/div><\/div><div class=\"mix-subnav__item\"><span class=\"testimonial-index\" style=\"display:none\">2<\/span><div class=\"mix-subnav__nav\"><a href=\"#h-servicio\" class=\"mix-subnav__link\"><span class=\"mix-subnav__name\">Service<\/span><\/a><\/div><\/div><span class=\"js-subnav-indicator\"><\/span><\/div><\/div><\/div><\/div><div class=\"mix-subnav__dropdown\"><div class=\"mix-subnav__item--dropdown\"><span class=\"testimonial-index\" style=\"display:none\">0<\/span><div class=\"mix-subnav__nav\"><a href=\"#management\" class=\"mix-subnav__link\"><span class=\"mix-subnav__name\">Management<\/span><\/a><\/div><\/div><div class=\"mix-subnav__item--dropdown\"><span class=\"testimonial-index\" style=\"display:none\">1<\/span><div class=\"mix-subnav__nav\"><a href=\"#sales\" class=\"mix-subnav__link\"><span class=\"mix-subnav__name\">Sales<\/span><\/a><\/div><\/div><div class=\"mix-subnav__item--dropdown\"><span class=\"testimonial-index\" style=\"display:none\">2<\/span><div class=\"mix-subnav__nav\"><a href=\"#h-servicio\" class=\"mix-subnav__link\"><span class=\"mix-subnav__name\">Service<\/span><\/a><\/div><\/div><\/div><button class=\"js-on-back btn btn--reload\" data-back=\"\"><span>Zur\u00fcck zur Produktseite<\/span><\/button><\/div>\n\n\n<div class=\"wp-bootstrap-blocks-container container-fluid mb-2\">\n\t\n<div class=\"wp-bootstrap-blocks-container container mb-2 container-section test\">\n\t\n<div class=\"wp-bootstrap-blocks-row row\">\n\t\n\n<div class=\"col-12 col-md-6 mb-5\">\n\t\t\t\n\n<h1 class=\"wp-block-heading mb-0\" id=\"h-contacto-pongase-en-contacto-con-nuestro-equipo-en-ee-uu\">Contacto <span class=\"light\">\u2013 <\/span>P\u00f3ngase en contacto con nuestro equipo en EE.UU.<\/h1>\n\n\t<\/div>\n\n\n\n<div class=\"col-12 col-md-6\">\n\t\t\t\t<\/div>\n\n<\/div>\n\n<\/div>\n\n<\/div>\n\n\n\n<div class=\"wp-block-mix-blocks-key-visual-text key-visual\" style=\"background-image:url(https:\/\/www.mixaco.com\/wp-content\/uploads\/2022\/08\/mixaco-kontakt-hero.webp);height:100vh\"><div class=\"container-fluid\"><div class=\"row\"><div class=\"key-visual__content\"><\/div><\/div><\/div><div style=\"background-image:url(https:\/\/www.mixaco.com\/wp-content\/uploads\/2022\/08\/mixaco-kontakt-hero.webp)\" class=\"key-visual__image\"><\/div><\/div>\n\n\n\n<span id=\"management\" class=\"hidden-anker\" class=\"wp-block-mix-blocks-anker\"><\/span>\n\n\n<div class=\"wp-bootstrap-blocks-container container-fluid mb-2 container-section light addit-asd\">\n\t\n<div class=\"wp-bootstrap-blocks-container container mb-2\">\n\t\n<div class=\"wp-bootstrap-blocks-row row\">\n\t\n\n<div class=\"col-12 col-md-5 mb-5\">\n\t\t\t\n\n<h2 class=\"wp-block-heading has-black-color has-text-color\" id=\"h-direccion\">Direcci\u00f3n<\/h2>\n\n\t<\/div>\n\n\n\n<div class=\"col-12 col-md-12\">\n\t\t\t\n<div class=\"wp-bootstrap-blocks-row row justify-content-between\">\n\t\n\n<div class=\"col-12 col-md-5 col-lg-3 response-margin-bottom-5\">\n\t\t\t\n\n<div class=\"wp-block-mix-blocks-employee mix-employee\" email=\"frantzen@mixaco.com\"><div class=\"mix-employee__wrapper\"><div class=\"mix-employee__image\"><img decoding=\"async\" src=\"https:\/\/www.mixaco.com\/en\/wp-content\/uploads\/sites\/2\/2025\/06\/Mixaco-Markus-Frantzen-General-Manager-Mixaco-USA-LLC-Teaser_2.webp\"\/><\/div><div class=\"mix-employee__content mix-employee__content--employee\"><h3 class=\"mix-employee__title mix-employee__title--employee\">Markus Frantzen<\/h3><span class=\"mix-employee__text mix-employee__text--employee\">Director General USA<\/span><\/div><div class=\"mix-employee__contact mix-employee__contact--employee\"><a class=\"mix-employee__tel\" href=\"tel: +1 864 331 2323\">+1 864 331 2323<\/a><a class=\"mix-employee__mail\" href=\"mailto:&#102;r&#97;&#110;tz&#101;n&#64;m&#105;x&#97;&#99;o&#46;c&#111;&#109;\">&#102;&#114;a&#110;&#116;z&#101;n&#64;&#109;&#105;x&#97;&#99;&#111;&#46;c&#111;m<\/a><\/div><\/div><\/div>\n\n\t<\/div>\n\n\n\n<div class=\"col-12 col-md-5 col-lg-3 response-margin-bottom-5\">\n\t\t\t\t<\/div>\n\n\n\n<div class=\"col-12 col-md-5 col-lg-3 response-margin-bottom-5\">\n\t\t\t\t<\/div>\n\n<\/div>\n\n\t<\/div>\n\n<\/div>\n\n<\/div>\n\n<\/div>\n\n\n\n<span id=\"sales\" class=\"hidden-anker\" class=\"wp-block-mix-blocks-anker\"><\/span>\n\n\n<div class=\"wp-bootstrap-blocks-container container-fluid mb-2 container-section addit-asd\">\n\t\n<div class=\"wp-bootstrap-blocks-container container mb-2\">\n\t\n<div class=\"wp-bootstrap-blocks-row row\">\n\t\n\n<div class=\"col-12 col-md-5 mb-5\">\n\t\t\t\n\n<h2 class=\"wp-block-heading has-black-color has-text-color\" id=\"h-ventas\">Ventas<\/h2>\n\n\t<\/div>\n\n\n\n<div class=\"col-12 col-md-12\">\n\t\t\t\n<div class=\"wp-bootstrap-blocks-row row justify-content-between\">\n\t\n\n<div class=\"col-12 col-md-5 col-lg-3 response-margin-bottom-5\">\n\t\t\t\n\n<div class=\"wp-block-mix-blocks-employee mix-employee\" email=\"ford@mixaco.com\"><div class=\"mix-employee__wrapper\"><div class=\"mix-employee__image\"><img decoding=\"async\" src=\"https:\/\/www.mixaco.com\/en\/wp-content\/uploads\/sites\/2\/2025\/06\/Mixaco-Ed-Ford.webp\"\/><\/div><div class=\"mix-employee__content mix-employee__content--employee\"><h3 class=\"mix-employee__title mix-employee__title--employee\">Ed Ford<\/h3><span class=\"mix-employee__text mix-employee__text--employee\">Gerente Nacional de Ventas<\/span><\/div><div class=\"mix-employee__contact mix-employee__contact--employee\"><a class=\"mix-employee__tel\" href=\"tel: +1 302 745 3319\">+1 302 745 3319<\/a><a class=\"mix-employee__mail\" href=\"mailto:&#102;&#111;rd&#64;mi&#120;a&#99;o&#46;c&#111;&#109;\">&#102;o&#114;&#100;&#64;&#109;i&#120;&#97;&#99;&#111;.&#99;&#111;&#109;<\/a><\/div><\/div><\/div>\n\n\t<\/div>\n\n\n\n<div class=\"col-12 col-md-5 col-lg-3 response-margin-bottom-5\">\n\t\t\t\n\n<div class=\"wp-block-mix-blocks-employee mix-employee\" email=\"hardin@mixaco.com\"><div class=\"mix-employee__wrapper\"><div class=\"mix-employee__image\"><img decoding=\"async\" src=\"https:\/\/www.mixaco.com\/en\/wp-content\/uploads\/sites\/2\/2025\/06\/Mixaco-Everette-Hardin.webp\"\/><\/div><div class=\"mix-employee__content mix-employee__content--employee\"><h3 class=\"mix-employee__title mix-employee__title--employee\">Everette Hardin<\/h3><span class=\"mix-employee__text mix-employee__text--employee\"><meta charset=\"utf-8\">Gerente Regional de Ventas (Sureste)<\/span><\/div><div class=\"mix-employee__contact mix-employee__contact--employee\"><a class=\"mix-employee__tel\" href=\"tel: +1 864 380 7843\">+1 864 380 7843<\/a><a class=\"mix-employee__mail\" href=\"mailto:&#104;ardin&#64;m&#105;&#120;&#97;&#99;&#111;.com\">&#104;a&#114;din&#64;m&#105;&#120;a&#99;o&#46;com<\/a><\/div><\/div><\/div>\n\n\t<\/div>\n\n\n\n<div class=\"col-12 col-md-5 col-lg-3 response-margin-bottom-5\">\n\t\t\t\n\n<div class=\"wp-block-mix-blocks-employee mix-employee\" email=\"hale@mixaco.com\"><div class=\"mix-employee__wrapper\"><div class=\"mix-employee__image\"><img decoding=\"async\" src=\"https:\/\/www.mixaco.com\/en\/wp-content\/uploads\/sites\/2\/2025\/06\/Mixaco-Sonya-Hale.webp\"\/><\/div><div class=\"mix-employee__content mix-employee__content--employee\"><h3 class=\"mix-employee__title mix-employee__title--employee\">Sonya Hale<\/h3><span class=\"mix-employee__text mix-employee__text--employee\"><meta charset=\"utf-8\">Gerente de Servicio al Cliente<\/span><\/div><div class=\"mix-employee__contact mix-employee__contact--employee\"><a class=\"mix-employee__tel\" href=\"tel: +1 864 331 2322\">+1 864 331 2322<\/a><a class=\"mix-employee__mail\" href=\"mailto:h&#97;le&#64;&#109;i&#120;a&#99;&#111;.&#99;o&#109;\">&#104;&#97;l&#101;&#64;&#109;i&#120;a&#99;o&#46;&#99;o&#109;<\/a><\/div><\/div><\/div>\n\n\t<\/div>\n\n\n\n<div class=\"col-12 col-lg-12 d-none d-lg-block\">\n\t\t\t\t<\/div>\n\n\n\n<div class=\"col-12 col-md-5 col-lg-3 response-margin-bottom\">\n\t\t\t\n\n<div class=\"wp-block-mix-blocks-employee mix-employee\" email=\"ellis@mixaco.com\"><div class=\"mix-employee__wrapper\"><div class=\"mix-employee__image\"><img decoding=\"async\" src=\"https:\/\/www.mixaco.com\/en\/wp-content\/uploads\/sites\/2\/2025\/06\/Mixaco-Maggy-Ellis.webp\"\/><\/div><div class=\"mix-employee__content mix-employee__content--employee\"><h3 class=\"mix-employee__title mix-employee__title--employee\">Maggie Ellis<\/h3><span class=\"mix-employee__text mix-employee__text--employee\">Asistente de Servicio al Cliente<\/span><\/div><div class=\"mix-employee__contact mix-employee__contact--employee\"><a class=\"mix-employee__tel\" href=\"tel: +1 864 331 2320\">+1 864 331 2320<\/a><a class=\"mix-employee__mail\" href=\"mailto:&#101;&#108;li&#115;&#64;m&#105;xa&#99;&#111;.&#99;o&#109;\">&#101;l&#108;i&#115;&#64;&#109;&#105;&#120;&#97;&#99;&#111;.&#99;o&#109;<\/a><\/div><\/div><\/div>\n\n\t<\/div>\n\n\n\n<div class=\"col-12 col-md-5 col-lg-3 response-margin-bottom\">\n\t\t\t\t<\/div>\n\n\n\n<div class=\"col-12 col-md-5 col-lg-3 response-margin-bottom\">\n\t\t\t\t<\/div>\n\n<\/div>\n\n\t<\/div>\n\n<\/div>\n\n\n<div class=\"wp-bootstrap-blocks-row row\">\n\t\n\n<div class=\"col-12 col-md-5 mb-5\">\n\t\t\t\n\n<h2 class=\"wp-block-heading has-black-color has-text-color\" id=\"h-servicio\">Servicio<\/h2>\n\n\t<\/div>\n\n\n\n<div class=\"col-12 col-md-12\">\n\t\t\t\n<div class=\"wp-bootstrap-blocks-row row justify-content-between\">\n\t\n\n<div class=\"col-12 col-md-5 col-lg-3 response-margin-bottom-5\">\n\t\t\t\n\n<div class=\"wp-block-mix-blocks-employee mix-employee\" email=\"service-usa@mixaco.com\"><div class=\"mix-employee__wrapper\"><div class=\"mix-employee__image\"><img decoding=\"async\" src=\"https:\/\/www.mixaco.com\/es\/wp-content\/uploads\/sites\/3\/2026\/03\/Mixaco-Jim-Ehrlich.webp\"\/><\/div><div class=\"mix-employee__content mix-employee__content--employee\"><h3 class=\"mix-employee__title mix-employee__title--employee\">Jim Ehrlich<\/h3><span class=\"mix-employee__text mix-employee__text--employee\">Servicio EE. UU.<\/span><\/div><div class=\"mix-employee__contact mix-employee__contact--employee\"><a class=\"mix-employee__tel\" href=\"tel: +1 864 331 23 20\">+1 864 331 23 20<\/a><a class=\"mix-employee__mail\" href=\"mailto:&#115;e&#114;v&#105;ce-u&#115;a&#64;&#109;&#105;&#120;a&#99;&#111;.&#99;o&#109;\">&#115;er&#118;&#105;ce&#45;&#117;&#115;a&#64;mixac&#111;.c&#111;m<\/a><\/div><\/div><\/div>\n\n\t<\/div>\n\n\n\n<div class=\"col-12 col-md-5 col-lg-3 response-margin-bottom-5\">\n\t\t\t\n\n<div class=\"wp-block-mix-blocks-employee mix-employee\" email=\"service-usa@mixaco.com\"><div class=\"mix-employee__wrapper\"><div class=\"mix-employee__image\"><img decoding=\"async\" src=\"https:\/\/www.mixaco.com\/es\/wp-content\/uploads\/sites\/3\/2026\/03\/Mixaco-Daymon-Phillips.webp\"\/><\/div><div class=\"mix-employee__content mix-employee__content--employee\"><h3 class=\"mix-employee__title mix-employee__title--employee\">Daymon Phillips<\/h3><span class=\"mix-employee__text mix-employee__text--employee\">Servicio EE. UU.<\/span><\/div><div class=\"mix-employee__contact mix-employee__contact--employee\"><a class=\"mix-employee__tel\" href=\"tel: +1 864 331 23 20\">+1 864 331 23 20<\/a><a class=\"mix-employee__mail\" href=\"mailto:&#115;er&#118;&#105;&#99;&#101;&#45;u&#115;a&#64;&#109;&#105;&#120;ac&#111;&#46;&#99;o&#109;\">&#115;&#101;&#114;&#118;&#105;&#99;e&#45;usa&#64;m&#105;x&#97;co&#46;&#99;&#111;m<\/a><\/div><\/div><\/div>\n\n\t<\/div>\n\n\n\n<div class=\"col-12 col-md-5 col-lg-3 response-margin-bottom-5\">\n\t\t\t\t<\/div>\n\n\n\n<div class=\"col-12 col-lg-12 d-none d-lg-block\">\n\t\t\t\t<\/div>\n\n\n\n<div class=\"col-12 col-md-5 col-lg-3 response-margin-bottom\">\n\t\t\t\t<\/div>\n\n\n\n<div class=\"col-12 col-md-5 col-lg-3 response-margin-bottom\">\n\t\t\t\t<\/div>\n\n\n\n<div class=\"col-12 col-md-5 col-lg-3 response-margin-bottom\">\n\t\t\t\t<\/div>\n\n<\/div>\n\n\t<\/div>\n\n<\/div>\n\n<\/div>\n\n<\/div>\n\n\n\n<span id=\"service\" class=\"hidden-anker\" class=\"wp-block-mix-blocks-anker\"><\/span>\n\n\n<div class=\"wp-bootstrap-blocks-container container-fluid mb-2 container-section light addit-asd\">\n\t\n<div class=\"wp-bootstrap-blocks-container container mb-2\">\n\t\n\n<figure class=\"wp-block-image size-full\"><img decoding=\"async\" src=\"https:\/\/www.mixaco.com\/en\/wp-content\/uploads\/sites\/2\/2025\/06\/Mixaco-Test-Center-USA.webp\" alt=\"\" class=\"wp-image-4963\"\/><\/figure>\n\n<\/div>\n\n<\/div>\n\n\n\n<div class=\"wp-block-mix-blocks-section container-fluid mix-section center-background-image hauptstandort-mobile\" style=\"background-image:url(https:\/\/www.mixaco.com\/wp-content\/uploads\/2021\/12\/mixaco-kernaussage-m.svg);height:60vh;background-color:#D9000D\"><div class=\"wp-bootstrap-blocks-container container mb-0\">\n\t\n<div class=\"wp-bootstrap-blocks-row row justify-content-center mb-2 mb-md-3\">\n\t\n\n<div class=\"col-12 col-sm-12 col-md-12\">\n\t\t\t\n\n<h2 class=\"wp-block-heading has-text-align-center has-white-color has-text-color\" id=\"h-nuestras-sedes-principales\">Nuestras sedes principales<\/h2>\n\n\t<\/div>\n\n<\/div>\n\n\n<div class=\"wp-bootstrap-blocks-row row\">\n\t\n\n<div class=\"col-12 col-md-4\">\n\t\t\t\t<\/div>\n\n\n\n<div class=\"col-12 col-md-4\">\n\t\t\t\t<\/div>\n\n\n\n<div class=\"col-12 col-md-4\">\n\t\t\t\t<\/div>\n\n<\/div>\n\n\n<div class=\"wp-bootstrap-blocks-row row justify-content-center px-3 px-md-2\">\n\t\n\n<div class=\"col-12 col-md-4\">\n\t\t\t\n\n<h3 class=\"wp-block-heading min-height-lg has-white-color has-text-color\" id=\"h-mixaco-usa\">MIXACO USA <\/h3>\n\n\n<div class=\"wp-bootstrap-blocks-row row px-0\">\n\t\n\n<div class=\"col-12 col-md-12 col-lg-5\">\n\t\t\t\n\n<p class=\"has-white-color has-text-color\">1784 Poplar Drive <br>Greer, SC 29651 <br>USA<\/p>\n\n\t<\/div>\n\n\n\n<div class=\"col-12 col-md-12 col-lg-7\">\n\t\t\t\n\n<p class=\"mb-1 dark-hover light-color has-white-color has-text-color\"><a href=\"tel:+1 864 331 23 20\"><span class=\"tel\">+1 864 331 23 20<\/span><\/a><br><span class=\"mail\"><a class=\"mix-email-decoded\" href=\"mailto:&#105;nfo&#64;&#109;&#105;xa&#99;o&#46;&#99;&#111;m\">&#105;&#110;&#102;o&#64;mi&#120;&#97;co.co&#109;<\/a><\/span><\/p>\n\n\t<\/div>\n\n<\/div>\n\n\t<\/div>\n\n\n\n<div class=\"col-12 col-md-4\">\n\t\t\t\n\n<h3 class=\"wp-block-heading min-height-lg has-white-color has-text-color\" id=\"h-mixaco-germany\">MIXACO GERMANY<\/h3>\n\n\n<div class=\"wp-bootstrap-blocks-row row mb-5 mb-md-0 px-0\">\n\t\n\n<div class=\"col-12 col-md-12 col-lg-5\">\n\t\t\t\n\n<p class=\"has-white-color has-text-color\">Niederheide 2 <br>58809 Neuenrade<br>Germany<\/p>\n\n\t<\/div>\n\n\n\n<div class=\"col-12 col-md-12 col-lg-7\">\n\t\t\t\n\n<p class=\"dark-hover light-color has-white-color has-text-color\"><a href=\"tel:+49 2392 9644 0\"><span class=\"tel\">+49 2392 9644 0<\/span><br><\/a><span class=\"mail\"><a class=\"mix-email-decoded\" href=\"mailto:inf&#111;&#64;&#109;ixaco&#46;&#100;e\">&#105;n&#102;&#111;&#64;mi&#120;a&#99;&#111;&#46;&#100;&#101;<\/a><\/span><\/p>\n\n\t<\/div>\n\n<\/div>\n\n\t<\/div>\n\n\n\n<div class=\"col-12 col-md-4\">\n\t\t\t\n\n<h3 class=\"wp-block-heading\" id=\"h-mixaco-machinery-technology-changzhou-co-ltd\"><mark style=\"background-color:rgba(0, 0, 0, 0)\" class=\"has-inline-color has-white-color\">MIXACO Machinery Technology<br>(Changzhou) Co., Ltd<\/mark><\/h3>\n\n\n\n<div class=\"wp-block-columns is-layout-flex wp-container-core-columns-is-layout-9d6595d7 wp-block-columns-is-layout-flex\">\n<div class=\"wp-block-column is-layout-flow wp-block-column-is-layout-flow\">\n<p class=\"has-white-color has-text-color\">Unit 1, Plant No. 3, Changzhou GLP Industrial Park, 835 West Hanjiang Road, Changzhou, Jiangsu Province<br>China<\/p>\n\n\n\n<p class=\"has-white-color has-text-color\"><\/p>\n<\/div>\n\n\n\n<div class=\"wp-block-column mb-1 dark-hover light-color has-white-color has-text-color is-layout-flow wp-block-column-is-layout-flow\">\n<p><span class=\"mail\"><a class=\"mix-email-decoded\" href=\"mailto:&#105;nf&#111;&#64;mi&#120;&#97;&#99;&#111;&#46;&#99;n\">&#105;n&#102;&#111;&#64;mi&#120;&#97;c&#111;&#46;c&#110;<\/a><\/span><\/p>\n<\/div>\n<\/div>\n\n\t<\/div>\n\n<\/div>\n\n<\/div>\n<\/div>\n","protected":false},"excerpt":{"rendered":"","protected":false},"author":17,"featured_media":0,"parent":0,"menu_order":0,"comment_status":"closed","ping_status":"closed","template":"","meta":{"_searchwp_excluded":"","inline_featured_image":false,"kk_blocks_editor_width":"","_kiokenblocks_attr":"","_kiokenblocks_dimensions":"","_vp_format_video_url":"","_vp_image_focal_point":[],"editor_notices":[],"footnotes":""},"class_list":["post-2946","page","type-page","status-publish","hentry"],"yoast_head":"<!-- This site is optimized with the Yoast SEO Premium plugin v27.4 (Yoast SEO v27.4) - https:\/\/yoast.com\/product\/yoast-seo-premium-wordpress\/ -->\n<title>Contacto EE.UU. - MIXACO Espa\u00f1ol<\/title>\n<meta name=\"robots\" content=\"index, follow, max-snippet:-1, max-image-preview:large, max-video-preview:-1\" \/>\n<link rel=\"canonical\" href=\"https:\/\/www.mixaco.com\/es\/contact-usa\/\" \/>\n<meta property=\"og:locale\" content=\"en_US\" \/>\n<meta property=\"og:type\" content=\"article\" \/>\n<meta property=\"og:title\" content=\"Contacto EE.UU.\" \/>\n<meta property=\"og:url\" content=\"https:\/\/www.mixaco.com\/es\/contact-usa\/\" \/>\n<meta property=\"og:site_name\" content=\"MIXACO Espa\u00f1ol\" \/>\n<meta property=\"article:modified_time\" content=\"2026-03-24T12:53:36+00:00\" \/>\n<meta property=\"og:image\" content=\"https:\/\/www.mixaco.com\/en\/wp-content\/uploads\/sites\/2\/2025\/06\/Mixaco-Markus-Frantzen-General-Manager-Mixaco-USA-LLC-Teaser_2.webp\" \/>\n<meta name=\"twitter:card\" content=\"summary_large_image\" \/>\n<script type=\"application\/ld+json\" class=\"yoast-schema-graph\">{\"@context\":\"https:\\\/\\\/schema.org\",\"@graph\":[{\"@type\":\"WebPage\",\"@id\":\"https:\\\/\\\/www.mixaco.com\\\/es\\\/contact-usa\\\/\",\"url\":\"https:\\\/\\\/www.mixaco.com\\\/es\\\/contact-usa\\\/\",\"name\":\"Contacto EE.UU. - MIXACO Espa\u00f1ol\",\"isPartOf\":{\"@id\":\"https:\\\/\\\/www.mixaco.com\\\/es\\\/#website\"},\"primaryImageOfPage\":{\"@id\":\"https:\\\/\\\/www.mixaco.com\\\/es\\\/contact-usa\\\/#primaryimage\"},\"image\":{\"@id\":\"https:\\\/\\\/www.mixaco.com\\\/es\\\/contact-usa\\\/#primaryimage\"},\"thumbnailUrl\":\"https:\\\/\\\/www.mixaco.com\\\/en\\\/wp-content\\\/uploads\\\/sites\\\/2\\\/2025\\\/06\\\/Mixaco-Markus-Frantzen-General-Manager-Mixaco-USA-LLC-Teaser_2.webp\",\"datePublished\":\"2025-07-15T09:47:56+00:00\",\"dateModified\":\"2026-03-24T12:53:36+00:00\",\"breadcrumb\":{\"@id\":\"https:\\\/\\\/www.mixaco.com\\\/es\\\/contact-usa\\\/#breadcrumb\"},\"inLanguage\":\"en-US\",\"potentialAction\":[{\"@type\":\"ReadAction\",\"target\":[\"https:\\\/\\\/www.mixaco.com\\\/es\\\/contact-usa\\\/\"]}]},{\"@type\":\"ImageObject\",\"inLanguage\":\"en-US\",\"@id\":\"https:\\\/\\\/www.mixaco.com\\\/es\\\/contact-usa\\\/#primaryimage\",\"url\":\"https:\\\/\\\/www.mixaco.com\\\/en\\\/wp-content\\\/uploads\\\/sites\\\/2\\\/2025\\\/06\\\/Mixaco-Markus-Frantzen-General-Manager-Mixaco-USA-LLC-Teaser_2.webp\",\"contentUrl\":\"https:\\\/\\\/www.mixaco.com\\\/en\\\/wp-content\\\/uploads\\\/sites\\\/2\\\/2025\\\/06\\\/Mixaco-Markus-Frantzen-General-Manager-Mixaco-USA-LLC-Teaser_2.webp\"},{\"@type\":\"BreadcrumbList\",\"@id\":\"https:\\\/\\\/www.mixaco.com\\\/es\\\/contact-usa\\\/#breadcrumb\",\"itemListElement\":[{\"@type\":\"ListItem\",\"position\":1,\"name\":\"Inicio\",\"item\":\"https:\\\/\\\/www.mixaco.com\\\/es\\\/\"},{\"@type\":\"ListItem\",\"position\":2,\"name\":\"Contacto EE.UU.\"}]},{\"@type\":\"WebSite\",\"@id\":\"https:\\\/\\\/www.mixaco.com\\\/es\\\/#website\",\"url\":\"https:\\\/\\\/www.mixaco.com\\\/es\\\/\",\"name\":\"MIXACO Espa\u00f1ol\",\"description\":\"Mezcladoras industriales del l\u00edder en innovaci\u00f3n\",\"publisher\":{\"@id\":\"https:\\\/\\\/www.mixaco.com\\\/es\\\/#organization\"},\"potentialAction\":[{\"@type\":\"SearchAction\",\"target\":{\"@type\":\"EntryPoint\",\"urlTemplate\":\"https:\\\/\\\/www.mixaco.com\\\/es\\\/?s={search_term_string}\"},\"query-input\":{\"@type\":\"PropertyValueSpecification\",\"valueRequired\":true,\"valueName\":\"search_term_string\"}}],\"inLanguage\":\"en-US\"},{\"@type\":\"Organization\",\"@id\":\"https:\\\/\\\/www.mixaco.com\\\/es\\\/#organization\",\"name\":\"MIXACO Maschinenbau Dr. Herfeld GmbH & Co. KG\",\"url\":\"https:\\\/\\\/www.mixaco.com\\\/es\\\/\",\"logo\":{\"@type\":\"ImageObject\",\"inLanguage\":\"en-US\",\"@id\":\"https:\\\/\\\/www.mixaco.com\\\/es\\\/#\\\/schema\\\/logo\\\/image\\\/\",\"url\":\"https:\\\/\\\/www.mixaco.com\\\/es\\\/wp-content\\\/uploads\\\/sites\\\/3\\\/2024\\\/11\\\/mixaco-logo.svg\",\"contentUrl\":\"https:\\\/\\\/www.mixaco.com\\\/es\\\/wp-content\\\/uploads\\\/sites\\\/3\\\/2024\\\/11\\\/mixaco-logo.svg\",\"caption\":\"MIXACO Maschinenbau Dr. Herfeld GmbH & Co. KG\"},\"image\":{\"@id\":\"https:\\\/\\\/www.mixaco.com\\\/es\\\/#\\\/schema\\\/logo\\\/image\\\/\"},\"sameAs\":[\"https:\\\/\\\/www.linkedin.com\\\/company\\\/mixaco-maschinenbau\\\/\",\"https:\\\/\\\/www.youtube.com\\\/@mixaco\\\/videos\"]}]}<\/script>\n<!-- \/ Yoast SEO Premium plugin. -->","yoast_head_json":{"title":"Contacto EE.UU. - MIXACO Espa\u00f1ol","robots":{"index":"index","follow":"follow","max-snippet":"max-snippet:-1","max-image-preview":"max-image-preview:large","max-video-preview":"max-video-preview:-1"},"canonical":"https:\/\/www.mixaco.com\/es\/contact-usa\/","og_locale":"en_US","og_type":"article","og_title":"Contacto EE.UU.","og_url":"https:\/\/www.mixaco.com\/es\/contact-usa\/","og_site_name":"MIXACO Espa\u00f1ol","article_modified_time":"2026-03-24T12:53:36+00:00","og_image":[{"url":"https:\/\/www.mixaco.com\/en\/wp-content\/uploads\/sites\/2\/2025\/06\/Mixaco-Markus-Frantzen-General-Manager-Mixaco-USA-LLC-Teaser_2.webp","type":"","width":"","height":""}],"twitter_card":"summary_large_image","schema":{"@context":"https:\/\/schema.org","@graph":[{"@type":"WebPage","@id":"https:\/\/www.mixaco.com\/es\/contact-usa\/","url":"https:\/\/www.mixaco.com\/es\/contact-usa\/","name":"Contacto EE.UU. - MIXACO Espa\u00f1ol","isPartOf":{"@id":"https:\/\/www.mixaco.com\/es\/#website"},"primaryImageOfPage":{"@id":"https:\/\/www.mixaco.com\/es\/contact-usa\/#primaryimage"},"image":{"@id":"https:\/\/www.mixaco.com\/es\/contact-usa\/#primaryimage"},"thumbnailUrl":"https:\/\/www.mixaco.com\/en\/wp-content\/uploads\/sites\/2\/2025\/06\/Mixaco-Markus-Frantzen-General-Manager-Mixaco-USA-LLC-Teaser_2.webp","datePublished":"2025-07-15T09:47:56+00:00","dateModified":"2026-03-24T12:53:36+00:00","breadcrumb":{"@id":"https:\/\/www.mixaco.com\/es\/contact-usa\/#breadcrumb"},"inLanguage":"en-US","potentialAction":[{"@type":"ReadAction","target":["https:\/\/www.mixaco.com\/es\/contact-usa\/"]}]},{"@type":"ImageObject","inLanguage":"en-US","@id":"https:\/\/www.mixaco.com\/es\/contact-usa\/#primaryimage","url":"https:\/\/www.mixaco.com\/en\/wp-content\/uploads\/sites\/2\/2025\/06\/Mixaco-Markus-Frantzen-General-Manager-Mixaco-USA-LLC-Teaser_2.webp","contentUrl":"https:\/\/www.mixaco.com\/en\/wp-content\/uploads\/sites\/2\/2025\/06\/Mixaco-Markus-Frantzen-General-Manager-Mixaco-USA-LLC-Teaser_2.webp"},{"@type":"BreadcrumbList","@id":"https:\/\/www.mixaco.com\/es\/contact-usa\/#breadcrumb","itemListElement":[{"@type":"ListItem","position":1,"name":"Inicio","item":"https:\/\/www.mixaco.com\/es\/"},{"@type":"ListItem","position":2,"name":"Contacto EE.UU."}]},{"@type":"WebSite","@id":"https:\/\/www.mixaco.com\/es\/#website","url":"https:\/\/www.mixaco.com\/es\/","name":"MIXACO Espa\u00f1ol","description":"Mezcladoras industriales del l\u00edder en innovaci\u00f3n","publisher":{"@id":"https:\/\/www.mixaco.com\/es\/#organization"},"potentialAction":[{"@type":"SearchAction","target":{"@type":"EntryPoint","urlTemplate":"https:\/\/www.mixaco.com\/es\/?s={search_term_string}"},"query-input":{"@type":"PropertyValueSpecification","valueRequired":true,"valueName":"search_term_string"}}],"inLanguage":"en-US"},{"@type":"Organization","@id":"https:\/\/www.mixaco.com\/es\/#organization","name":"MIXACO Maschinenbau Dr. Herfeld GmbH & Co. KG","url":"https:\/\/www.mixaco.com\/es\/","logo":{"@type":"ImageObject","inLanguage":"en-US","@id":"https:\/\/www.mixaco.com\/es\/#\/schema\/logo\/image\/","url":"https:\/\/www.mixaco.com\/es\/wp-content\/uploads\/sites\/3\/2024\/11\/mixaco-logo.svg","contentUrl":"https:\/\/www.mixaco.com\/es\/wp-content\/uploads\/sites\/3\/2024\/11\/mixaco-logo.svg","caption":"MIXACO Maschinenbau Dr. Herfeld GmbH & Co. KG"},"image":{"@id":"https:\/\/www.mixaco.com\/es\/#\/schema\/logo\/image\/"},"sameAs":["https:\/\/www.linkedin.com\/company\/mixaco-maschinenbau\/","https:\/\/www.youtube.com\/@mixaco\/videos"]}]}},"_links":{"self":[{"href":"https:\/\/www.mixaco.com\/es\/wp-json\/wp\/v2\/pages\/2946","targetHints":{"allow":["GET"]}}],"collection":[{"href":"https:\/\/www.mixaco.com\/es\/wp-json\/wp\/v2\/pages"}],"about":[{"href":"https:\/\/www.mixaco.com\/es\/wp-json\/wp\/v2\/types\/page"}],"author":[{"embeddable":true,"href":"https:\/\/www.mixaco.com\/es\/wp-json\/wp\/v2\/users\/17"}],"replies":[{"embeddable":true,"href":"https:\/\/www.mixaco.com\/es\/wp-json\/wp\/v2\/comments?post=2946"}],"version-history":[{"count":8,"href":"https:\/\/www.mixaco.com\/es\/wp-json\/wp\/v2\/pages\/2946\/revisions"}],"predecessor-version":[{"id":3273,"href":"https:\/\/www.mixaco.com\/es\/wp-json\/wp\/v2\/pages\/2946\/revisions\/3273"}],"wp:attachment":[{"href":"https:\/\/www.mixaco.com\/es\/wp-json\/wp\/v2\/media?parent=2946"}],"curies":[{"name":"wp","href":"https:\/\/api.w.org\/{rel}","templated":true}]}}