{"id":2955,"date":"2025-07-15T11:55:47","date_gmt":"2025-07-15T09:55:47","guid":{"rendered":"https:\/\/www.mixaco.com\/es\/?page_id=2955"},"modified":"2025-07-23T15:29:12","modified_gmt":"2025-07-23T13:29:12","slug":"technical-center-usa","status":"publish","type":"page","link":"https:\/\/www.mixaco.com\/es\/mixaco\/technical-center-usa\/","title":{"rendered":"Centro de pruebas USA"},"content":{"rendered":"<div class=\"wp-bootstrap-blocks-container container-fluid mb-2\">\n\t\n<div class=\"wp-bootstrap-blocks-container container mb-2 container-section test\">\n\t\n<div class=\"wp-bootstrap-blocks-row row\">\n\t\n\n<div class=\"col-12 col-md-12\">\n\t\t\t\n<div class=\"wp-bootstrap-blocks-row row\">\n\t\n\n<div class=\"col-12 col-md-6 mb-5\">\n\t\t\t\n\n<h1 class=\"wp-block-heading\" id=\"h-mixaco-test-center-in-greer-carolina-del-sur-ee-uu-prueba-nuestras-mezcladoras-en-nuestro-moderno-centro-de-pruebas\">MIXACO Test Center in Greer, Carolina del Sur (EE.UU). <span class=\"light\">Prueba nuestras mezcladoras en nuestro moderno centro de pruebas.<\/span><\/h1>\n\n\n\n<a href=\"\/en\/free-mixer-trial\/\" class=\"wp-block-mix-blocks-button btn\" style=\"margin:0 0 0 0\"><span>Solicitar prueba de mezcla<\/span><\/a>\n\n\t<\/div>\n\n<\/div>\n\n\t<\/div>\n\n<\/div>\n\n<\/div>\n\n<\/div>\n\n\n\n<div class=\"wp-block-mix-blocks-key-visual-text key-visual\" style=\"background-image:url(https:\/\/www.mixaco.com\/en\/wp-content\/uploads\/sites\/2\/2025\/07\/Mixaco-Banner-Renderings-2-USA.webp);height:150vh\"><div class=\"container-fluid\"><div class=\"row\"><div class=\"key-visual__content\"><\/div><\/div><\/div><div style=\"background-image:url(https:\/\/www.mixaco.com\/en\/wp-content\/uploads\/sites\/2\/2025\/07\/Mixaco-Banner-Renderings-2-USA.webp)\" class=\"key-visual__image\"><\/div><\/div>\n\n\n<div class=\"wp-bootstrap-blocks-container container-fluid mb-0 container-section\">\n\t\n<div class=\"wp-bootstrap-blocks-container container mb-2\">\n\t\n<div class=\"wp-bootstrap-blocks-row row d-flex justify-content-center\">\n\t\n\n<div class=\"col-12 col-sm-12 col-md-8 col-lg-7 col-xl-6\">\n\t\t\t\n\n<h2 class=\"wp-block-heading\" id=\"h-las-grandes-ideas-nacen-en-la-mente-pero-las-soluciones-correctas-solo-se-logran-con-pruebas-el-centro-de-pruebas-de-mixaco-ofrece-estas-soluciones\">Las grandes ideas nacen en la mente, pero las soluciones correctas solo se logran con pruebas.<span class=\"light\"> El Centro de Pruebas de MIXACO ofrece estas soluciones.<br><\/span><\/h2>\n\n\n<div class=\"wp-bootstrap-blocks-row row\">\n\t\n\n<div class=\"col-12 col-sm-12 col-md-12 col-lg-12 col-xl-6 hide-tablet\">\n\t\t\t\n\n<p class=\"hide-tablet\"><meta charset=\"utf-8\">Una caracter\u00edstica esencial de la t\u00e9cnica de mezclado es que no se pueden calcular te\u00f3ricamente los resultados de una mezcla.<\/p>\n\n\n\n<p><meta charset=\"utf-8\">Por ello, son imprescindibles las pruebas con cada formulaci\u00f3n para garantizar la calidad deseada.<\/p>\n\n\n\n<p><meta charset=\"utf-8\"><meta charset=\"utf-8\">Los centros t\u00e9cnicos de MIXACO en Neuenrade (Alemania) y Greer (Carolina del Sur, EE.UU.) ofrecen toda la gama de tecnolog\u00eda de mezclado de \u00faltima generaci\u00f3n para probar el resultado \u00f3ptimo en la pr\u00e1ctica.<\/p>\n\n\t<\/div>\n\n\n\n<div class=\"col-12 col-sm-12 col-md-12 col-lg-12 col-xl-6 hide-tablet\">\n\t\t\t\n\n<p>Nuestros especialistas le ayudar\u00e1n a evaluar los ingredientes de su formulaci\u00f3n respecto a su comportamiento de mezclado y a encontrar los procesos adecuados.<\/p>\n\n\n\n<p>Durante las pruebas, optimizamos el proceso y los par\u00e1metros de mezclado hasta alcanzar el resultado deseado.<\/p>\n\n\n\n<p>Si se requieren opciones como inertizaci\u00f3n con nitr\u00f3geno o carga durante el proceso de mezclado, estas funciones pueden estar disponibles en nuestros centros de prueba.<\/p>\n\n\t<\/div>\n\n<\/div>\n\n\n\n<p>Por ello, son imprescindibles las pruebas con cada formulaci\u00f3n para garantizar la calidad deseada.<\/p>\n\n\n\n<p class=\"hide-desktop\">Los centros t\u00e9cnicos de MIXACO en Neuenrade (Alemania) y Greer (Carolina del Sur, EE.UU.) ofrecen toda la gama de tecnolog\u00eda de mezclado de \u00faltima generaci\u00f3n para probar el resultado \u00f3ptimo en la pr\u00e1ctica.<\/p>\n\n\n\n<p class=\"hide-desktop\">Nuestros especialistas le ayudar\u00e1n a evaluar los ingredientes de su formulaci\u00f3n respecto a su comportamiento de mezclado y a encontrar los procesos adecuados.<\/p>\n\n\n\n<p class=\"hide-desktop\">Durante las pruebas, optimizamos el proceso y los par\u00e1metros de mezclado hasta alcanzar el resultado deseado.<\/p>\n\n\n\n<p class=\"hide-desktop\">Si se requieren opciones como inertizaci\u00f3n con nitr\u00f3geno o carga durante el proceso de mezclado, estas funciones pueden estar disponibles en nuestros centros de prueba.<\/p>\n\n\t<\/div>\n\n<\/div>\n\n<\/div>\n\n<\/div>\n\n\n<div class=\"wp-bootstrap-blocks-container container-fluid mb-0 container-section light\">\n\t\n<div class=\"wp-bootstrap-blocks-container container mb-2\">\n\t\n<div class=\"wp-bootstrap-blocks-row row\">\n\t\n\n<div class=\"col-12 col-sm-12 col-md-12\">\n\t\t\t\n\n<div class=\"wp-block-columns is-layout-flex wp-container-core-columns-is-layout-9d6595d7 wp-block-columns-is-layout-flex\">\n<div class=\"wp-block-column is-layout-flow wp-block-column-is-layout-flow\">\n<h2 class=\"wp-block-heading\" id=\"h-todo-para-el-optimo-control-regsitro-de-datos-y-trazabilidad\">Todo para el optim\u00f3 control. <span class=\"light\">Regsitro de datos y trazabilidad.<\/span><\/h2>\n<\/div>\n\n\n\n<div class=\"wp-block-column is-layout-flow wp-block-column-is-layout-flow\"><\/div>\n<\/div>\n\n\n\n<div class=\"wp-block-mix-blocks-bild mix-image\" style=\"background-image:url(https:\/\/www.mixaco.com\/es\/wp-content\/uploads\/sites\/3\/2025\/07\/MIXACO-Container-Mixer-MT-Test-Center.webp);height:500px;background-size:cover\"><\/div>\n\n\t<\/div>\n\n\n\n<div class=\"col-12 col-sm-12 col-md-12\">\n\t\t\t\n<div class=\"wp-bootstrap-blocks-row row\">\n\t\n\n<div class=\"col-12\">\n\t\t\t\t<\/div>\n\n<\/div>\n\n\n<div class=\"wp-bootstrap-blocks-row row\">\n\t\n\n<div class=\"col-12 col-sm-12 col-md-6 col-lg-6 col-xl-4 mb-5 mb-xl-0\">\n\t\t\t\n\n<p class=\"padding-right\"><meta charset=\"utf-8\">Todos los par\u00e1metros del mezclado, como el uso de materias primas, herramientas adecuadas, pasos de mezclado, tiempo de mezcla y control de temperatura, quedan registrados.<\/p>\n\n\t<\/div>\n\n\n\n<div class=\"col-12 col-sm-12 col-md-6 col-lg-6 col-xl-4 mb-5 mb-xl-0\">\n\t\t\t\n\n<p class=\"padding-right\"><meta charset=\"utf-8\">De este modo, los centros de prueba contribuyen al desarrollo de nuevos productos o a la mejora de los existentes. En nuestro centro de pruebas, ayudamos a optimizar las soluciones antes de que entren en operaci\u00f3n regular.<\/p>\n\n\t<\/div>\n\n\n\n<div class=\"col-12 col-sm-12 col-md-6 col-lg-6 col-xl-4\">\n\t\t\t\n\n<p class=\"padding-right\"><meta charset=\"utf-8\">Los par\u00e1metros de mezclado determinados en el centro de pruebas pueden emplearse posteriormente para controlar una mezcladora MIXACO.<\/p>\n\n\t<\/div>\n\n<\/div>\n\n\t<\/div>\n\n\n\n<div class=\"col-12 col-sm-12 col-md-12 d-flex justify-content-center\">\n\t\t\t\n\n<a href=\"https:\/\/www.mixaco.com\/en\/about-mixaco\/company-profile\/\" class=\"wp-block-mix-blocks-button btn  mb-5 mb-md-2 popmake-1091\" style=\"margin:30px 0 15px 0\"><span>M\u00e1s informaciones sobre MIXACO<\/span><\/a>\n\n\t<\/div>\n\n<\/div>\n\n<\/div>\n\n<\/div>\n\n\n<div class=\"wp-bootstrap-blocks-container container-fluid mb-0 container-section\">\n\t\n<div class=\"wp-bootstrap-blocks-container container mb-2\">\n\t\n<div class=\"wp-bootstrap-blocks-row row\">\n\t\n\n<div class=\"col-12 col-sm-12 col-md-12\">\n\t\t\t\n\n<div class=\"wp-block-columns is-layout-flex wp-container-core-columns-is-layout-9d6595d7 wp-block-columns-is-layout-flex\">\n<div class=\"wp-block-column is-layout-flow wp-block-column-is-layout-flow\">\n<h2 class=\"wp-block-heading\" id=\"h-ingenieria-de-procesos-con-mixaco-para-alcanzar-un-objetivo-de-forma-optima-hay-que-saber-que-paso-dar-en-cada-momento\"><meta charset=\"utf-8\"><\/meta>Ingenier\u00eda de procesos con MIXACO. <mark style=\"background-color:rgba(0, 0, 0, 0)\" class=\"has-inline-color has-gray-color\">Para alcanzar un objetivo de forma \u00f3ptima, hay que saber qu\u00e9 paso dar en cada momento.<\/mark><\/h2>\n<\/div>\n\n\n\n<div class=\"wp-block-column is-layout-flow wp-block-column-is-layout-flow\"><\/div>\n<\/div>\n\n\n\n<div class=\"wp-block-mix-blocks-bild mix-image\" style=\"background-image:url(https:\/\/www.mixaco.com\/en\/wp-content\/uploads\/sites\/2\/2025\/07\/Mixaco-Banner-Renderings-2-USA-1.webp);height:600px;background-size:cover\"><\/div>\n\n\t<\/div>\n\n\n\n<div class=\"col-12 col-sm-12 col-md-12\">\n\t\t\t\n<div class=\"wp-bootstrap-blocks-row row\">\n\t\n\n<div class=\"col-12\">\n\t\t\t\t<\/div>\n\n<\/div>\n\n\n<div class=\"wp-bootstrap-blocks-row row\">\n\t\n\n<div class=\"col-12 col-sm-12 col-md-6 col-lg-6 col-xl-4 mb-5 mb-xl-0\">\n\t\t\t\n\n<h3 class=\"wp-block-heading\" id=\"h-soluciones-de-mezclado-personalizadas\"><strong>Soluciones de mezclado personalizadas<\/strong><\/h3>\n\n\n\n<p class=\"padding-right\"><meta charset=\"utf-8\"><\/meta>La visi\u00f3n de MIXACO va mucho m\u00e1s all\u00e1 de la perspectiva de los fabricantes convencionales. Siempre hemos considerado no solo los procesos de mezclado, sino tambi\u00e9n el proceso completo de fabricaci\u00f3n del producto del cliente.<\/p>\n\n\t<\/div>\n\n\n\n<div class=\"col-12 col-sm-12 col-md-6 col-lg-6 col-xl-4 mb-5 mb-xl-0\">\n\t\t\t\n\n<p class=\"padding-right\"><meta charset=\"utf-8\"><\/meta>Al comprender los requisitos espec\u00edficos, es m\u00e1s f\u00e1cil lograr el resultado \u00f3ptimo. Desarrollos propios patentados, como la mezcladora de contenedor Multitool\u2122 de MIXACO, han revolucionado los procesos de fabricaci\u00f3n en muchas industrias.<\/p>\n\n\t<\/div>\n\n\n\n<div class=\"col-12 col-sm-12 col-md-6 col-lg-6 col-xl-4\">\n\t\t\t\n\n<p class=\"padding-right\"><meta charset=\"utf-8\"><\/meta>Hasta hoy, uno de nuestros principales objetivos es combinar los mejores resultados de mezclado con un manejo sencillo, tiempos de limpieza cortos y un uso \u00f3ptimo de la energ\u00eda. De este modo, se consiguen tasas de producci\u00f3n elevadas y la mejor calidad de mezcla de forma constante.<\/p>\n\n\t<\/div>\n\n<\/div>\n\n\t<\/div>\n\n\n\n<div class=\"col-12 col-sm-12 col-md-12 d-flex justify-content-center\">\n\t\t\t\n\n<a href=\"\/en\/free-mixer-trial\/\" class=\"wp-block-mix-blocks-button btn  mb-5 mb-md-2\" style=\"margin:30px 0 15px 0\"><span>Request Mixing Trial Now<\/span><\/a>\n\n\t<\/div>\n\n<\/div>\n\n<\/div>\n\n<\/div>\n\n\n<div class=\"wp-bootstrap-blocks-container container-fluid mb-0 container-section\">\n\t\n<div class=\"wp-bootstrap-blocks-container container mb-2\">\n\t<\/div>\n\n<\/div>\n\n\n\n<p><\/p>\n\n\n","protected":false},"excerpt":{"rendered":"","protected":false},"author":17,"featured_media":0,"parent":1229,"menu_order":2,"comment_status":"closed","ping_status":"closed","template":"","meta":{"_searchwp_excluded":"","inline_featured_image":false,"kk_blocks_editor_width":"","_kiokenblocks_attr":"","_kiokenblocks_dimensions":"","_vp_format_video_url":"","_vp_image_focal_point":[],"editor_notices":[],"footnotes":""},"class_list":["post-2955","page","type-page","status-publish","hentry"],"yoast_head":"<!-- This site is optimized with the Yoast SEO Premium plugin v27.4 (Yoast SEO v27.4) - https:\/\/yoast.com\/product\/yoast-seo-premium-wordpress\/ -->\n<title>Centro de pruebas USA - MIXACO Espa\u00f1ol<\/title>\n<meta name=\"robots\" content=\"index, follow, max-snippet:-1, max-image-preview:large, max-video-preview:-1\" \/>\n<link rel=\"canonical\" href=\"https:\/\/www.mixaco.com\/es\/mixaco\/technical-center-usa\/\" \/>\n<meta property=\"og:locale\" content=\"en_US\" \/>\n<meta property=\"og:type\" content=\"article\" \/>\n<meta property=\"og:title\" content=\"Centro de pruebas USA\" \/>\n<meta property=\"og:url\" content=\"https:\/\/www.mixaco.com\/es\/mixaco\/technical-center-usa\/\" \/>\n<meta property=\"og:site_name\" content=\"MIXACO Espa\u00f1ol\" \/>\n<meta property=\"article:modified_time\" content=\"2025-07-23T13:29:12+00:00\" \/>\n<meta name=\"twitter:card\" content=\"summary_large_image\" \/>\n<script type=\"application\/ld+json\" class=\"yoast-schema-graph\">{\"@context\":\"https:\\\/\\\/schema.org\",\"@graph\":[{\"@type\":\"WebPage\",\"@id\":\"https:\\\/\\\/www.mixaco.com\\\/es\\\/mixaco\\\/technical-center-usa\\\/\",\"url\":\"https:\\\/\\\/www.mixaco.com\\\/es\\\/mixaco\\\/technical-center-usa\\\/\",\"name\":\"Centro de pruebas USA - MIXACO Espa\u00f1ol\",\"isPartOf\":{\"@id\":\"https:\\\/\\\/www.mixaco.com\\\/es\\\/#website\"},\"datePublished\":\"2025-07-15T09:55:47+00:00\",\"dateModified\":\"2025-07-23T13:29:12+00:00\",\"breadcrumb\":{\"@id\":\"https:\\\/\\\/www.mixaco.com\\\/es\\\/mixaco\\\/technical-center-usa\\\/#breadcrumb\"},\"inLanguage\":\"en-US\",\"potentialAction\":[{\"@type\":\"ReadAction\",\"target\":[\"https:\\\/\\\/www.mixaco.com\\\/es\\\/mixaco\\\/technical-center-usa\\\/\"]}]},{\"@type\":\"BreadcrumbList\",\"@id\":\"https:\\\/\\\/www.mixaco.com\\\/es\\\/mixaco\\\/technical-center-usa\\\/#breadcrumb\",\"itemListElement\":[{\"@type\":\"ListItem\",\"position\":1,\"name\":\"Inicio\",\"item\":\"https:\\\/\\\/www.mixaco.com\\\/es\\\/\"},{\"@type\":\"ListItem\",\"position\":2,\"name\":\"MIXACO Alemania\",\"item\":\"https:\\\/\\\/www.mixaco.com\\\/es\\\/mixaco\\\/\"},{\"@type\":\"ListItem\",\"position\":3,\"name\":\"Centro de pruebas USA\"}]},{\"@type\":\"WebSite\",\"@id\":\"https:\\\/\\\/www.mixaco.com\\\/es\\\/#website\",\"url\":\"https:\\\/\\\/www.mixaco.com\\\/es\\\/\",\"name\":\"MIXACO Espa\u00f1ol\",\"description\":\"Mezcladoras industriales del l\u00edder en innovaci\u00f3n\",\"publisher\":{\"@id\":\"https:\\\/\\\/www.mixaco.com\\\/es\\\/#organization\"},\"potentialAction\":[{\"@type\":\"SearchAction\",\"target\":{\"@type\":\"EntryPoint\",\"urlTemplate\":\"https:\\\/\\\/www.mixaco.com\\\/es\\\/?s={search_term_string}\"},\"query-input\":{\"@type\":\"PropertyValueSpecification\",\"valueRequired\":true,\"valueName\":\"search_term_string\"}}],\"inLanguage\":\"en-US\"},{\"@type\":\"Organization\",\"@id\":\"https:\\\/\\\/www.mixaco.com\\\/es\\\/#organization\",\"name\":\"MIXACO Maschinenbau Dr. Herfeld GmbH & Co. KG\",\"url\":\"https:\\\/\\\/www.mixaco.com\\\/es\\\/\",\"logo\":{\"@type\":\"ImageObject\",\"inLanguage\":\"en-US\",\"@id\":\"https:\\\/\\\/www.mixaco.com\\\/es\\\/#\\\/schema\\\/logo\\\/image\\\/\",\"url\":\"https:\\\/\\\/www.mixaco.com\\\/es\\\/wp-content\\\/uploads\\\/sites\\\/3\\\/2024\\\/11\\\/mixaco-logo.svg\",\"contentUrl\":\"https:\\\/\\\/www.mixaco.com\\\/es\\\/wp-content\\\/uploads\\\/sites\\\/3\\\/2024\\\/11\\\/mixaco-logo.svg\",\"caption\":\"MIXACO Maschinenbau Dr. Herfeld GmbH & Co. KG\"},\"image\":{\"@id\":\"https:\\\/\\\/www.mixaco.com\\\/es\\\/#\\\/schema\\\/logo\\\/image\\\/\"},\"sameAs\":[\"https:\\\/\\\/www.linkedin.com\\\/company\\\/mixaco-maschinenbau\\\/\",\"https:\\\/\\\/www.youtube.com\\\/@mixaco\\\/videos\"]}]}<\/script>\n<!-- \/ Yoast SEO Premium plugin. -->","yoast_head_json":{"title":"Centro de pruebas USA - MIXACO Espa\u00f1ol","robots":{"index":"index","follow":"follow","max-snippet":"max-snippet:-1","max-image-preview":"max-image-preview:large","max-video-preview":"max-video-preview:-1"},"canonical":"https:\/\/www.mixaco.com\/es\/mixaco\/technical-center-usa\/","og_locale":"en_US","og_type":"article","og_title":"Centro de pruebas USA","og_url":"https:\/\/www.mixaco.com\/es\/mixaco\/technical-center-usa\/","og_site_name":"MIXACO Espa\u00f1ol","article_modified_time":"2025-07-23T13:29:12+00:00","twitter_card":"summary_large_image","schema":{"@context":"https:\/\/schema.org","@graph":[{"@type":"WebPage","@id":"https:\/\/www.mixaco.com\/es\/mixaco\/technical-center-usa\/","url":"https:\/\/www.mixaco.com\/es\/mixaco\/technical-center-usa\/","name":"Centro de pruebas USA - MIXACO Espa\u00f1ol","isPartOf":{"@id":"https:\/\/www.mixaco.com\/es\/#website"},"datePublished":"2025-07-15T09:55:47+00:00","dateModified":"2025-07-23T13:29:12+00:00","breadcrumb":{"@id":"https:\/\/www.mixaco.com\/es\/mixaco\/technical-center-usa\/#breadcrumb"},"inLanguage":"en-US","potentialAction":[{"@type":"ReadAction","target":["https:\/\/www.mixaco.com\/es\/mixaco\/technical-center-usa\/"]}]},{"@type":"BreadcrumbList","@id":"https:\/\/www.mixaco.com\/es\/mixaco\/technical-center-usa\/#breadcrumb","itemListElement":[{"@type":"ListItem","position":1,"name":"Inicio","item":"https:\/\/www.mixaco.com\/es\/"},{"@type":"ListItem","position":2,"name":"MIXACO Alemania","item":"https:\/\/www.mixaco.com\/es\/mixaco\/"},{"@type":"ListItem","position":3,"name":"Centro de pruebas USA"}]},{"@type":"WebSite","@id":"https:\/\/www.mixaco.com\/es\/#website","url":"https:\/\/www.mixaco.com\/es\/","name":"MIXACO Espa\u00f1ol","description":"Mezcladoras industriales del l\u00edder en innovaci\u00f3n","publisher":{"@id":"https:\/\/www.mixaco.com\/es\/#organization"},"potentialAction":[{"@type":"SearchAction","target":{"@type":"EntryPoint","urlTemplate":"https:\/\/www.mixaco.com\/es\/?s={search_term_string}"},"query-input":{"@type":"PropertyValueSpecification","valueRequired":true,"valueName":"search_term_string"}}],"inLanguage":"en-US"},{"@type":"Organization","@id":"https:\/\/www.mixaco.com\/es\/#organization","name":"MIXACO Maschinenbau Dr. Herfeld GmbH & Co. KG","url":"https:\/\/www.mixaco.com\/es\/","logo":{"@type":"ImageObject","inLanguage":"en-US","@id":"https:\/\/www.mixaco.com\/es\/#\/schema\/logo\/image\/","url":"https:\/\/www.mixaco.com\/es\/wp-content\/uploads\/sites\/3\/2024\/11\/mixaco-logo.svg","contentUrl":"https:\/\/www.mixaco.com\/es\/wp-content\/uploads\/sites\/3\/2024\/11\/mixaco-logo.svg","caption":"MIXACO Maschinenbau Dr. Herfeld GmbH & Co. KG"},"image":{"@id":"https:\/\/www.mixaco.com\/es\/#\/schema\/logo\/image\/"},"sameAs":["https:\/\/www.linkedin.com\/company\/mixaco-maschinenbau\/","https:\/\/www.youtube.com\/@mixaco\/videos"]}]}},"_links":{"self":[{"href":"https:\/\/www.mixaco.com\/es\/wp-json\/wp\/v2\/pages\/2955","targetHints":{"allow":["GET"]}}],"collection":[{"href":"https:\/\/www.mixaco.com\/es\/wp-json\/wp\/v2\/pages"}],"about":[{"href":"https:\/\/www.mixaco.com\/es\/wp-json\/wp\/v2\/types\/page"}],"author":[{"embeddable":true,"href":"https:\/\/www.mixaco.com\/es\/wp-json\/wp\/v2\/users\/17"}],"replies":[{"embeddable":true,"href":"https:\/\/www.mixaco.com\/es\/wp-json\/wp\/v2\/comments?post=2955"}],"version-history":[{"count":9,"href":"https:\/\/www.mixaco.com\/es\/wp-json\/wp\/v2\/pages\/2955\/revisions"}],"predecessor-version":[{"id":3035,"href":"https:\/\/www.mixaco.com\/es\/wp-json\/wp\/v2\/pages\/2955\/revisions\/3035"}],"up":[{"embeddable":true,"href":"https:\/\/www.mixaco.com\/es\/wp-json\/wp\/v2\/pages\/1229"}],"wp:attachment":[{"href":"https:\/\/www.mixaco.com\/es\/wp-json\/wp\/v2\/media?parent=2955"}],"curies":[{"name":"wp","href":"https:\/\/api.w.org\/{rel}","templated":true}]}}