{"id":2967,"date":"2025-07-15T15:14:07","date_gmt":"2025-07-15T13:14:07","guid":{"rendered":"https:\/\/www.mixaco.com\/es\/?page_id=2967"},"modified":"2025-07-15T15:15:49","modified_gmt":"2025-07-15T13:15:49","slug":"service-usa","status":"publish","type":"page","link":"https:\/\/www.mixaco.com\/es\/mixaco\/service-usa\/","title":{"rendered":"Servicio EE.UU."},"content":{"rendered":"<div class=\"wp-bootstrap-blocks-container container-fluid mb-2\">\n\t\n<div class=\"wp-bootstrap-blocks-container container mb-2 container-section test\">\n\t\n<div class=\"wp-bootstrap-blocks-row row\">\n\t\n\n<div class=\"col-12 col-md-12\">\n\t\t\t\n<div class=\"wp-bootstrap-blocks-row row\">\n\t\n\n<div class=\"col-12 col-md-6 mb-5\">\n\t\t\t\n\n<h1 class=\"wp-block-heading\" id=\"h-en-caso-de-parada-inesperada-de-produccion-nuestro-equipo-de-servicio-en-ee-uu-esta-a-su-disposicion-un-soporte-rapido-y-eficaz-ayuda-a-minimizar-los-tiempos-de-inactividad-y-reducir-costes\">En caso de parada inesperada de producci\u00f3n, nuestro equipo de servicio en EE.UU. est\u00e1 a su disposici\u00f3n. Un soporte r\u00e1pido y eficaz ayuda a minimizar los tiempos de inactividad y reducir costes.<\/h1>\n\n\n\n<a href=\"es\/contact-usa\/\" class=\"wp-block-mix-blocks-button btn\" style=\"margin:0 0 0 0\"><span>contacte con nuestro equipo de ee.uu.<\/span><\/a>\n\n\t<\/div>\n\n<\/div>\n\n\t<\/div>\n\n<\/div>\n\n<\/div>\n\n<\/div>\n\n\n\n<div class=\"wp-block-mix-blocks-key-visual-text key-visual\" style=\"background-image:url(https:\/\/www.mixaco.com\/en\/wp-content\/uploads\/sites\/2\/2024\/11\/mixaco-jobs-field-service-technician.webp);height:100vh\"><div class=\"container-fluid\"><div class=\"row\"><div class=\"key-visual__content\"><\/div><\/div><\/div><div style=\"background-image:url(https:\/\/www.mixaco.com\/en\/wp-content\/uploads\/sites\/2\/2024\/11\/mixaco-jobs-field-service-technician.webp)\" class=\"key-visual__image\"><\/div><\/div>\n\n\n<div class=\"wp-bootstrap-blocks-container container-fluid mb-0 container-section\">\n\t\n<div class=\"wp-bootstrap-blocks-container container mb-2\">\n\t\n<div class=\"wp-bootstrap-blocks-row row\">\n\t\n\n<div class=\"col-12 col-sm-12 col-md-12\">\n\t\t\t\n\n<div class=\"wp-block-columns is-layout-flex wp-container-core-columns-is-layout-9d6595d7 wp-block-columns-is-layout-flex\">\n<div class=\"wp-block-column is-layout-flow wp-block-column-is-layout-flow\">\n<h2 class=\"wp-block-heading\" id=\"h-mixaco-servicio-sus-mezcladoras-siempre-funcionan-de-forma-optima-porque-nuestro-servicio-siempre-esta-a-su-lado\"><meta charset=\"utf-8\">MIXACO Servicio.<mark style=\"background-color:rgba(0, 0, 0, 0)\" class=\"has-inline-color has-gray-color\"> <span class=\"light\">Sus mezcladoras siempre funcionan de forma \u00f3ptima porque nuestro servicio siempre est\u00e1 a su lado.<\/span><\/mark><\/h2>\n<\/div>\n\n\n\n<div class=\"wp-block-column is-layout-flow wp-block-column-is-layout-flow\"><\/div>\n<\/div>\n\n\t<\/div>\n\n\n\n<div class=\"col-12 col-sm-12 col-md-12\">\n\t\t\t\n<div class=\"wp-bootstrap-blocks-row row\">\n\t\n\n<div class=\"col-12 col-sm-12 col-md-6 col-lg-6 col-xl-4 mb-5 mb-xl-0\">\n\t\t\t\n\n<h3 class=\"wp-block-heading\" id=\"h-servicio-integral-y-soporte-24-7\"><strong>Servicio integral y soporte 24\/7<\/strong><\/h3>\n\n\n\n<p class=\"padding-right\">Para garantizar el funcionamiento sin problemas de nuestras mezcladoras, ofrecemos toda la gama de mantenimiento, servicios de reparaci\u00f3n y formaci\u00f3n.<\/p>\n\n\n\n<p>Como dise\u00f1adores de nuestros equipos, podemos identificar y eliminar de forma fiable y r\u00e1pida las fuentes de error.<\/p>\n\n\n\n<p>Los planes de mantenimiento est\u00e1n perfectamente adaptados a la aplicaci\u00f3n de la mezcladora.<\/p>\n\n\t<\/div>\n\n\n\n<div class=\"col-12 col-sm-12 col-md-6 col-lg-6 col-xl-4 mb-5 mb-xl-0\">\n\t\t\t\n\n<h3 class=\"wp-block-heading\" id=\"h-servicio-probado\"><strong>Servicio probado<\/strong><\/h3>\n\n\n\n<p class=\"padding-right\">Con este concepto de servicio probado, nuestros clientes pueden contar con t\u00e9cnicos y asesores experimentados.<\/p>\n\n\n\n<p>El acceso a repuestos o ampliaciones tambi\u00e9n es fluido y r\u00e1pido gracias a nuestra log\u00edstica.<\/p>\n\n\n\n<p>As\u00ed, la disponibilidad y rendimiento de las mezcladoras se mantienen de forma fiable y constante en toda Norteam\u00e9rica.<\/p>\n\n\t<\/div>\n\n\n\n<div class=\"col-12 col-sm-12 col-md-6 col-lg-6 col-xl-4\">\n\t\t\t\n\n<h3 class=\"wp-block-heading\" id=\"h-formacion-practica\"><strong>Formaci\u00f3n pr\u00e1ctica<\/strong><\/h3>\n\n\n\n<p>Tambi\u00e9n compartimos nuestro know-how en tecnolog\u00eda de mezclado. En cursos de formaci\u00f3n en sus instalaciones, transmitimos s\u00f3lidos conocimientos b\u00e1sicos y respuestas concretas sobre las aplicaciones respectivas.<\/p>\n\n\n\n<p>Los seminarios y formaciones est\u00e1n dise\u00f1ados por profesionales para profesionales. Nuestros expertos tambi\u00e9n consideran referencias espec\u00edficas a la industria.<\/p>\n\n\n\n<p>Adem\u00e1s, muestran c\u00f3mo aumentar eficazmente la eficiencia y el alcance de nuestras soluciones.<\/p>\n\n\t<\/div>\n\n<\/div>\n\n\t<\/div>\n\n\n\n<div class=\"col-12 col-sm-12 col-md-12 d-flex justify-content-center\">\n\t\t\t\n\n<a href=\"\/es\/mixaco\/perfil-empresa-usa\/\" class=\"wp-block-mix-blocks-button btn\" style=\"margin:0 0 0 0\"><span>M\u00e1s informaci\u00f3n sobre MIXACO USA<\/span><\/a>\n\n\t<\/div>\n\n<\/div>\n\n<\/div>\n\n<\/div>\n\n\n\n<p><\/p>\n\n\n","protected":false},"excerpt":{"rendered":"","protected":false},"author":17,"featured_media":0,"parent":1229,"menu_order":2,"comment_status":"closed","ping_status":"closed","template":"","meta":{"_searchwp_excluded":"","inline_featured_image":false,"kk_blocks_editor_width":"","_kiokenblocks_attr":"","_kiokenblocks_dimensions":"","_vp_format_video_url":"","_vp_image_focal_point":[],"editor_notices":[],"footnotes":""},"class_list":["post-2967","page","type-page","status-publish","hentry"],"yoast_head":"<!-- This site is optimized with the Yoast SEO Premium plugin v27.4 (Yoast SEO v27.4) - https:\/\/yoast.com\/product\/yoast-seo-premium-wordpress\/ -->\n<title>Servicio EE.UU. - MIXACO Espa\u00f1ol<\/title>\n<meta name=\"robots\" content=\"index, follow, max-snippet:-1, max-image-preview:large, max-video-preview:-1\" \/>\n<link rel=\"canonical\" href=\"https:\/\/www.mixaco.com\/es\/mixaco\/service-usa\/\" \/>\n<meta property=\"og:locale\" content=\"en_US\" \/>\n<meta property=\"og:type\" content=\"article\" \/>\n<meta property=\"og:title\" content=\"Servicio EE.UU.\" \/>\n<meta property=\"og:url\" content=\"https:\/\/www.mixaco.com\/es\/mixaco\/service-usa\/\" \/>\n<meta property=\"og:site_name\" content=\"MIXACO Espa\u00f1ol\" \/>\n<meta property=\"article:modified_time\" content=\"2025-07-15T13:15:49+00:00\" \/>\n<meta name=\"twitter:card\" content=\"summary_large_image\" \/>\n<script type=\"application\/ld+json\" class=\"yoast-schema-graph\">{\"@context\":\"https:\\\/\\\/schema.org\",\"@graph\":[{\"@type\":\"WebPage\",\"@id\":\"https:\\\/\\\/www.mixaco.com\\\/es\\\/mixaco\\\/service-usa\\\/\",\"url\":\"https:\\\/\\\/www.mixaco.com\\\/es\\\/mixaco\\\/service-usa\\\/\",\"name\":\"Servicio EE.UU. - MIXACO Espa\u00f1ol\",\"isPartOf\":{\"@id\":\"https:\\\/\\\/www.mixaco.com\\\/es\\\/#website\"},\"datePublished\":\"2025-07-15T13:14:07+00:00\",\"dateModified\":\"2025-07-15T13:15:49+00:00\",\"breadcrumb\":{\"@id\":\"https:\\\/\\\/www.mixaco.com\\\/es\\\/mixaco\\\/service-usa\\\/#breadcrumb\"},\"inLanguage\":\"en-US\",\"potentialAction\":[{\"@type\":\"ReadAction\",\"target\":[\"https:\\\/\\\/www.mixaco.com\\\/es\\\/mixaco\\\/service-usa\\\/\"]}]},{\"@type\":\"BreadcrumbList\",\"@id\":\"https:\\\/\\\/www.mixaco.com\\\/es\\\/mixaco\\\/service-usa\\\/#breadcrumb\",\"itemListElement\":[{\"@type\":\"ListItem\",\"position\":1,\"name\":\"Inicio\",\"item\":\"https:\\\/\\\/www.mixaco.com\\\/es\\\/\"},{\"@type\":\"ListItem\",\"position\":2,\"name\":\"MIXACO Alemania\",\"item\":\"https:\\\/\\\/www.mixaco.com\\\/es\\\/mixaco\\\/\"},{\"@type\":\"ListItem\",\"position\":3,\"name\":\"Servicio EE.UU.\"}]},{\"@type\":\"WebSite\",\"@id\":\"https:\\\/\\\/www.mixaco.com\\\/es\\\/#website\",\"url\":\"https:\\\/\\\/www.mixaco.com\\\/es\\\/\",\"name\":\"MIXACO Espa\u00f1ol\",\"description\":\"Mezcladoras industriales del l\u00edder en innovaci\u00f3n\",\"publisher\":{\"@id\":\"https:\\\/\\\/www.mixaco.com\\\/es\\\/#organization\"},\"potentialAction\":[{\"@type\":\"SearchAction\",\"target\":{\"@type\":\"EntryPoint\",\"urlTemplate\":\"https:\\\/\\\/www.mixaco.com\\\/es\\\/?s={search_term_string}\"},\"query-input\":{\"@type\":\"PropertyValueSpecification\",\"valueRequired\":true,\"valueName\":\"search_term_string\"}}],\"inLanguage\":\"en-US\"},{\"@type\":\"Organization\",\"@id\":\"https:\\\/\\\/www.mixaco.com\\\/es\\\/#organization\",\"name\":\"MIXACO Maschinenbau Dr. Herfeld GmbH & Co. KG\",\"url\":\"https:\\\/\\\/www.mixaco.com\\\/es\\\/\",\"logo\":{\"@type\":\"ImageObject\",\"inLanguage\":\"en-US\",\"@id\":\"https:\\\/\\\/www.mixaco.com\\\/es\\\/#\\\/schema\\\/logo\\\/image\\\/\",\"url\":\"https:\\\/\\\/www.mixaco.com\\\/es\\\/wp-content\\\/uploads\\\/sites\\\/3\\\/2024\\\/11\\\/mixaco-logo.svg\",\"contentUrl\":\"https:\\\/\\\/www.mixaco.com\\\/es\\\/wp-content\\\/uploads\\\/sites\\\/3\\\/2024\\\/11\\\/mixaco-logo.svg\",\"caption\":\"MIXACO Maschinenbau Dr. Herfeld GmbH & Co. KG\"},\"image\":{\"@id\":\"https:\\\/\\\/www.mixaco.com\\\/es\\\/#\\\/schema\\\/logo\\\/image\\\/\"},\"sameAs\":[\"https:\\\/\\\/www.linkedin.com\\\/company\\\/mixaco-maschinenbau\\\/\",\"https:\\\/\\\/www.youtube.com\\\/@mixaco\\\/videos\"]}]}<\/script>\n<!-- \/ Yoast SEO Premium plugin. -->","yoast_head_json":{"title":"Servicio EE.UU. - MIXACO Espa\u00f1ol","robots":{"index":"index","follow":"follow","max-snippet":"max-snippet:-1","max-image-preview":"max-image-preview:large","max-video-preview":"max-video-preview:-1"},"canonical":"https:\/\/www.mixaco.com\/es\/mixaco\/service-usa\/","og_locale":"en_US","og_type":"article","og_title":"Servicio EE.UU.","og_url":"https:\/\/www.mixaco.com\/es\/mixaco\/service-usa\/","og_site_name":"MIXACO Espa\u00f1ol","article_modified_time":"2025-07-15T13:15:49+00:00","twitter_card":"summary_large_image","schema":{"@context":"https:\/\/schema.org","@graph":[{"@type":"WebPage","@id":"https:\/\/www.mixaco.com\/es\/mixaco\/service-usa\/","url":"https:\/\/www.mixaco.com\/es\/mixaco\/service-usa\/","name":"Servicio EE.UU. - MIXACO Espa\u00f1ol","isPartOf":{"@id":"https:\/\/www.mixaco.com\/es\/#website"},"datePublished":"2025-07-15T13:14:07+00:00","dateModified":"2025-07-15T13:15:49+00:00","breadcrumb":{"@id":"https:\/\/www.mixaco.com\/es\/mixaco\/service-usa\/#breadcrumb"},"inLanguage":"en-US","potentialAction":[{"@type":"ReadAction","target":["https:\/\/www.mixaco.com\/es\/mixaco\/service-usa\/"]}]},{"@type":"BreadcrumbList","@id":"https:\/\/www.mixaco.com\/es\/mixaco\/service-usa\/#breadcrumb","itemListElement":[{"@type":"ListItem","position":1,"name":"Inicio","item":"https:\/\/www.mixaco.com\/es\/"},{"@type":"ListItem","position":2,"name":"MIXACO Alemania","item":"https:\/\/www.mixaco.com\/es\/mixaco\/"},{"@type":"ListItem","position":3,"name":"Servicio EE.UU."}]},{"@type":"WebSite","@id":"https:\/\/www.mixaco.com\/es\/#website","url":"https:\/\/www.mixaco.com\/es\/","name":"MIXACO Espa\u00f1ol","description":"Mezcladoras industriales del l\u00edder en innovaci\u00f3n","publisher":{"@id":"https:\/\/www.mixaco.com\/es\/#organization"},"potentialAction":[{"@type":"SearchAction","target":{"@type":"EntryPoint","urlTemplate":"https:\/\/www.mixaco.com\/es\/?s={search_term_string}"},"query-input":{"@type":"PropertyValueSpecification","valueRequired":true,"valueName":"search_term_string"}}],"inLanguage":"en-US"},{"@type":"Organization","@id":"https:\/\/www.mixaco.com\/es\/#organization","name":"MIXACO Maschinenbau Dr. Herfeld GmbH & Co. KG","url":"https:\/\/www.mixaco.com\/es\/","logo":{"@type":"ImageObject","inLanguage":"en-US","@id":"https:\/\/www.mixaco.com\/es\/#\/schema\/logo\/image\/","url":"https:\/\/www.mixaco.com\/es\/wp-content\/uploads\/sites\/3\/2024\/11\/mixaco-logo.svg","contentUrl":"https:\/\/www.mixaco.com\/es\/wp-content\/uploads\/sites\/3\/2024\/11\/mixaco-logo.svg","caption":"MIXACO Maschinenbau Dr. Herfeld GmbH & Co. KG"},"image":{"@id":"https:\/\/www.mixaco.com\/es\/#\/schema\/logo\/image\/"},"sameAs":["https:\/\/www.linkedin.com\/company\/mixaco-maschinenbau\/","https:\/\/www.youtube.com\/@mixaco\/videos"]}]}},"_links":{"self":[{"href":"https:\/\/www.mixaco.com\/es\/wp-json\/wp\/v2\/pages\/2967","targetHints":{"allow":["GET"]}}],"collection":[{"href":"https:\/\/www.mixaco.com\/es\/wp-json\/wp\/v2\/pages"}],"about":[{"href":"https:\/\/www.mixaco.com\/es\/wp-json\/wp\/v2\/types\/page"}],"author":[{"embeddable":true,"href":"https:\/\/www.mixaco.com\/es\/wp-json\/wp\/v2\/users\/17"}],"replies":[{"embeddable":true,"href":"https:\/\/www.mixaco.com\/es\/wp-json\/wp\/v2\/comments?post=2967"}],"version-history":[{"count":9,"href":"https:\/\/www.mixaco.com\/es\/wp-json\/wp\/v2\/pages\/2967\/revisions"}],"predecessor-version":[{"id":2997,"href":"https:\/\/www.mixaco.com\/es\/wp-json\/wp\/v2\/pages\/2967\/revisions\/2997"}],"up":[{"embeddable":true,"href":"https:\/\/www.mixaco.com\/es\/wp-json\/wp\/v2\/pages\/1229"}],"wp:attachment":[{"href":"https:\/\/www.mixaco.com\/es\/wp-json\/wp\/v2\/media?parent=2967"}],"curies":[{"name":"wp","href":"https:\/\/api.w.org\/{rel}","templated":true}]}}